{"id":490,"date":"2020-03-26T15:04:14","date_gmt":"2020-03-26T15:04:14","guid":{"rendered":"https:\/\/blog.wifimap.io\/?page_id=490"},"modified":"2020-10-12T12:45:59","modified_gmt":"2020-10-12T12:45:59","slug":"countries","status":"publish","type":"page","link":"https:\/\/blog.wifimap.io\/pt\/countries\/","title":{"rendered":"Countries (Online map)"},"content":{"rendered":""},"excerpt":{"rendered":"","protected":false},"author":1,"featured_media":0,"parent":0,"menu_order":0,"comment_status":"closed","ping_status":"closed","template":"","meta":{"_acf_changed":false,"footnotes":""},"class_list":["post-490","page","type-page","status-publish","hentry"],"acf":{"title":"WiFi Map - #1 WiFi finder gr\u00e1tis","description":"A nossa miss\u00e3o - Conectar o mundo uma rede WiFi de cada vez. Come\u00e7\u00e1mos em 2014 e agora somos a principal ferramenta de conectividade com a Internet.","item_1_title":"WiFi Finder","item_1_descr":"A nossa aplica\u00e7\u00e3o WiFi Finder facilita a localiza\u00e7\u00e3o e a conex\u00e3o com redes Wi-Fi gratuitas, para que possa obter uma Internet r\u00e1pida e confi\u00e1vel em qualquer lugar em que compra, janta e viaja.","item_2_title":"Mapas Offline","item_2_descr":"Fa\u00e7a download de \u00e1reas e navegue offline. Se estiver a ir para onde a Internet \u00e9 lenta, os dados m\u00f3veis s\u00e3o caros ou n\u00e3o pode ficar online, voc\u00ea pode salvar uma \u00e1rea do WiFi Map no seu telefone ou tablet e us\u00e1-lo quando estiver offline.","item_3_title":"Servidor de dados","item_3_descr":"Use menos ddos com o Data Saver do WiFi Map. Voc\u00ea pode diminuir sua conta telef\u00f3nica ou carregar p\u00e1ginas da Web mais rapidamente em liga\u00e7\u00f5es lentas, reduzindo a quantidade de dados que seu dispositivo usa.","item_4_title":"VPN","item_4_descr":"O WiFi Map oferece acesso privado \u00e0 Internet para sua seguran\u00e7a e privacidade. A VPN \u00e9 uma rede virtual privada que permite que tenha uma conex\u00e3o segura entre o dispositivo e um servidor da Internet que ningu\u00e9m possa monitorar ou acder aos os dados que est\u00e1 a trocar.","meta_keywords":"wifi gr\u00e1tis, mapa wifi, senha wifi, redes wifi gr\u00e1tis, hotspots wifi gratuitos","og_title":"WiFi Map - #1 WiFi finder gr\u00e1tis","og_descr":"A nossa miss\u00e3o - Conectar o mundo uma rede WiFi de cada vez. Come\u00e7\u00e1mos em 2014 e agora somos a principal ferramenta de conectividade com a Internet.","free_wifi":"WiFi Gr\u00e1tis","select_your_location":"Selecione a sua localiza\u00e7\u00e3o","north_america":"Am\u00e9rica do Norte","south_america":"Am\u00e9rica do Sul","europe":"Europa","asia_pacific":"\u00c1sia-Pac\u00edfico","middle_east":"M\u00e9dio Oriente","africa":"\u00c1frica","content_title":"WiFi Map - #1 Localizador de WiFi","content_description":"A nossa miss\u00e3o - Conectar o mundo uma rede WiFi de cada vez. Come\u00e7\u00e1mos em 2014 e agora somos a principal ferramenta de conectividade com a Internet."},"yoast_head":"<!-- This site is optimized with the Yoast SEO plugin v27.6 - https:\/\/yoast.com\/product\/yoast-seo-wordpress\/ -->\n<title>Countries (Online map)<\/title>\n<meta name=\"robots\" content=\"noindex, nofollow\" \/>\n<meta property=\"og:locale\" content=\"pt_PT\" \/>\n<meta property=\"og:locale:alternate\" content=\"en_US\" \/>\n<meta property=\"og:locale:alternate\" content=\"ru_RU\" \/>\n<meta property=\"og:locale:alternate\" content=\"de_DE\" \/>\n<meta property=\"og:locale:alternate\" content=\"fr_FR\" \/>\n<meta property=\"og:locale:alternate\" content=\"es-ES\" \/>\n<meta property=\"og:locale:alternate\" content=\"in_ID\" \/>\n<meta property=\"og:type\" content=\"article\" \/>\n<meta property=\"og:title\" content=\"Countries (Online map)\" \/>\n<meta property=\"og:url\" content=\"https:\/\/blog.wifimap.io\/pt\/countries\/\" \/>\n<meta property=\"og:site_name\" content=\"WiFi Map Blog\" \/>\n<meta property=\"article:publisher\" content=\"https:\/\/www.facebook.com\/wifimap.io\/\" \/>\n<meta property=\"article:modified_time\" content=\"2020-10-12T12:45:59+00:00\" \/>\n<meta name=\"twitter:card\" content=\"summary_large_image\" \/>\n<script type=\"application\/ld+json\" class=\"yoast-schema-graph\">{\"@context\":\"https:\\\/\\\/schema.org\",\"@graph\":[{\"@type\":\"WebPage\",\"@id\":\"https:\\\/\\\/blog.wifimap.io\\\/countries\\\/\",\"url\":\"https:\\\/\\\/blog.wifimap.io\\\/countries\\\/\",\"name\":\"Countries (Online map)\",\"isPartOf\":{\"@id\":\"https:\\\/\\\/172.31.172.52:8080\\\/#website\"},\"datePublished\":\"2020-03-26T15:04:14+00:00\",\"dateModified\":\"2020-10-12T12:45:59+00:00\",\"breadcrumb\":{\"@id\":\"https:\\\/\\\/blog.wifimap.io\\\/countries\\\/#breadcrumb\"},\"inLanguage\":\"pt-PT\",\"potentialAction\":[{\"@type\":\"ReadAction\",\"target\":[\"https:\\\/\\\/blog.wifimap.io\\\/countries\\\/\"]}]},{\"@type\":\"BreadcrumbList\",\"@id\":\"https:\\\/\\\/blog.wifimap.io\\\/countries\\\/#breadcrumb\",\"itemListElement\":[{\"@type\":\"ListItem\",\"position\":1,\"name\":\"Home\",\"item\":\"https:\\\/\\\/172.31.172.52:8080\\\/\"},{\"@type\":\"ListItem\",\"position\":2,\"name\":\"Countries (Online map)\"}]},{\"@type\":\"WebSite\",\"@id\":\"https:\\\/\\\/172.31.172.52:8080\\\/#website\",\"url\":\"https:\\\/\\\/172.31.172.52:8080\\\/\",\"name\":\"WiFiMap Blog\",\"description\":\"WiFi Map Blog\",\"publisher\":{\"@id\":\"https:\\\/\\\/172.31.172.52:8080\\\/#organization\"},\"potentialAction\":[{\"@type\":\"SearchAction\",\"target\":{\"@type\":\"EntryPoint\",\"urlTemplate\":\"https:\\\/\\\/172.31.172.52:8080\\\/?s={search_term_string}\"},\"query-input\":{\"@type\":\"PropertyValueSpecification\",\"valueRequired\":true,\"valueName\":\"search_term_string\"}}],\"inLanguage\":\"pt-PT\"},{\"@type\":\"Organization\",\"@id\":\"https:\\\/\\\/172.31.172.52:8080\\\/#organization\",\"name\":\"WiFiMap\",\"url\":\"https:\\\/\\\/172.31.172.52:8080\\\/\",\"logo\":{\"@type\":\"ImageObject\",\"inLanguage\":\"pt-PT\",\"@id\":\"https:\\\/\\\/172.31.172.52:8080\\\/#\\\/schema\\\/logo\\\/image\\\/\",\"url\":\"https:\\\/\\\/blog.wifimap.io\\\/wp-content\\\/uploads\\\/2018\\\/12\\\/logo@2x.png\",\"contentUrl\":\"https:\\\/\\\/blog.wifimap.io\\\/wp-content\\\/uploads\\\/2018\\\/12\\\/logo@2x.png\",\"width\":320,\"height\":70,\"caption\":\"WiFiMap\"},\"image\":{\"@id\":\"https:\\\/\\\/172.31.172.52:8080\\\/#\\\/schema\\\/logo\\\/image\\\/\"},\"sameAs\":[\"https:\\\/\\\/www.facebook.com\\\/wifimap.io\\\/\"]}]}<\/script>\n<!-- \/ Yoast SEO plugin. -->","yoast_head_json":{"title":"Countries (Online map)","robots":{"index":"noindex","follow":"nofollow"},"og_locale":"pt_PT","og_type":"article","og_title":"[:en]Countries (Online map)[:ru]Countries (Online map)[:de]Countries (Online map)[:fr]Countries (Online map)[:pt]Countries (Online map)[:es]Countries (Online map)[:id]Countries (Online map)[:] - WiFi Map Blog","og_url":"https:\/\/blog.wifimap.io\/pt\/countries\/","og_site_name":"WiFi Map Blog","article_publisher":"https:\/\/www.facebook.com\/wifimap.io\/","article_modified_time":"2020-10-12T12:45:59+00:00","twitter_card":"summary_large_image","schema":{"@context":"https:\/\/schema.org","@graph":[{"@type":"WebPage","@id":"https:\/\/blog.wifimap.io\/countries\/","url":"https:\/\/blog.wifimap.io\/countries\/","name":"Countries (Online map)","isPartOf":{"@id":"https:\/\/172.31.172.52:8080\/#website"},"datePublished":"2020-03-26T15:04:14+00:00","dateModified":"2020-10-12T12:45:59+00:00","breadcrumb":{"@id":"https:\/\/blog.wifimap.io\/countries\/#breadcrumb"},"inLanguage":"pt-PT","potentialAction":[{"@type":"ReadAction","target":["https:\/\/blog.wifimap.io\/countries\/"]}]},{"@type":"BreadcrumbList","@id":"https:\/\/blog.wifimap.io\/countries\/#breadcrumb","itemListElement":[{"@type":"ListItem","position":1,"name":"Home","item":"https:\/\/172.31.172.52:8080\/"},{"@type":"ListItem","position":2,"name":"Countries (Online map)"}]},{"@type":"WebSite","@id":"https:\/\/172.31.172.52:8080\/#website","url":"https:\/\/172.31.172.52:8080\/","name":"WiFiMap Blog","description":"WiFi Map Blog","publisher":{"@id":"https:\/\/172.31.172.52:8080\/#organization"},"potentialAction":[{"@type":"SearchAction","target":{"@type":"EntryPoint","urlTemplate":"https:\/\/172.31.172.52:8080\/?s={search_term_string}"},"query-input":{"@type":"PropertyValueSpecification","valueRequired":true,"valueName":"search_term_string"}}],"inLanguage":"pt-PT"},{"@type":"Organization","@id":"https:\/\/172.31.172.52:8080\/#organization","name":"WiFiMap","url":"https:\/\/172.31.172.52:8080\/","logo":{"@type":"ImageObject","inLanguage":"pt-PT","@id":"https:\/\/172.31.172.52:8080\/#\/schema\/logo\/image\/","url":"https:\/\/blog.wifimap.io\/wp-content\/uploads\/2018\/12\/logo@2x.png","contentUrl":"https:\/\/blog.wifimap.io\/wp-content\/uploads\/2018\/12\/logo@2x.png","width":320,"height":70,"caption":"WiFiMap"},"image":{"@id":"https:\/\/172.31.172.52:8080\/#\/schema\/logo\/image\/"},"sameAs":["https:\/\/www.facebook.com\/wifimap.io\/"]}]}},"_links":{"self":[{"href":"https:\/\/blog.wifimap.io\/pt\/wp-json\/wp\/v2\/pages\/490","targetHints":{"allow":["GET"]}}],"collection":[{"href":"https:\/\/blog.wifimap.io\/pt\/wp-json\/wp\/v2\/pages"}],"about":[{"href":"https:\/\/blog.wifimap.io\/pt\/wp-json\/wp\/v2\/types\/page"}],"author":[{"embeddable":true,"href":"https:\/\/blog.wifimap.io\/pt\/wp-json\/wp\/v2\/users\/1"}],"replies":[{"embeddable":true,"href":"https:\/\/blog.wifimap.io\/pt\/wp-json\/wp\/v2\/comments?post=490"}],"version-history":[{"count":39,"href":"https:\/\/blog.wifimap.io\/pt\/wp-json\/wp\/v2\/pages\/490\/revisions"}],"predecessor-version":[{"id":3164,"href":"https:\/\/blog.wifimap.io\/pt\/wp-json\/wp\/v2\/pages\/490\/revisions\/3164"}],"wp:attachment":[{"href":"https:\/\/blog.wifimap.io\/pt\/wp-json\/wp\/v2\/media?parent=490"}],"curies":[{"name":"wp","href":"https:\/\/api.w.org\/{rel}","templated":true}]}}