{"id":1210,"date":"2020-04-13T13:04:32","date_gmt":"2020-04-13T13:04:32","guid":{"rendered":"https:\/\/blog.wifimap.io\/?page_id=1210"},"modified":"2020-09-29T16:19:03","modified_gmt":"2020-09-29T16:19:03","slug":"city","status":"publish","type":"page","link":"https:\/\/blog.wifimap.io\/pt\/city\/","title":{"rendered":"City"},"content":{"rendered":""},"excerpt":{"rendered":"","protected":false},"author":1,"featured_media":0,"parent":0,"menu_order":0,"comment_status":"closed","ping_status":"closed","template":"","meta":{"_acf_changed":false,"footnotes":""},"class_list":["post-1210","page","type-page","status-publish","hentry"],"acf":{"og_title":"WiFi Map - #1 WiFi Finder","og_descr":"Ligue-se a todos os pontos de acesso Wi-Fi gratuito usando a aplica\u00e7\u00e3o WiFi Map em todo o mundo!","meta_keywords":"wifi gr\u00e1tis, mapa wifi, senha wifi, redes wifi gr\u00e1tis, hotspots wifi gratuitos","title":"WiFi Map - #1 WiFi Finder","description":"Ligue-se a todos os pontos de acesso Wi-Fi gratuito usando a aplica\u00e7\u00e3o WiFi Map em todo o mundo!","usu":"Use! Partilhe! Atualize","love_free_wifi":"Se gosta de Wi-Fi gr\u00e1tis tanto quanto n\u00f3s e deseja ajudar outras pessoas a encontrar Wi-Fi gr\u00e1tis e confi\u00e1vel, voc\u00ea est\u00e1 no lugar certo. Pessoas reais adicionam milh\u00f5es de novos WiFis e voc\u00ea tamb\u00e9m pode!","learn_more":"Saiba mais sobre o Wifi Map","can_get_open":"Onde voc\u00ea pode obter a Internet aberta em","cities_near":"Cidades com WiFi gr\u00e1tis perto","free_wifis":"WiFi gr\u00e1tis","free_wifis_in":"WiFi gr\u00e1tis em","connect_with":"Ligue-se com os melhores hotspots WiFi em","expand":"Expandir","features":"Funcionalidades WiFi Map","finder":"WiFi Finder","our_wifi_finder":"A nossa aplica\u00e7\u00e3o WiFi Finder facilita a localiza\u00e7\u00e3o e a conex\u00e3o com redes Wi-Fi gratuitas, para que possa obter uma Internet r\u00e1pida e confi\u00e1vel em qualquer lugar em que compra, janta e viaja.","offline_maps":"Mapas Offline","download_areas":"Fa\u00e7a download de \u00e1reas e navegue offline. Se estiver a ir para onde a Internet \u00e9 lenta, os dados m\u00f3veis s\u00e3o caros ou n\u00e3o pode ficar online, voc\u00ea pode salvar uma \u00e1rea do WiFi Map no seu telefone ou tablet e us\u00e1-lo quando estiver offline.","data_saver":"Servidor de dados","use_less_data":"Use menos ddos com o Data Saver do WiFi Map. Voc\u00ea pode diminuir sua conta telef\u00f3nica ou carregar p\u00e1ginas da Web mais rapidamente em liga\u00e7\u00f5es lentas, reduzindo a quantidade de dados que seu dispositivo usa.","vpn":"VPN","offers":"O WiFi Map oferece acesso privado \u00e0 Internet para sua seguran\u00e7a e privacidade. A VPN \u00e9 uma rede virtual privada que permite que tenha uma conex\u00e3o segura entre o dispositivo e um servidor da Internet que ningu\u00e9m possa monitorar ou acder aos os dados que est\u00e1 a trocar.","more":"Tenha mais com a aplica\u00e7\u00e3o WiFi Map","loading":"A carregar","cities_near_in":"Cidades com WiFi gr\u00e1tis em","show_all_cities":"Mostrar todas as cidades","where_open_internet":"Onde voc\u00ea pode obter a Internet aberta em"},"yoast_head":"<!-- This site is optimized with the Yoast SEO plugin v27.3 - https:\/\/yoast.com\/product\/yoast-seo-wordpress\/ -->\n<title>City<\/title>\n<meta name=\"robots\" content=\"noindex, nofollow\" \/>\n<meta property=\"og:locale\" content=\"pt_PT\" \/>\n<meta property=\"og:locale:alternate\" content=\"en_US\" \/>\n<meta property=\"og:locale:alternate\" content=\"ru_RU\" \/>\n<meta property=\"og:locale:alternate\" content=\"de_DE\" \/>\n<meta property=\"og:locale:alternate\" content=\"fr_FR\" \/>\n<meta property=\"og:locale:alternate\" content=\"es-ES\" \/>\n<meta property=\"og:locale:alternate\" content=\"in_ID\" \/>\n<meta property=\"og:type\" content=\"article\" \/>\n<meta property=\"og:title\" content=\"City\" \/>\n<meta property=\"og:url\" content=\"https:\/\/blog.wifimap.io\/pt\/city\/\" \/>\n<meta property=\"og:site_name\" content=\"WiFi Map Blog\" \/>\n<meta property=\"article:publisher\" content=\"https:\/\/www.facebook.com\/wifimap.io\/\" \/>\n<meta property=\"article:modified_time\" content=\"2020-09-29T16:19:03+00:00\" \/>\n<meta name=\"twitter:card\" content=\"summary_large_image\" \/>\n<script type=\"application\/ld+json\" class=\"yoast-schema-graph\">{\"@context\":\"https:\\\/\\\/schema.org\",\"@graph\":[{\"@type\":\"WebPage\",\"@id\":\"https:\\\/\\\/blog.wifimap.io\\\/city\\\/\",\"url\":\"https:\\\/\\\/blog.wifimap.io\\\/city\\\/\",\"name\":\"City\",\"isPartOf\":{\"@id\":\"https:\\\/\\\/blog.wifimap.io\\\/#website\"},\"datePublished\":\"2020-04-13T13:04:32+00:00\",\"dateModified\":\"2020-09-29T16:19:03+00:00\",\"breadcrumb\":{\"@id\":\"https:\\\/\\\/blog.wifimap.io\\\/city\\\/#breadcrumb\"},\"inLanguage\":\"pt-PT\",\"potentialAction\":[{\"@type\":\"ReadAction\",\"target\":[\"https:\\\/\\\/blog.wifimap.io\\\/city\\\/\"]}]},{\"@type\":\"BreadcrumbList\",\"@id\":\"https:\\\/\\\/blog.wifimap.io\\\/city\\\/#breadcrumb\",\"itemListElement\":[{\"@type\":\"ListItem\",\"position\":1,\"name\":\"Home\",\"item\":\"https:\\\/\\\/blog.wifimap.io\\\/\"},{\"@type\":\"ListItem\",\"position\":2,\"name\":\"City\"}]},{\"@type\":\"WebSite\",\"@id\":\"https:\\\/\\\/blog.wifimap.io\\\/#website\",\"url\":\"https:\\\/\\\/blog.wifimap.io\\\/\",\"name\":\"WiFiMap Blog\",\"description\":\"WiFi Map Blog\",\"publisher\":{\"@id\":\"https:\\\/\\\/blog.wifimap.io\\\/#organization\"},\"potentialAction\":[{\"@type\":\"SearchAction\",\"target\":{\"@type\":\"EntryPoint\",\"urlTemplate\":\"https:\\\/\\\/blog.wifimap.io\\\/?s={search_term_string}\"},\"query-input\":{\"@type\":\"PropertyValueSpecification\",\"valueRequired\":true,\"valueName\":\"search_term_string\"}}],\"inLanguage\":\"pt-PT\"},{\"@type\":\"Organization\",\"@id\":\"https:\\\/\\\/blog.wifimap.io\\\/#organization\",\"name\":\"WiFiMap\",\"url\":\"https:\\\/\\\/blog.wifimap.io\\\/\",\"logo\":{\"@type\":\"ImageObject\",\"inLanguage\":\"pt-PT\",\"@id\":\"https:\\\/\\\/blog.wifimap.io\\\/#\\\/schema\\\/logo\\\/image\\\/\",\"url\":\"https:\\\/\\\/blog.wifimap.io\\\/wp-content\\\/uploads\\\/2018\\\/12\\\/logo@2x.png\",\"contentUrl\":\"https:\\\/\\\/blog.wifimap.io\\\/wp-content\\\/uploads\\\/2018\\\/12\\\/logo@2x.png\",\"width\":320,\"height\":70,\"caption\":\"WiFiMap\"},\"image\":{\"@id\":\"https:\\\/\\\/blog.wifimap.io\\\/#\\\/schema\\\/logo\\\/image\\\/\"},\"sameAs\":[\"https:\\\/\\\/www.facebook.com\\\/wifimap.io\\\/\"]}]}<\/script>\n<!-- \/ Yoast SEO plugin. -->","yoast_head_json":{"title":"City","robots":{"index":"noindex","follow":"nofollow"},"og_locale":"pt_PT","og_type":"article","og_title":"[:en]City[:ru]City[:de]City[:fr]City[:pt]City[:es]City[:id]City[:] - WiFi Map Blog","og_url":"https:\/\/blog.wifimap.io\/pt\/city\/","og_site_name":"WiFi Map Blog","article_publisher":"https:\/\/www.facebook.com\/wifimap.io\/","article_modified_time":"2020-09-29T16:19:03+00:00","twitter_card":"summary_large_image","schema":{"@context":"https:\/\/schema.org","@graph":[{"@type":"WebPage","@id":"https:\/\/blog.wifimap.io\/city\/","url":"https:\/\/blog.wifimap.io\/city\/","name":"City","isPartOf":{"@id":"https:\/\/blog.wifimap.io\/#website"},"datePublished":"2020-04-13T13:04:32+00:00","dateModified":"2020-09-29T16:19:03+00:00","breadcrumb":{"@id":"https:\/\/blog.wifimap.io\/city\/#breadcrumb"},"inLanguage":"pt-PT","potentialAction":[{"@type":"ReadAction","target":["https:\/\/blog.wifimap.io\/city\/"]}]},{"@type":"BreadcrumbList","@id":"https:\/\/blog.wifimap.io\/city\/#breadcrumb","itemListElement":[{"@type":"ListItem","position":1,"name":"Home","item":"https:\/\/blog.wifimap.io\/"},{"@type":"ListItem","position":2,"name":"City"}]},{"@type":"WebSite","@id":"https:\/\/blog.wifimap.io\/#website","url":"https:\/\/blog.wifimap.io\/","name":"WiFiMap Blog","description":"WiFi Map Blog","publisher":{"@id":"https:\/\/blog.wifimap.io\/#organization"},"potentialAction":[{"@type":"SearchAction","target":{"@type":"EntryPoint","urlTemplate":"https:\/\/blog.wifimap.io\/?s={search_term_string}"},"query-input":{"@type":"PropertyValueSpecification","valueRequired":true,"valueName":"search_term_string"}}],"inLanguage":"pt-PT"},{"@type":"Organization","@id":"https:\/\/blog.wifimap.io\/#organization","name":"WiFiMap","url":"https:\/\/blog.wifimap.io\/","logo":{"@type":"ImageObject","inLanguage":"pt-PT","@id":"https:\/\/blog.wifimap.io\/#\/schema\/logo\/image\/","url":"https:\/\/blog.wifimap.io\/wp-content\/uploads\/2018\/12\/logo@2x.png","contentUrl":"https:\/\/blog.wifimap.io\/wp-content\/uploads\/2018\/12\/logo@2x.png","width":320,"height":70,"caption":"WiFiMap"},"image":{"@id":"https:\/\/blog.wifimap.io\/#\/schema\/logo\/image\/"},"sameAs":["https:\/\/www.facebook.com\/wifimap.io\/"]}]}},"_links":{"self":[{"href":"https:\/\/blog.wifimap.io\/pt\/wp-json\/wp\/v2\/pages\/1210","targetHints":{"allow":["GET"]}}],"collection":[{"href":"https:\/\/blog.wifimap.io\/pt\/wp-json\/wp\/v2\/pages"}],"about":[{"href":"https:\/\/blog.wifimap.io\/pt\/wp-json\/wp\/v2\/types\/page"}],"author":[{"embeddable":true,"href":"https:\/\/blog.wifimap.io\/pt\/wp-json\/wp\/v2\/users\/1"}],"replies":[{"embeddable":true,"href":"https:\/\/blog.wifimap.io\/pt\/wp-json\/wp\/v2\/comments?post=1210"}],"version-history":[{"count":31,"href":"https:\/\/blog.wifimap.io\/pt\/wp-json\/wp\/v2\/pages\/1210\/revisions"}],"predecessor-version":[{"id":2660,"href":"https:\/\/blog.wifimap.io\/pt\/wp-json\/wp\/v2\/pages\/1210\/revisions\/2660"}],"wp:attachment":[{"href":"https:\/\/blog.wifimap.io\/pt\/wp-json\/wp\/v2\/media?parent=1210"}],"curies":[{"name":"wp","href":"https:\/\/api.w.org\/{rel}","templated":true}]}}