{"id":1156,"date":"2020-04-10T14:05:30","date_gmt":"2020-04-10T14:05:30","guid":{"rendered":"https:\/\/blog.wifimap.io\/?page_id=1156"},"modified":"2021-01-27T11:27:40","modified_gmt":"2021-01-27T11:27:40","slug":"payment","status":"publish","type":"page","link":"https:\/\/blog.wifimap.io\/pt\/payment\/","title":{"rendered":"Payment"},"content":{"rendered":""},"excerpt":{"rendered":"","protected":false},"author":1,"featured_media":0,"parent":0,"menu_order":0,"comment_status":"closed","ping_status":"closed","template":"","meta":{"_acf_changed":false,"footnotes":""},"class_list":["post-1156","page","type-page","status-publish","hentry"],"acf":{"og_title":"WiFi Map - #1 WiFi Finder","og_descr":"Ligue-se a todos os pontos de acesso Wi-Fi gratuito usando a aplica\u00e7\u00e3o WiFi Map em todo o mundo!","meta_keywords":"wifi gr\u00e1tis, mapa wifi, senha wifi, redes wifi gr\u00e1tis, hotspots wifi gratuitos","title":"WiFi Map - #1 WiFi Finder","description":"Ligue-se a todos os pontos de acesso Wi-Fi gratuito usando a aplica\u00e7\u00e3o WiFi Map em todo o mundo!","register":"Registar","register_new_account":"Registar nova conta","register_an_account":"Registe uma conta","sign_in_with_email":"Entrar com Email","name_or_nickname":"Nome ou apelido","your_email":"O seu email","password":"Senha","sign_in":"Registe-se","or_with_email":"ou com o email","payment_details":"Detalhes de pagamento","cardholders_name":"Nome do titular do cart\u00e3o","expired_date":"Data de expira\u00e7\u00e3o","payment_is_success":"Parab\u00e9ns! Pagamento com sucesso!","cvv_code_located":"c\u00f3digo CVV localizado na parte de tr\u00e1s do cart\u00e3o de cr\u00e9dito","please_wait":"Por favor espere","upgrade_to_pro":"Atualize para o Pro","with_pro_you_get":"Com o pro voc\u00ea obt\u00e9m","account_details":"Detalhes da conta","sign_in_or_sign_up_to_get_pro":"Entre ou registe-se","use_social_network_account":"Use uma conta de rede social","by_creating_an_account":"Ao criar uma conta est\u00e1 a aceitar os nossos","terms_of_service":"Termos de servi\u00e7o","and":"e","privacy_policy":"Pol\u00edtica de Privacidade","or":"ou","discount_title":"30% de desconto","crossed_price":"$29.99","price_big_text":"$19.99\/ano","price_small_text":"ou $1.66\/m\u00eas! A melhor oferta!","with_pro_point_1":"Internet gr\u00e1tis","with_pro_point_2":"Liga\u00e7\u00e3o r\u00e1pida","with_pro_point_3":"Mapas Offline","with_pro_point_4":"Sem an\u00fancios","log_out":"Terminar sess\u00e3o","small_text":"","per_year":"","pro_version_text":"Get PRO version with 20% OFF"},"yoast_head":"<!-- This site is optimized with the Yoast SEO plugin v27.3 - https:\/\/yoast.com\/product\/yoast-seo-wordpress\/ -->\n<title>Payment<\/title>\n<meta name=\"robots\" content=\"noindex, nofollow\" \/>\n<meta property=\"og:locale\" content=\"pt_PT\" \/>\n<meta property=\"og:locale:alternate\" content=\"en_US\" \/>\n<meta property=\"og:locale:alternate\" content=\"ru_RU\" \/>\n<meta property=\"og:locale:alternate\" content=\"de_DE\" \/>\n<meta property=\"og:locale:alternate\" content=\"fr_FR\" \/>\n<meta property=\"og:locale:alternate\" content=\"es-ES\" \/>\n<meta property=\"og:locale:alternate\" content=\"in_ID\" \/>\n<meta property=\"og:type\" content=\"article\" \/>\n<meta property=\"og:title\" content=\"Payment\" \/>\n<meta property=\"og:url\" content=\"https:\/\/blog.wifimap.io\/pt\/payment\/\" \/>\n<meta property=\"og:site_name\" content=\"WiFi Map Blog\" \/>\n<meta property=\"article:publisher\" content=\"https:\/\/www.facebook.com\/wifimap.io\/\" \/>\n<meta property=\"article:modified_time\" content=\"2021-01-27T11:27:40+00:00\" \/>\n<meta name=\"twitter:card\" content=\"summary_large_image\" \/>\n<script type=\"application\/ld+json\" class=\"yoast-schema-graph\">{\"@context\":\"https:\\\/\\\/schema.org\",\"@graph\":[{\"@type\":\"WebPage\",\"@id\":\"https:\\\/\\\/blog.wifimap.io\\\/fr\\\/payment\\\/\",\"url\":\"https:\\\/\\\/blog.wifimap.io\\\/fr\\\/payment\\\/\",\"name\":\"Payment\",\"isPartOf\":{\"@id\":\"https:\\\/\\\/172.31.160.186:8080\\\/#website\"},\"datePublished\":\"2020-04-10T14:05:30+00:00\",\"dateModified\":\"2021-01-27T11:27:40+00:00\",\"breadcrumb\":{\"@id\":\"https:\\\/\\\/blog.wifimap.io\\\/fr\\\/payment\\\/#breadcrumb\"},\"inLanguage\":\"pt-PT\",\"potentialAction\":[{\"@type\":\"ReadAction\",\"target\":[\"https:\\\/\\\/blog.wifimap.io\\\/fr\\\/payment\\\/\"]}]},{\"@type\":\"BreadcrumbList\",\"@id\":\"https:\\\/\\\/blog.wifimap.io\\\/fr\\\/payment\\\/#breadcrumb\",\"itemListElement\":[{\"@type\":\"ListItem\",\"position\":1,\"name\":\"Home\",\"item\":\"https:\\\/\\\/172.31.160.186:8080\\\/\"},{\"@type\":\"ListItem\",\"position\":2,\"name\":\"Payment\"}]},{\"@type\":\"WebSite\",\"@id\":\"https:\\\/\\\/172.31.160.186:8080\\\/#website\",\"url\":\"https:\\\/\\\/172.31.160.186:8080\\\/\",\"name\":\"WiFiMap Blog\",\"description\":\"WiFi Map Blog\",\"publisher\":{\"@id\":\"https:\\\/\\\/172.31.160.186:8080\\\/#organization\"},\"potentialAction\":[{\"@type\":\"SearchAction\",\"target\":{\"@type\":\"EntryPoint\",\"urlTemplate\":\"https:\\\/\\\/172.31.160.186:8080\\\/?s={search_term_string}\"},\"query-input\":{\"@type\":\"PropertyValueSpecification\",\"valueRequired\":true,\"valueName\":\"search_term_string\"}}],\"inLanguage\":\"pt-PT\"},{\"@type\":\"Organization\",\"@id\":\"https:\\\/\\\/172.31.160.186:8080\\\/#organization\",\"name\":\"WiFiMap\",\"url\":\"https:\\\/\\\/172.31.160.186:8080\\\/\",\"logo\":{\"@type\":\"ImageObject\",\"inLanguage\":\"pt-PT\",\"@id\":\"https:\\\/\\\/172.31.160.186:8080\\\/#\\\/schema\\\/logo\\\/image\\\/\",\"url\":\"https:\\\/\\\/blog.wifimap.io\\\/wp-content\\\/uploads\\\/2018\\\/12\\\/logo@2x.png\",\"contentUrl\":\"https:\\\/\\\/blog.wifimap.io\\\/wp-content\\\/uploads\\\/2018\\\/12\\\/logo@2x.png\",\"width\":320,\"height\":70,\"caption\":\"WiFiMap\"},\"image\":{\"@id\":\"https:\\\/\\\/172.31.160.186:8080\\\/#\\\/schema\\\/logo\\\/image\\\/\"},\"sameAs\":[\"https:\\\/\\\/www.facebook.com\\\/wifimap.io\\\/\"]}]}<\/script>\n<!-- \/ Yoast SEO plugin. -->","yoast_head_json":{"title":"Payment","robots":{"index":"noindex","follow":"nofollow"},"og_locale":"pt_PT","og_type":"article","og_title":"[:en]Payment[:ru]Payment[:de]Payment[:fr]Payment[:pt]Payment[:es]Payment[:id]Payment[:] - WiFi Map Blog","og_url":"https:\/\/blog.wifimap.io\/pt\/payment\/","og_site_name":"WiFi Map Blog","article_publisher":"https:\/\/www.facebook.com\/wifimap.io\/","article_modified_time":"2021-01-27T11:27:40+00:00","twitter_card":"summary_large_image","schema":{"@context":"https:\/\/schema.org","@graph":[{"@type":"WebPage","@id":"https:\/\/blog.wifimap.io\/fr\/payment\/","url":"https:\/\/blog.wifimap.io\/fr\/payment\/","name":"Payment","isPartOf":{"@id":"https:\/\/172.31.160.186:8080\/#website"},"datePublished":"2020-04-10T14:05:30+00:00","dateModified":"2021-01-27T11:27:40+00:00","breadcrumb":{"@id":"https:\/\/blog.wifimap.io\/fr\/payment\/#breadcrumb"},"inLanguage":"pt-PT","potentialAction":[{"@type":"ReadAction","target":["https:\/\/blog.wifimap.io\/fr\/payment\/"]}]},{"@type":"BreadcrumbList","@id":"https:\/\/blog.wifimap.io\/fr\/payment\/#breadcrumb","itemListElement":[{"@type":"ListItem","position":1,"name":"Home","item":"https:\/\/172.31.160.186:8080\/"},{"@type":"ListItem","position":2,"name":"Payment"}]},{"@type":"WebSite","@id":"https:\/\/172.31.160.186:8080\/#website","url":"https:\/\/172.31.160.186:8080\/","name":"WiFiMap Blog","description":"WiFi Map Blog","publisher":{"@id":"https:\/\/172.31.160.186:8080\/#organization"},"potentialAction":[{"@type":"SearchAction","target":{"@type":"EntryPoint","urlTemplate":"https:\/\/172.31.160.186:8080\/?s={search_term_string}"},"query-input":{"@type":"PropertyValueSpecification","valueRequired":true,"valueName":"search_term_string"}}],"inLanguage":"pt-PT"},{"@type":"Organization","@id":"https:\/\/172.31.160.186:8080\/#organization","name":"WiFiMap","url":"https:\/\/172.31.160.186:8080\/","logo":{"@type":"ImageObject","inLanguage":"pt-PT","@id":"https:\/\/172.31.160.186:8080\/#\/schema\/logo\/image\/","url":"https:\/\/blog.wifimap.io\/wp-content\/uploads\/2018\/12\/logo@2x.png","contentUrl":"https:\/\/blog.wifimap.io\/wp-content\/uploads\/2018\/12\/logo@2x.png","width":320,"height":70,"caption":"WiFiMap"},"image":{"@id":"https:\/\/172.31.160.186:8080\/#\/schema\/logo\/image\/"},"sameAs":["https:\/\/www.facebook.com\/wifimap.io\/"]}]}},"_links":{"self":[{"href":"https:\/\/blog.wifimap.io\/pt\/wp-json\/wp\/v2\/pages\/1156","targetHints":{"allow":["GET"]}}],"collection":[{"href":"https:\/\/blog.wifimap.io\/pt\/wp-json\/wp\/v2\/pages"}],"about":[{"href":"https:\/\/blog.wifimap.io\/pt\/wp-json\/wp\/v2\/types\/page"}],"author":[{"embeddable":true,"href":"https:\/\/blog.wifimap.io\/pt\/wp-json\/wp\/v2\/users\/1"}],"replies":[{"embeddable":true,"href":"https:\/\/blog.wifimap.io\/pt\/wp-json\/wp\/v2\/comments?post=1156"}],"version-history":[{"count":42,"href":"https:\/\/blog.wifimap.io\/pt\/wp-json\/wp\/v2\/pages\/1156\/revisions"}],"predecessor-version":[{"id":3742,"href":"https:\/\/blog.wifimap.io\/pt\/wp-json\/wp\/v2\/pages\/1156\/revisions\/3742"}],"wp:attachment":[{"href":"https:\/\/blog.wifimap.io\/pt\/wp-json\/wp\/v2\/media?parent=1156"}],"curies":[{"name":"wp","href":"https:\/\/api.w.org\/{rel}","templated":true}]}}