{"id":490,"date":"2020-03-26T15:04:14","date_gmt":"2020-03-26T15:04:14","guid":{"rendered":"https:\/\/blog.wifimap.io\/?page_id=490"},"modified":"2020-10-12T12:45:59","modified_gmt":"2020-10-12T12:45:59","slug":"countries","status":"publish","type":"page","link":"https:\/\/blog.wifimap.io\/fr\/countries\/","title":{"rendered":"Countries (Online map)"},"content":{"rendered":""},"excerpt":{"rendered":"","protected":false},"author":1,"featured_media":0,"parent":0,"menu_order":0,"comment_status":"closed","ping_status":"closed","template":"","meta":{"_acf_changed":false,"footnotes":""},"class_list":["post-490","page","type-page","status-publish","hentry"],"acf":{"title":"WiFi Map - #1 outil de recherche de WiFi gratuit","description":"Notre mission - Connectez le monde au r\u00e9seau WiFi \u00e0 la fois. Nous avons commenc\u00e9 en 2014 et sommes maintenant l'outil de connectivit\u00e9 Internet #1.","item_1_title":"WiFi Finder","item_1_descr":"Notre application WiFi Finder facilite la localisation et la connexion aux r\u00e9seaux WiFi gratuits afin que vous puissiez obtenir un Internet rapide et fiable partout o\u00f9 vous magasinez, d\u00eenez et voyagez.","item_2_title":"Cartes hors ligne","item_2_descr":"T\u00e9l\u00e9chargez des zones et naviguez hors ligne. Si vous allez l\u00e0 o\u00f9 Internet est lent, que les donn\u00e9es mobiles sont ch\u00e8res ou que vous ne pouvez pas vous connecter, vous pouvez enregistrer une zone de WiFi Map sur votre t\u00e9l\u00e9phone ou votre tablette et l'utiliser lorsque vous \u00eates hors ligne.","item_3_title":"\u00c9conomiseur de donn\u00e9es","item_3_descr":"Utilisez moins de donn\u00e9es avec l'\u00e9conomiseur de donn\u00e9es de WiFi Map. Vous pouvez r\u00e9duire votre facture de t\u00e9l\u00e9phone ou charger des pages Web plus rapidement sur des connexions lentes en r\u00e9duisant la quantit\u00e9 de donn\u00e9es que votre appareil utilise.","item_4_title":"VPN","item_4_descr":"WiFi Map offre un acc\u00e8s Internet priv\u00e9 pour votre s\u00e9curit\u00e9 et votre confidentialit\u00e9. Le VPN est un r\u00e9seau priv\u00e9 virtuel qui vous permet d'avoir une connexion s\u00e9curis\u00e9e entre votre appareil et un serveur Internet que personne ne peut surveiller ou acc\u00e9der aux donn\u00e9es que vous \u00e9changez.","meta_keywords":"wifi gratuit, carte wifi, mot de passe wifi, r\u00e9seaux wifi gratuits, point d'acc\u00e8s wifi gratuits","og_title":"WiFi Map - #1 outil de recherche de WiFi gratuit","og_descr":"Notre mission - Connectez le monde au r\u00e9seau WiFi \u00e0 la fois. Nous avons commenc\u00e9 en 2014 et sommes maintenant l'outil de connectivit\u00e9 Internet #1.","free_wifi":"Wifi gratuit","select_your_location":"S\u00e9lectionnez votre emplacement","north_america":"Am\u00e9rique du Nord","south_america":"Am\u00e9rique du Sud","europe":"L'Europe","asia_pacific":"Asie-Pacifique","middle_east":"moyen-Orient","africa":"Afrique","content_title":"WiFi Map - #1 Chercheur WiFi","content_description":"Notre mission - Connectez le monde au r\u00e9seau WiFi \u00e0 la fois. Nous avons commenc\u00e9 en 2014 et sommes maintenant l'outil de connectivit\u00e9 Internet n \u00b0 1."},"yoast_head":"<!-- This site is optimized with the Yoast SEO plugin v27.6 - https:\/\/yoast.com\/product\/yoast-seo-wordpress\/ -->\n<title>Countries (Online map)<\/title>\n<meta name=\"robots\" content=\"noindex, nofollow\" \/>\n<meta property=\"og:locale\" content=\"fr_FR\" \/>\n<meta property=\"og:locale:alternate\" content=\"en_US\" \/>\n<meta property=\"og:locale:alternate\" content=\"ru_RU\" \/>\n<meta property=\"og:locale:alternate\" content=\"de_DE\" \/>\n<meta property=\"og:locale:alternate\" content=\"pt_PT\" \/>\n<meta property=\"og:locale:alternate\" content=\"es-ES\" \/>\n<meta property=\"og:locale:alternate\" content=\"in_ID\" \/>\n<meta property=\"og:type\" content=\"article\" \/>\n<meta property=\"og:title\" content=\"Countries (Online map)\" \/>\n<meta property=\"og:url\" content=\"https:\/\/blog.wifimap.io\/fr\/countries\/\" \/>\n<meta property=\"og:site_name\" content=\"WiFi Map Blog\" \/>\n<meta property=\"article:publisher\" content=\"https:\/\/www.facebook.com\/wifimap.io\/\" \/>\n<meta property=\"article:modified_time\" content=\"2020-10-12T12:45:59+00:00\" \/>\n<meta name=\"twitter:card\" content=\"summary_large_image\" \/>\n<script type=\"application\/ld+json\" class=\"yoast-schema-graph\">{\"@context\":\"https:\\\/\\\/schema.org\",\"@graph\":[{\"@type\":\"WebPage\",\"@id\":\"https:\\\/\\\/blog.wifimap.io\\\/countries\\\/\",\"url\":\"https:\\\/\\\/blog.wifimap.io\\\/countries\\\/\",\"name\":\"Countries (Online map)\",\"isPartOf\":{\"@id\":\"https:\\\/\\\/172.31.172.52:8080\\\/#website\"},\"datePublished\":\"2020-03-26T15:04:14+00:00\",\"dateModified\":\"2020-10-12T12:45:59+00:00\",\"breadcrumb\":{\"@id\":\"https:\\\/\\\/blog.wifimap.io\\\/countries\\\/#breadcrumb\"},\"inLanguage\":\"fr-FR\",\"potentialAction\":[{\"@type\":\"ReadAction\",\"target\":[\"https:\\\/\\\/blog.wifimap.io\\\/countries\\\/\"]}]},{\"@type\":\"BreadcrumbList\",\"@id\":\"https:\\\/\\\/blog.wifimap.io\\\/countries\\\/#breadcrumb\",\"itemListElement\":[{\"@type\":\"ListItem\",\"position\":1,\"name\":\"Home\",\"item\":\"https:\\\/\\\/172.31.172.52:8080\\\/\"},{\"@type\":\"ListItem\",\"position\":2,\"name\":\"Countries (Online map)\"}]},{\"@type\":\"WebSite\",\"@id\":\"https:\\\/\\\/172.31.172.52:8080\\\/#website\",\"url\":\"https:\\\/\\\/172.31.172.52:8080\\\/\",\"name\":\"WiFiMap Blog\",\"description\":\"WiFi Map Blog\",\"publisher\":{\"@id\":\"https:\\\/\\\/172.31.172.52:8080\\\/#organization\"},\"potentialAction\":[{\"@type\":\"SearchAction\",\"target\":{\"@type\":\"EntryPoint\",\"urlTemplate\":\"https:\\\/\\\/172.31.172.52:8080\\\/?s={search_term_string}\"},\"query-input\":{\"@type\":\"PropertyValueSpecification\",\"valueRequired\":true,\"valueName\":\"search_term_string\"}}],\"inLanguage\":\"fr-FR\"},{\"@type\":\"Organization\",\"@id\":\"https:\\\/\\\/172.31.172.52:8080\\\/#organization\",\"name\":\"WiFiMap\",\"url\":\"https:\\\/\\\/172.31.172.52:8080\\\/\",\"logo\":{\"@type\":\"ImageObject\",\"inLanguage\":\"fr-FR\",\"@id\":\"https:\\\/\\\/172.31.172.52:8080\\\/#\\\/schema\\\/logo\\\/image\\\/\",\"url\":\"https:\\\/\\\/blog.wifimap.io\\\/wp-content\\\/uploads\\\/2018\\\/12\\\/logo@2x.png\",\"contentUrl\":\"https:\\\/\\\/blog.wifimap.io\\\/wp-content\\\/uploads\\\/2018\\\/12\\\/logo@2x.png\",\"width\":320,\"height\":70,\"caption\":\"WiFiMap\"},\"image\":{\"@id\":\"https:\\\/\\\/172.31.172.52:8080\\\/#\\\/schema\\\/logo\\\/image\\\/\"},\"sameAs\":[\"https:\\\/\\\/www.facebook.com\\\/wifimap.io\\\/\"]}]}<\/script>\n<!-- \/ Yoast SEO plugin. -->","yoast_head_json":{"title":"Countries (Online map)","robots":{"index":"noindex","follow":"nofollow"},"og_locale":"fr_FR","og_type":"article","og_title":"[:en]Countries (Online map)[:ru]Countries (Online map)[:de]Countries (Online map)[:fr]Countries (Online map)[:pt]Countries (Online map)[:es]Countries (Online map)[:id]Countries (Online map)[:] - WiFi Map Blog","og_url":"https:\/\/blog.wifimap.io\/fr\/countries\/","og_site_name":"WiFi Map Blog","article_publisher":"https:\/\/www.facebook.com\/wifimap.io\/","article_modified_time":"2020-10-12T12:45:59+00:00","twitter_card":"summary_large_image","schema":{"@context":"https:\/\/schema.org","@graph":[{"@type":"WebPage","@id":"https:\/\/blog.wifimap.io\/countries\/","url":"https:\/\/blog.wifimap.io\/countries\/","name":"Countries (Online map)","isPartOf":{"@id":"https:\/\/172.31.172.52:8080\/#website"},"datePublished":"2020-03-26T15:04:14+00:00","dateModified":"2020-10-12T12:45:59+00:00","breadcrumb":{"@id":"https:\/\/blog.wifimap.io\/countries\/#breadcrumb"},"inLanguage":"fr-FR","potentialAction":[{"@type":"ReadAction","target":["https:\/\/blog.wifimap.io\/countries\/"]}]},{"@type":"BreadcrumbList","@id":"https:\/\/blog.wifimap.io\/countries\/#breadcrumb","itemListElement":[{"@type":"ListItem","position":1,"name":"Home","item":"https:\/\/172.31.172.52:8080\/"},{"@type":"ListItem","position":2,"name":"Countries (Online map)"}]},{"@type":"WebSite","@id":"https:\/\/172.31.172.52:8080\/#website","url":"https:\/\/172.31.172.52:8080\/","name":"WiFiMap Blog","description":"WiFi Map Blog","publisher":{"@id":"https:\/\/172.31.172.52:8080\/#organization"},"potentialAction":[{"@type":"SearchAction","target":{"@type":"EntryPoint","urlTemplate":"https:\/\/172.31.172.52:8080\/?s={search_term_string}"},"query-input":{"@type":"PropertyValueSpecification","valueRequired":true,"valueName":"search_term_string"}}],"inLanguage":"fr-FR"},{"@type":"Organization","@id":"https:\/\/172.31.172.52:8080\/#organization","name":"WiFiMap","url":"https:\/\/172.31.172.52:8080\/","logo":{"@type":"ImageObject","inLanguage":"fr-FR","@id":"https:\/\/172.31.172.52:8080\/#\/schema\/logo\/image\/","url":"https:\/\/blog.wifimap.io\/wp-content\/uploads\/2018\/12\/logo@2x.png","contentUrl":"https:\/\/blog.wifimap.io\/wp-content\/uploads\/2018\/12\/logo@2x.png","width":320,"height":70,"caption":"WiFiMap"},"image":{"@id":"https:\/\/172.31.172.52:8080\/#\/schema\/logo\/image\/"},"sameAs":["https:\/\/www.facebook.com\/wifimap.io\/"]}]}},"_links":{"self":[{"href":"https:\/\/blog.wifimap.io\/fr\/wp-json\/wp\/v2\/pages\/490","targetHints":{"allow":["GET"]}}],"collection":[{"href":"https:\/\/blog.wifimap.io\/fr\/wp-json\/wp\/v2\/pages"}],"about":[{"href":"https:\/\/blog.wifimap.io\/fr\/wp-json\/wp\/v2\/types\/page"}],"author":[{"embeddable":true,"href":"https:\/\/blog.wifimap.io\/fr\/wp-json\/wp\/v2\/users\/1"}],"replies":[{"embeddable":true,"href":"https:\/\/blog.wifimap.io\/fr\/wp-json\/wp\/v2\/comments?post=490"}],"version-history":[{"count":39,"href":"https:\/\/blog.wifimap.io\/fr\/wp-json\/wp\/v2\/pages\/490\/revisions"}],"predecessor-version":[{"id":3164,"href":"https:\/\/blog.wifimap.io\/fr\/wp-json\/wp\/v2\/pages\/490\/revisions\/3164"}],"wp:attachment":[{"href":"https:\/\/blog.wifimap.io\/fr\/wp-json\/wp\/v2\/media?parent=490"}],"curies":[{"name":"wp","href":"https:\/\/api.w.org\/{rel}","templated":true}]}}