{"id":476,"date":"2020-03-26T14:54:47","date_gmt":"2020-03-26T14:54:47","guid":{"rendered":"https:\/\/blog.wifimap.io\/ru\/?page_id=476"},"modified":"2020-10-12T14:31:14","modified_gmt":"2020-10-12T14:31:14","slug":"developer","status":"publish","type":"page","link":"https:\/\/blog.wifimap.io\/fr\/developer\/","title":{"rendered":"Developer"},"content":{"rendered":""},"excerpt":{"rendered":"","protected":false},"author":1,"featured_media":0,"parent":0,"menu_order":0,"comment_status":"closed","ping_status":"closed","template":"","meta":{"_acf_changed":false,"footnotes":""},"class_list":["post-476","page","type-page","status-publish","hentry"],"acf":{"main_title":"Obtenez SDK\/API","main_subtitle":"#1 Source pour les donn\u00e9es WiFi fiables","main_description":"Nous connectons vos utilisateurs au WiFi gratuit - Vous en prenez tout le cr\u00e9dit!","block_title":"Offrez la fonctionnalit\u00e9 WiFi Map \u00e0 vos utilisateurs","meta_keywords":"wifi gratuit, carte wifi, mot de passe wifi, r\u00e9seaux wifi gratuits, point d'acc\u00e8s wifi gratuits","og_title":"WiFi Map - Obtenir SDK\/API","og_descr":"Nous connectons vos utilisateurs au WiFi gratuit - Vous en prenez tout le cr\u00e9dit!","title":"WiFi Map - Obtenir SDK\/API","description":"Nous connectons vos utilisateurs au WiFi gratuit - Vous en prenez tout le cr\u00e9dit!","get_our_sdk":"Obtenez notre SDK","get_sdkapi":"Obtenez SDK\/API","features_title":"Caract\u00e9ristiques","features_point_1":"Afficher tout les WiFi \u00e0 proximit\u00e9","features_point_2":"Mises \u00e0 jour WiFi en temps r\u00e9el","features_point_3":"WiFi v\u00e9rifi\u00e9 uniquement","benefits_title":"Avantages","benefits_point_1":"Nous diminuerons les co\u00fbts de donn\u00e9es de vos utilisateurs","benefits_point_2":"Augmentation de l'engagement des utilisateurs garantie","integration_title":"Int\u00e9gration simple","integration_point_1":"Disponible pour iOS, Android, Web","integration_point_2":"Seulement 30 minutes pour int\u00e9grer notre SDK","cloud_phrase":"R\u00e9alis\u00e9 par des d\u00e9veloppeurs pour des d\u00e9veloppeurs"},"yoast_head":"<!-- This site is optimized with the Yoast SEO plugin v27.6 - https:\/\/yoast.com\/product\/yoast-seo-wordpress\/ -->\n<title>Developer<\/title>\n<meta name=\"robots\" content=\"noindex, nofollow\" \/>\n<meta property=\"og:locale\" content=\"fr_FR\" \/>\n<meta property=\"og:locale:alternate\" content=\"en_US\" \/>\n<meta property=\"og:locale:alternate\" content=\"ru_RU\" \/>\n<meta property=\"og:locale:alternate\" content=\"de_DE\" \/>\n<meta property=\"og:locale:alternate\" content=\"pt_PT\" \/>\n<meta property=\"og:locale:alternate\" content=\"es-ES\" \/>\n<meta property=\"og:locale:alternate\" content=\"in_ID\" \/>\n<meta property=\"og:type\" content=\"article\" \/>\n<meta property=\"og:title\" content=\"Developer\" \/>\n<meta property=\"og:url\" content=\"https:\/\/blog.wifimap.io\/fr\/developer\/\" \/>\n<meta property=\"og:site_name\" content=\"WiFi Map Blog\" \/>\n<meta property=\"article:publisher\" content=\"https:\/\/www.facebook.com\/wifimap.io\/\" \/>\n<meta property=\"article:modified_time\" content=\"2020-10-12T14:31:14+00:00\" \/>\n<meta name=\"twitter:card\" content=\"summary_large_image\" \/>\n<script type=\"application\/ld+json\" class=\"yoast-schema-graph\">{\"@context\":\"https:\\\/\\\/schema.org\",\"@graph\":[{\"@type\":\"WebPage\",\"@id\":\"https:\\\/\\\/blog.wifimap.io\\\/de\\\/developer\\\/\",\"url\":\"https:\\\/\\\/blog.wifimap.io\\\/de\\\/developer\\\/\",\"name\":\"Developer\",\"isPartOf\":{\"@id\":\"https:\\\/\\\/blog.wifimap.io\\\/#website\"},\"datePublished\":\"2020-03-26T14:54:47+00:00\",\"dateModified\":\"2020-10-12T14:31:14+00:00\",\"breadcrumb\":{\"@id\":\"https:\\\/\\\/blog.wifimap.io\\\/de\\\/developer\\\/#breadcrumb\"},\"inLanguage\":\"fr-FR\",\"potentialAction\":[{\"@type\":\"ReadAction\",\"target\":[\"https:\\\/\\\/blog.wifimap.io\\\/de\\\/developer\\\/\"]}]},{\"@type\":\"BreadcrumbList\",\"@id\":\"https:\\\/\\\/blog.wifimap.io\\\/de\\\/developer\\\/#breadcrumb\",\"itemListElement\":[{\"@type\":\"ListItem\",\"position\":1,\"name\":\"Home\",\"item\":\"https:\\\/\\\/blog.wifimap.io\\\/\"},{\"@type\":\"ListItem\",\"position\":2,\"name\":\"Developer\"}]},{\"@type\":\"WebSite\",\"@id\":\"https:\\\/\\\/blog.wifimap.io\\\/#website\",\"url\":\"https:\\\/\\\/blog.wifimap.io\\\/\",\"name\":\"WiFiMap Blog\",\"description\":\"WiFi Map Blog\",\"publisher\":{\"@id\":\"https:\\\/\\\/blog.wifimap.io\\\/#organization\"},\"potentialAction\":[{\"@type\":\"SearchAction\",\"target\":{\"@type\":\"EntryPoint\",\"urlTemplate\":\"https:\\\/\\\/blog.wifimap.io\\\/?s={search_term_string}\"},\"query-input\":{\"@type\":\"PropertyValueSpecification\",\"valueRequired\":true,\"valueName\":\"search_term_string\"}}],\"inLanguage\":\"fr-FR\"},{\"@type\":\"Organization\",\"@id\":\"https:\\\/\\\/blog.wifimap.io\\\/#organization\",\"name\":\"WiFiMap\",\"url\":\"https:\\\/\\\/blog.wifimap.io\\\/\",\"logo\":{\"@type\":\"ImageObject\",\"inLanguage\":\"fr-FR\",\"@id\":\"https:\\\/\\\/blog.wifimap.io\\\/#\\\/schema\\\/logo\\\/image\\\/\",\"url\":\"https:\\\/\\\/blog.wifimap.io\\\/wp-content\\\/uploads\\\/2018\\\/12\\\/logo@2x.png\",\"contentUrl\":\"https:\\\/\\\/blog.wifimap.io\\\/wp-content\\\/uploads\\\/2018\\\/12\\\/logo@2x.png\",\"width\":320,\"height\":70,\"caption\":\"WiFiMap\"},\"image\":{\"@id\":\"https:\\\/\\\/blog.wifimap.io\\\/#\\\/schema\\\/logo\\\/image\\\/\"},\"sameAs\":[\"https:\\\/\\\/www.facebook.com\\\/wifimap.io\\\/\"]}]}<\/script>\n<!-- \/ Yoast SEO plugin. -->","yoast_head_json":{"title":"Developer","robots":{"index":"noindex","follow":"nofollow"},"og_locale":"fr_FR","og_type":"article","og_title":"[:en]Developer[:ru]Developer[:de]Developer[:fr]Developer[:pt]Developer[:es]Developer[:id]Developer[:] - WiFi Map Blog","og_url":"https:\/\/blog.wifimap.io\/fr\/developer\/","og_site_name":"WiFi Map Blog","article_publisher":"https:\/\/www.facebook.com\/wifimap.io\/","article_modified_time":"2020-10-12T14:31:14+00:00","twitter_card":"summary_large_image","schema":{"@context":"https:\/\/schema.org","@graph":[{"@type":"WebPage","@id":"https:\/\/blog.wifimap.io\/de\/developer\/","url":"https:\/\/blog.wifimap.io\/de\/developer\/","name":"Developer","isPartOf":{"@id":"https:\/\/blog.wifimap.io\/#website"},"datePublished":"2020-03-26T14:54:47+00:00","dateModified":"2020-10-12T14:31:14+00:00","breadcrumb":{"@id":"https:\/\/blog.wifimap.io\/de\/developer\/#breadcrumb"},"inLanguage":"fr-FR","potentialAction":[{"@type":"ReadAction","target":["https:\/\/blog.wifimap.io\/de\/developer\/"]}]},{"@type":"BreadcrumbList","@id":"https:\/\/blog.wifimap.io\/de\/developer\/#breadcrumb","itemListElement":[{"@type":"ListItem","position":1,"name":"Home","item":"https:\/\/blog.wifimap.io\/"},{"@type":"ListItem","position":2,"name":"Developer"}]},{"@type":"WebSite","@id":"https:\/\/blog.wifimap.io\/#website","url":"https:\/\/blog.wifimap.io\/","name":"WiFiMap Blog","description":"WiFi Map Blog","publisher":{"@id":"https:\/\/blog.wifimap.io\/#organization"},"potentialAction":[{"@type":"SearchAction","target":{"@type":"EntryPoint","urlTemplate":"https:\/\/blog.wifimap.io\/?s={search_term_string}"},"query-input":{"@type":"PropertyValueSpecification","valueRequired":true,"valueName":"search_term_string"}}],"inLanguage":"fr-FR"},{"@type":"Organization","@id":"https:\/\/blog.wifimap.io\/#organization","name":"WiFiMap","url":"https:\/\/blog.wifimap.io\/","logo":{"@type":"ImageObject","inLanguage":"fr-FR","@id":"https:\/\/blog.wifimap.io\/#\/schema\/logo\/image\/","url":"https:\/\/blog.wifimap.io\/wp-content\/uploads\/2018\/12\/logo@2x.png","contentUrl":"https:\/\/blog.wifimap.io\/wp-content\/uploads\/2018\/12\/logo@2x.png","width":320,"height":70,"caption":"WiFiMap"},"image":{"@id":"https:\/\/blog.wifimap.io\/#\/schema\/logo\/image\/"},"sameAs":["https:\/\/www.facebook.com\/wifimap.io\/"]}]}},"_links":{"self":[{"href":"https:\/\/blog.wifimap.io\/fr\/wp-json\/wp\/v2\/pages\/476","targetHints":{"allow":["GET"]}}],"collection":[{"href":"https:\/\/blog.wifimap.io\/fr\/wp-json\/wp\/v2\/pages"}],"about":[{"href":"https:\/\/blog.wifimap.io\/fr\/wp-json\/wp\/v2\/types\/page"}],"author":[{"embeddable":true,"href":"https:\/\/blog.wifimap.io\/fr\/wp-json\/wp\/v2\/users\/1"}],"replies":[{"embeddable":true,"href":"https:\/\/blog.wifimap.io\/fr\/wp-json\/wp\/v2\/comments?post=476"}],"version-history":[{"count":29,"href":"https:\/\/blog.wifimap.io\/fr\/wp-json\/wp\/v2\/pages\/476\/revisions"}],"predecessor-version":[{"id":3170,"href":"https:\/\/blog.wifimap.io\/fr\/wp-json\/wp\/v2\/pages\/476\/revisions\/3170"}],"wp:attachment":[{"href":"https:\/\/blog.wifimap.io\/fr\/wp-json\/wp\/v2\/media?parent=476"}],"curies":[{"name":"wp","href":"https:\/\/api.w.org\/{rel}","templated":true}]}}