{"id":454,"date":"2020-03-26T14:24:51","date_gmt":"2020-03-26T14:24:51","guid":{"rendered":"https:\/\/blog.wifimap.io\/?page_id=454"},"modified":"2020-10-12T12:14:25","modified_gmt":"2020-10-12T12:14:25","slug":"business","status":"publish","type":"page","link":"https:\/\/blog.wifimap.io\/fr\/business\/","title":{"rendered":"Business"},"content":{"rendered":""},"excerpt":{"rendered":"","protected":false},"author":1,"featured_media":0,"parent":0,"menu_order":0,"comment_status":"closed","ping_status":"closed","template":"","meta":{"_acf_changed":false,"footnotes":""},"class_list":["post-454","page","type-page","status-publish","hentry"],"acf":{"main_title":"Obtenez de nouveaux clients","main_subtitle":"#1 Source pour les donn\u00e9es WiFi fiables","main_descriprion":"Exposez votre entreprise \u00e0 des millions de nos utilisateurs - ils peuvent devenir vos nouveaux clients.","block_title_part_1":"Nos utilisateurs ont d\u00e9j\u00e0 d\u00e9pens\u00e9","block_title_part_2":"$34,567,678","block_title_part_3":"dans des entreprises comme la v\u00f4tre","block_subtitle":"Les clients recherchent constamment le WiFi. Si vous \u00eates un propri\u00e9taire d'entreprise qui propose une connexion Wi-Fi gratuite, ajoutez simplement votre entreprise \u00e0 WiFi Map","block_item_1_title":"T\u00e9l\u00e9chargez l'application","block_item_2_title":"Ajoutez votre entreprise","block_item_2_descr":"Ajoutez votre entreprise \u00e0 WiFi Map - cela ne prend qu'une minute ou deux","block_item_3_title":"Obtenez des b\u00e9n\u00e9fices","block_item_3_descr":"Tous nos utilisateurs connaissent d\u00e9sormais votre entreprise","meta_keywords":"wifi gratuit, carte wifi, mot de passe wifi, r\u00e9seaux wifi gratuits, point","block_item_1_descr":"L'application est gratuite et disponible pour iOS, Android et Web","og_title":"WiFi Map - Obtenez de nouveaux clients","og_descr":"Exposez votre entreprise \u00e0 des millions de nos utilisateurs - ils peuvent devenir vos nouveaux clients.","title":"WiFi Map - Obtenez de nouveaux clients","description":"Exposez votre entreprise \u00e0 des millions de nos utilisateurs - ils peuvent devenir vos nouveaux clients.","i_want_more_customers":"Je veux plus de clients!"},"yoast_head":"<!-- This site is optimized with the Yoast SEO plugin v27.3 - https:\/\/yoast.com\/product\/yoast-seo-wordpress\/ -->\n<title>Business<\/title>\n<meta name=\"robots\" content=\"noindex, nofollow\" \/>\n<meta property=\"og:locale\" content=\"fr_FR\" \/>\n<meta property=\"og:locale:alternate\" content=\"en_US\" \/>\n<meta property=\"og:locale:alternate\" content=\"ru_RU\" \/>\n<meta property=\"og:locale:alternate\" content=\"de_DE\" \/>\n<meta property=\"og:locale:alternate\" content=\"pt_PT\" \/>\n<meta property=\"og:locale:alternate\" content=\"es-ES\" \/>\n<meta property=\"og:locale:alternate\" content=\"in_ID\" \/>\n<meta property=\"og:type\" content=\"article\" \/>\n<meta property=\"og:title\" content=\"Business\" \/>\n<meta property=\"og:url\" content=\"https:\/\/blog.wifimap.io\/fr\/business\/\" \/>\n<meta property=\"og:site_name\" content=\"WiFi Map Blog\" \/>\n<meta property=\"article:publisher\" content=\"https:\/\/www.facebook.com\/wifimap.io\/\" \/>\n<meta property=\"article:modified_time\" content=\"2020-10-12T12:14:25+00:00\" \/>\n<meta name=\"twitter:card\" content=\"summary_large_image\" \/>\n<script type=\"application\/ld+json\" class=\"yoast-schema-graph\">{\"@context\":\"https:\\\/\\\/schema.org\",\"@graph\":[{\"@type\":\"WebPage\",\"@id\":\"https:\\\/\\\/blog.wifimap.io\\\/pt\\\/business\\\/\",\"url\":\"https:\\\/\\\/blog.wifimap.io\\\/pt\\\/business\\\/\",\"name\":\"Business\",\"isPartOf\":{\"@id\":\"https:\\\/\\\/172.31.160.186:8080\\\/#website\"},\"datePublished\":\"2020-03-26T14:24:51+00:00\",\"dateModified\":\"2020-10-12T12:14:25+00:00\",\"breadcrumb\":{\"@id\":\"https:\\\/\\\/blog.wifimap.io\\\/pt\\\/business\\\/#breadcrumb\"},\"inLanguage\":\"fr-FR\",\"potentialAction\":[{\"@type\":\"ReadAction\",\"target\":[\"https:\\\/\\\/blog.wifimap.io\\\/pt\\\/business\\\/\"]}]},{\"@type\":\"BreadcrumbList\",\"@id\":\"https:\\\/\\\/blog.wifimap.io\\\/pt\\\/business\\\/#breadcrumb\",\"itemListElement\":[{\"@type\":\"ListItem\",\"position\":1,\"name\":\"Home\",\"item\":\"https:\\\/\\\/172.31.160.186:8080\\\/\"},{\"@type\":\"ListItem\",\"position\":2,\"name\":\"Business\"}]},{\"@type\":\"WebSite\",\"@id\":\"https:\\\/\\\/172.31.160.186:8080\\\/#website\",\"url\":\"https:\\\/\\\/172.31.160.186:8080\\\/\",\"name\":\"WiFiMap Blog\",\"description\":\"WiFi Map Blog\",\"publisher\":{\"@id\":\"https:\\\/\\\/172.31.160.186:8080\\\/#organization\"},\"potentialAction\":[{\"@type\":\"SearchAction\",\"target\":{\"@type\":\"EntryPoint\",\"urlTemplate\":\"https:\\\/\\\/172.31.160.186:8080\\\/?s={search_term_string}\"},\"query-input\":{\"@type\":\"PropertyValueSpecification\",\"valueRequired\":true,\"valueName\":\"search_term_string\"}}],\"inLanguage\":\"fr-FR\"},{\"@type\":\"Organization\",\"@id\":\"https:\\\/\\\/172.31.160.186:8080\\\/#organization\",\"name\":\"WiFiMap\",\"url\":\"https:\\\/\\\/172.31.160.186:8080\\\/\",\"logo\":{\"@type\":\"ImageObject\",\"inLanguage\":\"fr-FR\",\"@id\":\"https:\\\/\\\/172.31.160.186:8080\\\/#\\\/schema\\\/logo\\\/image\\\/\",\"url\":\"https:\\\/\\\/blog.wifimap.io\\\/wp-content\\\/uploads\\\/2018\\\/12\\\/logo@2x.png\",\"contentUrl\":\"https:\\\/\\\/blog.wifimap.io\\\/wp-content\\\/uploads\\\/2018\\\/12\\\/logo@2x.png\",\"width\":320,\"height\":70,\"caption\":\"WiFiMap\"},\"image\":{\"@id\":\"https:\\\/\\\/172.31.160.186:8080\\\/#\\\/schema\\\/logo\\\/image\\\/\"},\"sameAs\":[\"https:\\\/\\\/www.facebook.com\\\/wifimap.io\\\/\"]}]}<\/script>\n<!-- \/ Yoast SEO plugin. -->","yoast_head_json":{"title":"Business","robots":{"index":"noindex","follow":"nofollow"},"og_locale":"fr_FR","og_type":"article","og_title":"[:en]Business[:ru]Business[:de]Business[:fr]Business[:pt]Business[:es]Business[:id]Business[:] - WiFi Map Blog","og_url":"https:\/\/blog.wifimap.io\/fr\/business\/","og_site_name":"WiFi Map Blog","article_publisher":"https:\/\/www.facebook.com\/wifimap.io\/","article_modified_time":"2020-10-12T12:14:25+00:00","twitter_card":"summary_large_image","schema":{"@context":"https:\/\/schema.org","@graph":[{"@type":"WebPage","@id":"https:\/\/blog.wifimap.io\/pt\/business\/","url":"https:\/\/blog.wifimap.io\/pt\/business\/","name":"Business","isPartOf":{"@id":"https:\/\/172.31.160.186:8080\/#website"},"datePublished":"2020-03-26T14:24:51+00:00","dateModified":"2020-10-12T12:14:25+00:00","breadcrumb":{"@id":"https:\/\/blog.wifimap.io\/pt\/business\/#breadcrumb"},"inLanguage":"fr-FR","potentialAction":[{"@type":"ReadAction","target":["https:\/\/blog.wifimap.io\/pt\/business\/"]}]},{"@type":"BreadcrumbList","@id":"https:\/\/blog.wifimap.io\/pt\/business\/#breadcrumb","itemListElement":[{"@type":"ListItem","position":1,"name":"Home","item":"https:\/\/172.31.160.186:8080\/"},{"@type":"ListItem","position":2,"name":"Business"}]},{"@type":"WebSite","@id":"https:\/\/172.31.160.186:8080\/#website","url":"https:\/\/172.31.160.186:8080\/","name":"WiFiMap Blog","description":"WiFi Map Blog","publisher":{"@id":"https:\/\/172.31.160.186:8080\/#organization"},"potentialAction":[{"@type":"SearchAction","target":{"@type":"EntryPoint","urlTemplate":"https:\/\/172.31.160.186:8080\/?s={search_term_string}"},"query-input":{"@type":"PropertyValueSpecification","valueRequired":true,"valueName":"search_term_string"}}],"inLanguage":"fr-FR"},{"@type":"Organization","@id":"https:\/\/172.31.160.186:8080\/#organization","name":"WiFiMap","url":"https:\/\/172.31.160.186:8080\/","logo":{"@type":"ImageObject","inLanguage":"fr-FR","@id":"https:\/\/172.31.160.186:8080\/#\/schema\/logo\/image\/","url":"https:\/\/blog.wifimap.io\/wp-content\/uploads\/2018\/12\/logo@2x.png","contentUrl":"https:\/\/blog.wifimap.io\/wp-content\/uploads\/2018\/12\/logo@2x.png","width":320,"height":70,"caption":"WiFiMap"},"image":{"@id":"https:\/\/172.31.160.186:8080\/#\/schema\/logo\/image\/"},"sameAs":["https:\/\/www.facebook.com\/wifimap.io\/"]}]}},"_links":{"self":[{"href":"https:\/\/blog.wifimap.io\/fr\/wp-json\/wp\/v2\/pages\/454","targetHints":{"allow":["GET"]}}],"collection":[{"href":"https:\/\/blog.wifimap.io\/fr\/wp-json\/wp\/v2\/pages"}],"about":[{"href":"https:\/\/blog.wifimap.io\/fr\/wp-json\/wp\/v2\/types\/page"}],"author":[{"embeddable":true,"href":"https:\/\/blog.wifimap.io\/fr\/wp-json\/wp\/v2\/users\/1"}],"replies":[{"embeddable":true,"href":"https:\/\/blog.wifimap.io\/fr\/wp-json\/wp\/v2\/comments?post=454"}],"version-history":[{"count":34,"href":"https:\/\/blog.wifimap.io\/fr\/wp-json\/wp\/v2\/pages\/454\/revisions"}],"predecessor-version":[{"id":3159,"href":"https:\/\/blog.wifimap.io\/fr\/wp-json\/wp\/v2\/pages\/454\/revisions\/3159"}],"wp:attachment":[{"href":"https:\/\/blog.wifimap.io\/fr\/wp-json\/wp\/v2\/media?parent=454"}],"curies":[{"name":"wp","href":"https:\/\/api.w.org\/{rel}","templated":true}]}}