{"id":420,"date":"2020-03-26T12:23:40","date_gmt":"2020-03-26T12:23:40","guid":{"rendered":"https:\/\/blog.wifimap.io\/?page_id=420"},"modified":"2021-04-19T10:46:48","modified_gmt":"2021-04-19T10:46:48","slug":"main-page","status":"publish","type":"page","link":"https:\/\/blog.wifimap.io\/fr\/main-page\/","title":{"rendered":"Main page"},"content":{"rendered":""},"excerpt":{"rendered":"","protected":false},"author":1,"featured_media":0,"parent":0,"menu_order":0,"comment_status":"closed","ping_status":"closed","template":"","meta":{"_acf_changed":false,"footnotes":""},"class_list":["post-420","page","type-page","status-publish","hentry"],"acf":{"main_title":"#1 WiFi Finder","main_description":"Nos utilisateurs \u00e9conomisent du temps et de l'argent","main_subtitle":"Outil de connectivit\u00e9 Internet gratuit","largest_comm_title":"La plus grande communaut\u00e9 WiFi","largest_comm_item_1":"Mises \u00e0 jour en temps r\u00e9el<br>","largest_comm_item_2":"Crowdsourced<br>par de vraies personnes","largest_comm_item_3":"Partage<br>\u00e9conomie","largest_comm_item_4":"Connecter<br>millions","open_on_map_-_panel_title":"WiFi Map dans votre ville","open_on_map_-_panel_description":"D\u00e9couvrez nos meilleures villes","about_wifi_title":"A propos WiFi Map","about_wifi_descr":"Donner aux gens du monde entier un acc\u00e8s gratuit \u00e0 Internet","about_wifi_item_1_title":"100 000 000+","about_wifi_item_1_descr":"Utilisateurs dans le monde","about_wifi_item_2_title":"100 MILLIONS","about_wifi_item_2_descr":"R\u00e9seau Hotspots gratuit","about_wifi_item_3_title":"1 MILLIARD","about_wifi_item_3_descr":"Connexions","about_wifi_item_4_title":"200+","about_wifi_item_4_descr":"Pays disponibles","download_wifi_title":"T\u00e9l\u00e9chargez WiFi Map!","download_wifi_item_1_title":"Toujours<be>connect\u00e9","download_wifi_item_1_descr":"Avec WiFi Map","download_wifi_item_2_title":"\u00c9conomisez<br>de l'argent","download_wifi_item_2_descr":"avec WiFi gratuit!","download_wifi_item_3_title":"Connectivit\u00e9<br>s\u00e9curis\u00e9e","download_wifi_item_3_descr":"Dans le monde!","download_wifi_item_4_title":"Changer<br>le monde","download_wifi_item_4_descr":"Avec WiFi Map","og_title":"Wifi Map - #1 WiFi Finder","og_descr":"Connectez-vous \u00e0 tous les points d'acc\u00e8s WiFi gratuits en utilisant l'application WiFi Map partout dans le monde!","meta_keywords":"wifi gratuit, carte wifi, mot de passe wifi, r\u00e9seaux wifi gratuits, point d'acc\u00e8s wifi gratuits","title":"WiFi Map - #1 WiFi Finder","description":"Connectez-vous \u00e0 tous les points d'acc\u00e8s WiFi gratuits en utilisant l'application WiFi Map partout dans le monde!","features_item_title_1":"WiFi Finder","features_item_descr_1":"Trouver et se connecter \u00e0 des r\u00e9seaux WiFi gratuits","features_item_title_2":"VPN","features_item_descr_2":"Gardez votre appareil en s\u00e9curit\u00e9 sur le WiFi public","features_item_title_3":"\u00c9conomiseur de donn\u00e9es cellulaires","features_item_descr_3":"Plus vous utilisez WiFi Map, moins vous d\u00e9pensez en donn\u00e9es cellulaires","features_item_title_4":"Cartes hors ligne","features_item_descr_4":"Navigation hors ligne vers WiFi gratuit dans le monde entier","trusted_by_millions":"Reconnu par des millions","ios_app":"IOS","android_app":"ANDROID","get_pro":"DEVENIR PRO","free_wifi_search":"Recherche WiFi gratuite","over_100m_hotspots":"Plus de 100 millions de point d'acc\u00e8s au choix","sorry_we":"D\u00e9sol\u00e9, nous n'avons pas pu montrer ce lieu","we_found_%number%_hotspots":"Nous avons trouv\u00e9 %number% point d'acc\u00e8s","open_wifi_map":"OUVRIR WIFI MAP","looking_for_free_wifi_in":"Vous cherchez WiFi gratuit dans","addedNewWifi":"Utilisateur a ajout\u00e9 un nouveau WiFi","addedFreeWifi":"Utilisateur a ajout\u00e9 un WiFi gratuit","connectedToWifi":"Utilisateur connect\u00e9 au WiFi","see_all_countries":"Voir tous les pays","free_wifi":"Wifi gratuit","look_at":"Regarder","hotspots_we_know":"Points d'acc\u00e8s que nous connaissons","enter_your_city":"Entrez votre ville","features_item_title_5":"eSIM","features_item_descr_5":"Connect to the Internet when there is no WiFi nearby","get_esim":"GET eSIM","destination_card_title_1":"World","destination_card_title_2":"Europe","destination_card_title_3":"Europe+","destination_card_title_4":"USA, Mexico & Canada","destination_card_title_5":"Latin America","destination_card_title_6":"Africa","destination_card_title_7":"Asia","destination_card_title_8":"Australia & New Zealand","select_esim_plan":"Select eSIM Region:","try_esim":"Try eSIM from WiFi Map","connect_to_the_internet":"Connect to the Internet when there is no WiFi nearby"},"yoast_head":"<!-- This site is optimized with the Yoast SEO plugin v27.3 - https:\/\/yoast.com\/product\/yoast-seo-wordpress\/ -->\n<title>Main page<\/title>\n<meta name=\"robots\" content=\"noindex, nofollow\" \/>\n<meta property=\"og:locale\" content=\"fr_FR\" \/>\n<meta property=\"og:locale:alternate\" content=\"en_US\" \/>\n<meta property=\"og:locale:alternate\" content=\"ru_RU\" \/>\n<meta property=\"og:locale:alternate\" content=\"de_DE\" \/>\n<meta property=\"og:locale:alternate\" content=\"pt_PT\" \/>\n<meta property=\"og:locale:alternate\" content=\"es-ES\" \/>\n<meta property=\"og:locale:alternate\" content=\"in_ID\" \/>\n<meta property=\"og:type\" content=\"article\" \/>\n<meta property=\"og:title\" content=\"Main page\" \/>\n<meta property=\"og:url\" content=\"https:\/\/blog.wifimap.io\/fr\/main-page\/\" \/>\n<meta property=\"og:site_name\" content=\"WiFi Map Blog\" \/>\n<meta property=\"article:publisher\" content=\"https:\/\/www.facebook.com\/wifimap.io\/\" \/>\n<meta property=\"article:modified_time\" content=\"2021-04-19T10:46:48+00:00\" \/>\n<meta name=\"twitter:card\" content=\"summary_large_image\" \/>\n<script type=\"application\/ld+json\" class=\"yoast-schema-graph\">{\"@context\":\"https:\\\/\\\/schema.org\",\"@graph\":[{\"@type\":\"WebPage\",\"@id\":\"https:\\\/\\\/blog.wifimap.io\\\/fr\\\/main-page\\\/\",\"url\":\"https:\\\/\\\/blog.wifimap.io\\\/fr\\\/main-page\\\/\",\"name\":\"Main page\",\"isPartOf\":{\"@id\":\"https:\\\/\\\/172.31.160.186:8080\\\/#website\"},\"datePublished\":\"2020-03-26T12:23:40+00:00\",\"dateModified\":\"2021-04-19T10:46:48+00:00\",\"breadcrumb\":{\"@id\":\"https:\\\/\\\/blog.wifimap.io\\\/fr\\\/main-page\\\/#breadcrumb\"},\"inLanguage\":\"fr-FR\",\"potentialAction\":[{\"@type\":\"ReadAction\",\"target\":[\"https:\\\/\\\/blog.wifimap.io\\\/fr\\\/main-page\\\/\"]}]},{\"@type\":\"BreadcrumbList\",\"@id\":\"https:\\\/\\\/blog.wifimap.io\\\/fr\\\/main-page\\\/#breadcrumb\",\"itemListElement\":[{\"@type\":\"ListItem\",\"position\":1,\"name\":\"Home\",\"item\":\"https:\\\/\\\/172.31.160.186:8080\\\/\"},{\"@type\":\"ListItem\",\"position\":2,\"name\":\"Main page\"}]},{\"@type\":\"WebSite\",\"@id\":\"https:\\\/\\\/172.31.160.186:8080\\\/#website\",\"url\":\"https:\\\/\\\/172.31.160.186:8080\\\/\",\"name\":\"WiFiMap Blog\",\"description\":\"WiFi Map Blog\",\"publisher\":{\"@id\":\"https:\\\/\\\/172.31.160.186:8080\\\/#organization\"},\"potentialAction\":[{\"@type\":\"SearchAction\",\"target\":{\"@type\":\"EntryPoint\",\"urlTemplate\":\"https:\\\/\\\/172.31.160.186:8080\\\/?s={search_term_string}\"},\"query-input\":{\"@type\":\"PropertyValueSpecification\",\"valueRequired\":true,\"valueName\":\"search_term_string\"}}],\"inLanguage\":\"fr-FR\"},{\"@type\":\"Organization\",\"@id\":\"https:\\\/\\\/172.31.160.186:8080\\\/#organization\",\"name\":\"WiFiMap\",\"url\":\"https:\\\/\\\/172.31.160.186:8080\\\/\",\"logo\":{\"@type\":\"ImageObject\",\"inLanguage\":\"fr-FR\",\"@id\":\"https:\\\/\\\/172.31.160.186:8080\\\/#\\\/schema\\\/logo\\\/image\\\/\",\"url\":\"https:\\\/\\\/blog.wifimap.io\\\/wp-content\\\/uploads\\\/2018\\\/12\\\/logo@2x.png\",\"contentUrl\":\"https:\\\/\\\/blog.wifimap.io\\\/wp-content\\\/uploads\\\/2018\\\/12\\\/logo@2x.png\",\"width\":320,\"height\":70,\"caption\":\"WiFiMap\"},\"image\":{\"@id\":\"https:\\\/\\\/172.31.160.186:8080\\\/#\\\/schema\\\/logo\\\/image\\\/\"},\"sameAs\":[\"https:\\\/\\\/www.facebook.com\\\/wifimap.io\\\/\"]}]}<\/script>\n<!-- \/ Yoast SEO plugin. -->","yoast_head_json":{"title":"Main page","robots":{"index":"noindex","follow":"nofollow"},"og_locale":"fr_FR","og_type":"article","og_title":"[:en]Main page[:ru]Main page[:de]Main page[:fr]Main page[:pt]Main page[:es]Main page[:id]Main page[:] - WiFi Map Blog","og_url":"https:\/\/blog.wifimap.io\/fr\/main-page\/","og_site_name":"WiFi Map Blog","article_publisher":"https:\/\/www.facebook.com\/wifimap.io\/","article_modified_time":"2021-04-19T10:46:48+00:00","twitter_card":"summary_large_image","schema":{"@context":"https:\/\/schema.org","@graph":[{"@type":"WebPage","@id":"https:\/\/blog.wifimap.io\/fr\/main-page\/","url":"https:\/\/blog.wifimap.io\/fr\/main-page\/","name":"Main page","isPartOf":{"@id":"https:\/\/172.31.160.186:8080\/#website"},"datePublished":"2020-03-26T12:23:40+00:00","dateModified":"2021-04-19T10:46:48+00:00","breadcrumb":{"@id":"https:\/\/blog.wifimap.io\/fr\/main-page\/#breadcrumb"},"inLanguage":"fr-FR","potentialAction":[{"@type":"ReadAction","target":["https:\/\/blog.wifimap.io\/fr\/main-page\/"]}]},{"@type":"BreadcrumbList","@id":"https:\/\/blog.wifimap.io\/fr\/main-page\/#breadcrumb","itemListElement":[{"@type":"ListItem","position":1,"name":"Home","item":"https:\/\/172.31.160.186:8080\/"},{"@type":"ListItem","position":2,"name":"Main page"}]},{"@type":"WebSite","@id":"https:\/\/172.31.160.186:8080\/#website","url":"https:\/\/172.31.160.186:8080\/","name":"WiFiMap Blog","description":"WiFi Map Blog","publisher":{"@id":"https:\/\/172.31.160.186:8080\/#organization"},"potentialAction":[{"@type":"SearchAction","target":{"@type":"EntryPoint","urlTemplate":"https:\/\/172.31.160.186:8080\/?s={search_term_string}"},"query-input":{"@type":"PropertyValueSpecification","valueRequired":true,"valueName":"search_term_string"}}],"inLanguage":"fr-FR"},{"@type":"Organization","@id":"https:\/\/172.31.160.186:8080\/#organization","name":"WiFiMap","url":"https:\/\/172.31.160.186:8080\/","logo":{"@type":"ImageObject","inLanguage":"fr-FR","@id":"https:\/\/172.31.160.186:8080\/#\/schema\/logo\/image\/","url":"https:\/\/blog.wifimap.io\/wp-content\/uploads\/2018\/12\/logo@2x.png","contentUrl":"https:\/\/blog.wifimap.io\/wp-content\/uploads\/2018\/12\/logo@2x.png","width":320,"height":70,"caption":"WiFiMap"},"image":{"@id":"https:\/\/172.31.160.186:8080\/#\/schema\/logo\/image\/"},"sameAs":["https:\/\/www.facebook.com\/wifimap.io\/"]}]}},"_links":{"self":[{"href":"https:\/\/blog.wifimap.io\/fr\/wp-json\/wp\/v2\/pages\/420","targetHints":{"allow":["GET"]}}],"collection":[{"href":"https:\/\/blog.wifimap.io\/fr\/wp-json\/wp\/v2\/pages"}],"about":[{"href":"https:\/\/blog.wifimap.io\/fr\/wp-json\/wp\/v2\/types\/page"}],"author":[{"embeddable":true,"href":"https:\/\/blog.wifimap.io\/fr\/wp-json\/wp\/v2\/users\/1"}],"replies":[{"embeddable":true,"href":"https:\/\/blog.wifimap.io\/fr\/wp-json\/wp\/v2\/comments?post=420"}],"version-history":[{"count":90,"href":"https:\/\/blog.wifimap.io\/fr\/wp-json\/wp\/v2\/pages\/420\/revisions"}],"predecessor-version":[{"id":3800,"href":"https:\/\/blog.wifimap.io\/fr\/wp-json\/wp\/v2\/pages\/420\/revisions\/3800"}],"wp:attachment":[{"href":"https:\/\/blog.wifimap.io\/fr\/wp-json\/wp\/v2\/media?parent=420"}],"curies":[{"name":"wp","href":"https:\/\/api.w.org\/{rel}","templated":true}]}}