{"id":1298,"date":"2020-04-15T10:09:20","date_gmt":"2020-04-15T10:09:20","guid":{"rendered":"https:\/\/blog.wifimap.io\/?page_id=1298"},"modified":"2020-10-26T12:30:29","modified_gmt":"2020-10-26T12:30:29","slug":"pro","status":"publish","type":"page","link":"https:\/\/blog.wifimap.io\/fr\/pro\/","title":{"rendered":"Pro"},"content":{"rendered":""},"excerpt":{"rendered":"","protected":false},"author":1,"featured_media":0,"parent":0,"menu_order":0,"comment_status":"closed","ping_status":"closed","template":"","meta":{"_acf_changed":false,"footnotes":""},"class_list":["post-1298","page","type-page","status-publish","hentry"],"acf":{"og_title":"WiFi Map - #1 WiFi Finder","og_descr":"Connectez-vous \u00e0 tous les points d'acc\u00e8s WiFi gratuits en utilisant l'application WiFi Map partout dans le monde!","meta_keywords":"wifi gratuit, carte wifi, mot de passe wifi, r\u00e9seaux wifi gratuits, point d'acc\u00e8s wifi gratuits","title":"WiFi Map - #1 WiFi Finder","description":"Connectez-vous \u00e0 tous les points d'acc\u00e8s WiFi gratuits en utilisant l'application WiFi Map partout dans le monde!","with_pro_you_will_get":"Avec la version PRO, vous obtiendrez","free_internet":"Internet gratuit","our_wifi_finder_feature":"Notre fonction WiFi Finder facilite la localisation et la connexion aux r\u00e9seaux WiFi gratuits afin que vous puissiez obtenir un Internet rapide et fiable o\u00f9 que vous soyez, que vous achetiez, d\u00eeniez et voyagiez","unlimited_secure_vpn":"VPN S\u00e9curis\u00e9 Illimit\u00e9","get_unlimited_access":"Obtenez un acc\u00e8s illimit\u00e9 \u00e0 toutes les applications et sites Web malgr\u00e9 les restrictions r\u00e9gionales. S\u00e9curisez votre navigation contre le phishing et les attaques de pirates","offline_maps":"Cartes hors ligne","download_areas":"T\u00e9l\u00e9chargez des zones et naviguez simplement hors ligne. Si vous allez o\u00f9 Internet est lent, les donn\u00e9es mobiles sont ch\u00e8res ou vous ne pouvez pas vous connecter, vous pouvez enregistrer une zone de WiFi Map sur votre t\u00e9l\u00e9phone ou votre tablette et l'utiliser lorsque vous \u00eates hors ligne","no_ads":"Pas de pubs","get_unlimited_wifi_access":"Obtenez un acc\u00e8s WiFi illimit\u00e9","discount_on_pro_subscription":"30% de r\u00e9duction sur l'abonnement PRO","upgrade_to_pro":"Passez \u00e0 la version Pro","get_unlimited_access_part_2":"Plus d'offres ennuyeuses et non pertinentes. Pas de buzz, juste tous les points d'acc\u00e8s \u00e0 proximit\u00e9!"},"yoast_head":"<!-- This site is optimized with the Yoast SEO plugin v27.6 - https:\/\/yoast.com\/product\/yoast-seo-wordpress\/ -->\n<title>Pro<\/title>\n<meta name=\"robots\" content=\"noindex, nofollow\" \/>\n<meta property=\"og:locale\" content=\"fr_FR\" \/>\n<meta property=\"og:locale:alternate\" content=\"en_US\" \/>\n<meta property=\"og:locale:alternate\" content=\"ru_RU\" \/>\n<meta property=\"og:locale:alternate\" content=\"de_DE\" \/>\n<meta property=\"og:locale:alternate\" content=\"pt_PT\" \/>\n<meta property=\"og:locale:alternate\" content=\"es-ES\" \/>\n<meta property=\"og:locale:alternate\" content=\"in_ID\" \/>\n<meta property=\"og:type\" content=\"article\" \/>\n<meta property=\"og:title\" content=\"Pro\" \/>\n<meta property=\"og:url\" content=\"https:\/\/blog.wifimap.io\/fr\/pro\/\" \/>\n<meta property=\"og:site_name\" content=\"WiFi Map Blog\" \/>\n<meta property=\"article:publisher\" content=\"https:\/\/www.facebook.com\/wifimap.io\/\" \/>\n<meta property=\"article:modified_time\" content=\"2020-10-26T12:30:29+00:00\" \/>\n<meta name=\"twitter:card\" content=\"summary_large_image\" \/>\n<script type=\"application\/ld+json\" class=\"yoast-schema-graph\">{\"@context\":\"https:\\\/\\\/schema.org\",\"@graph\":[{\"@type\":\"WebPage\",\"@id\":\"https:\\\/\\\/blog.wifimap.io\\\/pt\\\/pro\\\/\",\"url\":\"https:\\\/\\\/blog.wifimap.io\\\/pt\\\/pro\\\/\",\"name\":\"Pro\",\"isPartOf\":{\"@id\":\"https:\\\/\\\/172.31.172.52:8080\\\/#website\"},\"datePublished\":\"2020-04-15T10:09:20+00:00\",\"dateModified\":\"2020-10-26T12:30:29+00:00\",\"breadcrumb\":{\"@id\":\"https:\\\/\\\/blog.wifimap.io\\\/pt\\\/pro\\\/#breadcrumb\"},\"inLanguage\":\"fr-FR\",\"potentialAction\":[{\"@type\":\"ReadAction\",\"target\":[\"https:\\\/\\\/blog.wifimap.io\\\/pt\\\/pro\\\/\"]}]},{\"@type\":\"BreadcrumbList\",\"@id\":\"https:\\\/\\\/blog.wifimap.io\\\/pt\\\/pro\\\/#breadcrumb\",\"itemListElement\":[{\"@type\":\"ListItem\",\"position\":1,\"name\":\"Home\",\"item\":\"https:\\\/\\\/172.31.172.52:8080\\\/\"},{\"@type\":\"ListItem\",\"position\":2,\"name\":\"Pro\"}]},{\"@type\":\"WebSite\",\"@id\":\"https:\\\/\\\/172.31.172.52:8080\\\/#website\",\"url\":\"https:\\\/\\\/172.31.172.52:8080\\\/\",\"name\":\"WiFiMap Blog\",\"description\":\"WiFi Map Blog\",\"publisher\":{\"@id\":\"https:\\\/\\\/172.31.172.52:8080\\\/#organization\"},\"potentialAction\":[{\"@type\":\"SearchAction\",\"target\":{\"@type\":\"EntryPoint\",\"urlTemplate\":\"https:\\\/\\\/172.31.172.52:8080\\\/?s={search_term_string}\"},\"query-input\":{\"@type\":\"PropertyValueSpecification\",\"valueRequired\":true,\"valueName\":\"search_term_string\"}}],\"inLanguage\":\"fr-FR\"},{\"@type\":\"Organization\",\"@id\":\"https:\\\/\\\/172.31.172.52:8080\\\/#organization\",\"name\":\"WiFiMap\",\"url\":\"https:\\\/\\\/172.31.172.52:8080\\\/\",\"logo\":{\"@type\":\"ImageObject\",\"inLanguage\":\"fr-FR\",\"@id\":\"https:\\\/\\\/172.31.172.52:8080\\\/#\\\/schema\\\/logo\\\/image\\\/\",\"url\":\"https:\\\/\\\/blog.wifimap.io\\\/wp-content\\\/uploads\\\/2018\\\/12\\\/logo@2x.png\",\"contentUrl\":\"https:\\\/\\\/blog.wifimap.io\\\/wp-content\\\/uploads\\\/2018\\\/12\\\/logo@2x.png\",\"width\":320,\"height\":70,\"caption\":\"WiFiMap\"},\"image\":{\"@id\":\"https:\\\/\\\/172.31.172.52:8080\\\/#\\\/schema\\\/logo\\\/image\\\/\"},\"sameAs\":[\"https:\\\/\\\/www.facebook.com\\\/wifimap.io\\\/\"]}]}<\/script>\n<!-- \/ Yoast SEO plugin. -->","yoast_head_json":{"title":"Pro","robots":{"index":"noindex","follow":"nofollow"},"og_locale":"fr_FR","og_type":"article","og_title":"[:en]Pro[:ru]Pro[:de]Pro[:fr]Pro[:pt]Pro[:es]Pro[:id]Pro[:] - WiFi Map Blog","og_url":"https:\/\/blog.wifimap.io\/fr\/pro\/","og_site_name":"WiFi Map Blog","article_publisher":"https:\/\/www.facebook.com\/wifimap.io\/","article_modified_time":"2020-10-26T12:30:29+00:00","twitter_card":"summary_large_image","schema":{"@context":"https:\/\/schema.org","@graph":[{"@type":"WebPage","@id":"https:\/\/blog.wifimap.io\/pt\/pro\/","url":"https:\/\/blog.wifimap.io\/pt\/pro\/","name":"Pro","isPartOf":{"@id":"https:\/\/172.31.172.52:8080\/#website"},"datePublished":"2020-04-15T10:09:20+00:00","dateModified":"2020-10-26T12:30:29+00:00","breadcrumb":{"@id":"https:\/\/blog.wifimap.io\/pt\/pro\/#breadcrumb"},"inLanguage":"fr-FR","potentialAction":[{"@type":"ReadAction","target":["https:\/\/blog.wifimap.io\/pt\/pro\/"]}]},{"@type":"BreadcrumbList","@id":"https:\/\/blog.wifimap.io\/pt\/pro\/#breadcrumb","itemListElement":[{"@type":"ListItem","position":1,"name":"Home","item":"https:\/\/172.31.172.52:8080\/"},{"@type":"ListItem","position":2,"name":"Pro"}]},{"@type":"WebSite","@id":"https:\/\/172.31.172.52:8080\/#website","url":"https:\/\/172.31.172.52:8080\/","name":"WiFiMap Blog","description":"WiFi Map Blog","publisher":{"@id":"https:\/\/172.31.172.52:8080\/#organization"},"potentialAction":[{"@type":"SearchAction","target":{"@type":"EntryPoint","urlTemplate":"https:\/\/172.31.172.52:8080\/?s={search_term_string}"},"query-input":{"@type":"PropertyValueSpecification","valueRequired":true,"valueName":"search_term_string"}}],"inLanguage":"fr-FR"},{"@type":"Organization","@id":"https:\/\/172.31.172.52:8080\/#organization","name":"WiFiMap","url":"https:\/\/172.31.172.52:8080\/","logo":{"@type":"ImageObject","inLanguage":"fr-FR","@id":"https:\/\/172.31.172.52:8080\/#\/schema\/logo\/image\/","url":"https:\/\/blog.wifimap.io\/wp-content\/uploads\/2018\/12\/logo@2x.png","contentUrl":"https:\/\/blog.wifimap.io\/wp-content\/uploads\/2018\/12\/logo@2x.png","width":320,"height":70,"caption":"WiFiMap"},"image":{"@id":"https:\/\/172.31.172.52:8080\/#\/schema\/logo\/image\/"},"sameAs":["https:\/\/www.facebook.com\/wifimap.io\/"]}]}},"_links":{"self":[{"href":"https:\/\/blog.wifimap.io\/fr\/wp-json\/wp\/v2\/pages\/1298","targetHints":{"allow":["GET"]}}],"collection":[{"href":"https:\/\/blog.wifimap.io\/fr\/wp-json\/wp\/v2\/pages"}],"about":[{"href":"https:\/\/blog.wifimap.io\/fr\/wp-json\/wp\/v2\/types\/page"}],"author":[{"embeddable":true,"href":"https:\/\/blog.wifimap.io\/fr\/wp-json\/wp\/v2\/users\/1"}],"replies":[{"embeddable":true,"href":"https:\/\/blog.wifimap.io\/fr\/wp-json\/wp\/v2\/comments?post=1298"}],"version-history":[{"count":27,"href":"https:\/\/blog.wifimap.io\/fr\/wp-json\/wp\/v2\/pages\/1298\/revisions"}],"predecessor-version":[{"id":3216,"href":"https:\/\/blog.wifimap.io\/fr\/wp-json\/wp\/v2\/pages\/1298\/revisions\/3216"}],"wp:attachment":[{"href":"https:\/\/blog.wifimap.io\/fr\/wp-json\/wp\/v2\/media?parent=1298"}],"curies":[{"name":"wp","href":"https:\/\/api.w.org\/{rel}","templated":true}]}}