{"id":1210,"date":"2020-04-13T13:04:32","date_gmt":"2020-04-13T13:04:32","guid":{"rendered":"https:\/\/blog.wifimap.io\/?page_id=1210"},"modified":"2020-09-29T16:19:03","modified_gmt":"2020-09-29T16:19:03","slug":"city","status":"publish","type":"page","link":"https:\/\/blog.wifimap.io\/fr\/city\/","title":{"rendered":"City"},"content":{"rendered":""},"excerpt":{"rendered":"","protected":false},"author":1,"featured_media":0,"parent":0,"menu_order":0,"comment_status":"closed","ping_status":"closed","template":"","meta":{"_acf_changed":false,"footnotes":""},"class_list":["post-1210","page","type-page","status-publish","hentry"],"acf":{"og_title":"WiFi Map - #1 WiFi Finder","og_descr":"Connectez-vous \u00e0 tous les points d'acc\u00e8s WiFi gratuits en utilisant l'application WiFi Map partout dans le monde!","meta_keywords":"wifi gratuit, carte wifi, mot de passe wifi, r\u00e9seaux wifi gratuits, point d'acc\u00e8s wifi gratuits","title":"WiFi Map - #1 WiFi Finder","description":"Connectez-vous \u00e0 tous les points d'acc\u00e8s WiFi gratuits en utilisant l'application WiFi Map partout dans le monde!","usu":"Utilisez ! Partagez ! Mettez \u00e0 jour!","love_free_wifi":"Si vous aimez le WiFi gratuit autant que nous et que vous souhaitez aider les autres \u00e0 trouver un WiFi gratuit et fiable, alors vous \u00eates au bon endroit. Les vraies personnes ajoutent des millions de nouveaux WiFis et vous aussi!","learn_more":"En savoir plus sur WiFi Map","can_get_open":"O\u00f9 vous pouvez obtenir Internet ouvert","cities_near":"Villes avec Wi-Fi gratuit \u00e0 proximit\u00e9","free_wifis":"Wifi gratuit","free_wifis_in":"WiFi gratuit dans","connect_with":"Connectez-vous avec les meilleurs points d'acc\u00e8s WiFi de","expand":"D\u00e9velopper","features":"Caract\u00e9ristiques de WiFi Map","finder":"WiFi Finder","our_wifi_finder":"Notre application WiFi Finder facilite la localisation et la connexion aux r\u00e9seaux WiFi gratuits afin que vous puissiez obtenir un Internet rapide et fiable partout o\u00f9 vous magasinez, d\u00eenez et voyagez.","offline_maps":"Cartes hors ligne","download_areas":"T\u00e9l\u00e9chargez des zones et naviguez hors ligne. Si vous allez l\u00e0 o\u00f9 Internet est lent, que les donn\u00e9es mobiles sont ch\u00e8res ou que vous ne pouvez pas vous connecter, vous pouvez enregistrer une zone de WiFi Map sur votre t\u00e9l\u00e9phone ou votre tablette et l'utiliser lorsque vous \u00eates hors ligne.","data_saver":"\u00c9conomiseur de donn\u00e9es","use_less_data":"Utilisez moins de donn\u00e9es avec l'\u00e9conomiseur de donn\u00e9es de WiFi Map. Vous pouvez r\u00e9duire votre facture de t\u00e9l\u00e9phone ou charger des pages Web plus rapidement sur des connexions lentes en r\u00e9duisant la quantit\u00e9 de donn\u00e9es que votre appareil utilise.","vpn":"VPN","offers":"WiFi Map offre un acc\u00e8s Internet priv\u00e9 pour votre s\u00e9curit\u00e9 et votre confidentialit\u00e9. Le VPN est un r\u00e9seau priv\u00e9 virtuel qui vous permet d'avoir une connexion s\u00e9curis\u00e9e entre votre appareil et un serveur Internet que personne ne peut surveiller ou acc\u00e9der aux donn\u00e9es que vous \u00e9changez.","more":"Obtenez plus avec l'application WiFi Map","loading":"\u0421hargement","cities_near_in":"Villes avec Wi-Fi gratuit \u00e0 proximit\u00e9","show_all_cities":"Afficher toutes les villes","where_open_internet":"O\u00f9 vous pouvez obtenir Internet ouvert"},"yoast_head":"<!-- This site is optimized with the Yoast SEO plugin v27.3 - https:\/\/yoast.com\/product\/yoast-seo-wordpress\/ -->\n<title>City<\/title>\n<meta name=\"robots\" content=\"noindex, nofollow\" \/>\n<meta property=\"og:locale\" content=\"fr_FR\" \/>\n<meta property=\"og:locale:alternate\" content=\"en_US\" \/>\n<meta property=\"og:locale:alternate\" content=\"ru_RU\" \/>\n<meta property=\"og:locale:alternate\" content=\"de_DE\" \/>\n<meta property=\"og:locale:alternate\" content=\"pt_PT\" \/>\n<meta property=\"og:locale:alternate\" content=\"es-ES\" \/>\n<meta property=\"og:locale:alternate\" content=\"in_ID\" \/>\n<meta property=\"og:type\" content=\"article\" \/>\n<meta property=\"og:title\" content=\"City\" \/>\n<meta property=\"og:url\" content=\"https:\/\/blog.wifimap.io\/fr\/city\/\" \/>\n<meta property=\"og:site_name\" content=\"WiFi Map Blog\" \/>\n<meta property=\"article:publisher\" content=\"https:\/\/www.facebook.com\/wifimap.io\/\" \/>\n<meta property=\"article:modified_time\" content=\"2020-09-29T16:19:03+00:00\" \/>\n<meta name=\"twitter:card\" content=\"summary_large_image\" \/>\n<script type=\"application\/ld+json\" class=\"yoast-schema-graph\">{\"@context\":\"https:\\\/\\\/schema.org\",\"@graph\":[{\"@type\":\"WebPage\",\"@id\":\"https:\\\/\\\/blog.wifimap.io\\\/city\\\/\",\"url\":\"https:\\\/\\\/blog.wifimap.io\\\/city\\\/\",\"name\":\"City\",\"isPartOf\":{\"@id\":\"https:\\\/\\\/blog.wifimap.io\\\/#website\"},\"datePublished\":\"2020-04-13T13:04:32+00:00\",\"dateModified\":\"2020-09-29T16:19:03+00:00\",\"breadcrumb\":{\"@id\":\"https:\\\/\\\/blog.wifimap.io\\\/city\\\/#breadcrumb\"},\"inLanguage\":\"fr-FR\",\"potentialAction\":[{\"@type\":\"ReadAction\",\"target\":[\"https:\\\/\\\/blog.wifimap.io\\\/city\\\/\"]}]},{\"@type\":\"BreadcrumbList\",\"@id\":\"https:\\\/\\\/blog.wifimap.io\\\/city\\\/#breadcrumb\",\"itemListElement\":[{\"@type\":\"ListItem\",\"position\":1,\"name\":\"Home\",\"item\":\"https:\\\/\\\/blog.wifimap.io\\\/\"},{\"@type\":\"ListItem\",\"position\":2,\"name\":\"City\"}]},{\"@type\":\"WebSite\",\"@id\":\"https:\\\/\\\/blog.wifimap.io\\\/#website\",\"url\":\"https:\\\/\\\/blog.wifimap.io\\\/\",\"name\":\"WiFiMap Blog\",\"description\":\"WiFi Map Blog\",\"publisher\":{\"@id\":\"https:\\\/\\\/blog.wifimap.io\\\/#organization\"},\"potentialAction\":[{\"@type\":\"SearchAction\",\"target\":{\"@type\":\"EntryPoint\",\"urlTemplate\":\"https:\\\/\\\/blog.wifimap.io\\\/?s={search_term_string}\"},\"query-input\":{\"@type\":\"PropertyValueSpecification\",\"valueRequired\":true,\"valueName\":\"search_term_string\"}}],\"inLanguage\":\"fr-FR\"},{\"@type\":\"Organization\",\"@id\":\"https:\\\/\\\/blog.wifimap.io\\\/#organization\",\"name\":\"WiFiMap\",\"url\":\"https:\\\/\\\/blog.wifimap.io\\\/\",\"logo\":{\"@type\":\"ImageObject\",\"inLanguage\":\"fr-FR\",\"@id\":\"https:\\\/\\\/blog.wifimap.io\\\/#\\\/schema\\\/logo\\\/image\\\/\",\"url\":\"https:\\\/\\\/blog.wifimap.io\\\/wp-content\\\/uploads\\\/2018\\\/12\\\/logo@2x.png\",\"contentUrl\":\"https:\\\/\\\/blog.wifimap.io\\\/wp-content\\\/uploads\\\/2018\\\/12\\\/logo@2x.png\",\"width\":320,\"height\":70,\"caption\":\"WiFiMap\"},\"image\":{\"@id\":\"https:\\\/\\\/blog.wifimap.io\\\/#\\\/schema\\\/logo\\\/image\\\/\"},\"sameAs\":[\"https:\\\/\\\/www.facebook.com\\\/wifimap.io\\\/\"]}]}<\/script>\n<!-- \/ Yoast SEO plugin. -->","yoast_head_json":{"title":"City","robots":{"index":"noindex","follow":"nofollow"},"og_locale":"fr_FR","og_type":"article","og_title":"[:en]City[:ru]City[:de]City[:fr]City[:pt]City[:es]City[:id]City[:] - WiFi Map Blog","og_url":"https:\/\/blog.wifimap.io\/fr\/city\/","og_site_name":"WiFi Map Blog","article_publisher":"https:\/\/www.facebook.com\/wifimap.io\/","article_modified_time":"2020-09-29T16:19:03+00:00","twitter_card":"summary_large_image","schema":{"@context":"https:\/\/schema.org","@graph":[{"@type":"WebPage","@id":"https:\/\/blog.wifimap.io\/city\/","url":"https:\/\/blog.wifimap.io\/city\/","name":"City","isPartOf":{"@id":"https:\/\/blog.wifimap.io\/#website"},"datePublished":"2020-04-13T13:04:32+00:00","dateModified":"2020-09-29T16:19:03+00:00","breadcrumb":{"@id":"https:\/\/blog.wifimap.io\/city\/#breadcrumb"},"inLanguage":"fr-FR","potentialAction":[{"@type":"ReadAction","target":["https:\/\/blog.wifimap.io\/city\/"]}]},{"@type":"BreadcrumbList","@id":"https:\/\/blog.wifimap.io\/city\/#breadcrumb","itemListElement":[{"@type":"ListItem","position":1,"name":"Home","item":"https:\/\/blog.wifimap.io\/"},{"@type":"ListItem","position":2,"name":"City"}]},{"@type":"WebSite","@id":"https:\/\/blog.wifimap.io\/#website","url":"https:\/\/blog.wifimap.io\/","name":"WiFiMap Blog","description":"WiFi Map Blog","publisher":{"@id":"https:\/\/blog.wifimap.io\/#organization"},"potentialAction":[{"@type":"SearchAction","target":{"@type":"EntryPoint","urlTemplate":"https:\/\/blog.wifimap.io\/?s={search_term_string}"},"query-input":{"@type":"PropertyValueSpecification","valueRequired":true,"valueName":"search_term_string"}}],"inLanguage":"fr-FR"},{"@type":"Organization","@id":"https:\/\/blog.wifimap.io\/#organization","name":"WiFiMap","url":"https:\/\/blog.wifimap.io\/","logo":{"@type":"ImageObject","inLanguage":"fr-FR","@id":"https:\/\/blog.wifimap.io\/#\/schema\/logo\/image\/","url":"https:\/\/blog.wifimap.io\/wp-content\/uploads\/2018\/12\/logo@2x.png","contentUrl":"https:\/\/blog.wifimap.io\/wp-content\/uploads\/2018\/12\/logo@2x.png","width":320,"height":70,"caption":"WiFiMap"},"image":{"@id":"https:\/\/blog.wifimap.io\/#\/schema\/logo\/image\/"},"sameAs":["https:\/\/www.facebook.com\/wifimap.io\/"]}]}},"_links":{"self":[{"href":"https:\/\/blog.wifimap.io\/fr\/wp-json\/wp\/v2\/pages\/1210","targetHints":{"allow":["GET"]}}],"collection":[{"href":"https:\/\/blog.wifimap.io\/fr\/wp-json\/wp\/v2\/pages"}],"about":[{"href":"https:\/\/blog.wifimap.io\/fr\/wp-json\/wp\/v2\/types\/page"}],"author":[{"embeddable":true,"href":"https:\/\/blog.wifimap.io\/fr\/wp-json\/wp\/v2\/users\/1"}],"replies":[{"embeddable":true,"href":"https:\/\/blog.wifimap.io\/fr\/wp-json\/wp\/v2\/comments?post=1210"}],"version-history":[{"count":31,"href":"https:\/\/blog.wifimap.io\/fr\/wp-json\/wp\/v2\/pages\/1210\/revisions"}],"predecessor-version":[{"id":2660,"href":"https:\/\/blog.wifimap.io\/fr\/wp-json\/wp\/v2\/pages\/1210\/revisions\/2660"}],"wp:attachment":[{"href":"https:\/\/blog.wifimap.io\/fr\/wp-json\/wp\/v2\/media?parent=1210"}],"curies":[{"name":"wp","href":"https:\/\/api.w.org\/{rel}","templated":true}]}}