{"id":490,"date":"2020-03-26T15:04:14","date_gmt":"2020-03-26T15:04:14","guid":{"rendered":"https:\/\/blog.wifimap.io\/?page_id=490"},"modified":"2020-10-12T12:45:59","modified_gmt":"2020-10-12T12:45:59","slug":"countries","status":"publish","type":"page","link":"https:\/\/blog.wifimap.io\/es\/countries\/","title":{"rendered":"Countries (Online map)"},"content":{"rendered":""},"excerpt":{"rendered":"","protected":false},"author":1,"featured_media":0,"parent":0,"menu_order":0,"comment_status":"closed","ping_status":"closed","template":"","meta":{"_acf_changed":false,"footnotes":""},"class_list":["post-490","page","type-page","status-publish","hentry"],"acf":{"title":"WiFi Map - buscador de WiFi n\u00famero 1","description":"Nuestra misi\u00f3n - Conectar todo el mundo a una sola red WiFi a la vez. Empezamos en 2014 y ahora somos la herramienta de conectividad a Internet n\u00famero uno.","item_1_title":"WiFi Finder","item_1_descr":"Nuestra aplicaci\u00f3n WiFi finder facilita la localizaci\u00f3n y la conexi\u00f3n a las redes WiFi gratuitas para que puedas obtener Internet r\u00e1pido y fiable sobre la marcha en los lugares donde compras, cenas y viajas.","item_2_title":"Mapas sin conexi\u00f3n","item_2_descr":"Descarga mapas y navega sin conexi\u00f3n. Si vas donde Internet es lento, los datos m\u00f3viles son caros o no puedes conectarte, puedes guardar un \u00e1rea de WiFi Map en tu tel\u00e9fono y usarla cuando est\u00e9s desconectado.","item_3_title":"Data Saver","item_3_descr":"Usa menos datos m\u00f3viles con WiFi Map's Data Saver. Puedes reducir tu factura de tel\u00e9fono o cargar las p\u00e1ginas web m\u00e1s r\u00e1pido en conexiones lentas reduciendo la cantidad de datos que utiliza tu dispositivo.","item_4_title":"VPN","item_4_descr":"WiFi Map ofrece acceso privado a Internet para tu seguridad y privacidad. Una VPN es una red privada virtual que te permite tener una conexi\u00f3n segura entre tu dispositivo y un servidor de Internet que nadie puede supervisar o acceder a los datos que est\u00e1s facilitando.","meta_keywords":"wifi gratis, mapa wifi, contrase\u00f1a wifi, red de wifi gratis, puntos de acceso con wifi gratis","og_title":"WiFi Map - buscador de WiFi n\u00famero 1","og_descr":"Nuestra misi\u00f3n - Conectar todo el mundo a una sola red WiFi a la vez. Empezamos en 2014 y ahora somos la herramienta de conectividad a Internet n\u00famero uno.","free_wifi":"WiFi gratis","select_your_location":"Elige tu ubicaci\u00f3n","north_america":"Am\u00e9rica del Norte","south_america":"Am\u00e9rica del Sur","europe":"Europa","asia_pacific":"Pac\u00edfico Asi\u00e1tico","middle_east":"Oriente Medio","africa":"\u00c1frica","content_title":"WiFi Map - #1 Buscador WiFi","content_description":"Nuestra misi\u00f3n - Conectar todo el mundo a una sola red WiFi a la vez. Empezamos en 2014 y ahora somos la herramienta de conectividad a Internet n\u00famero uno."},"yoast_head":"<!-- This site is optimized with the Yoast SEO plugin v27.6 - https:\/\/yoast.com\/product\/yoast-seo-wordpress\/ -->\n<title>Countries (Online map)<\/title>\n<meta name=\"robots\" content=\"noindex, nofollow\" \/>\n<meta property=\"og:locale\" content=\"es_ES\" \/>\n<meta property=\"og:locale:alternate\" content=\"en_US\" \/>\n<meta property=\"og:locale:alternate\" content=\"ru_RU\" \/>\n<meta property=\"og:locale:alternate\" content=\"de_DE\" \/>\n<meta property=\"og:locale:alternate\" content=\"fr_FR\" \/>\n<meta property=\"og:locale:alternate\" content=\"pt_PT\" \/>\n<meta property=\"og:locale:alternate\" content=\"in_ID\" \/>\n<meta property=\"og:type\" content=\"article\" \/>\n<meta property=\"og:title\" content=\"Countries (Online map)\" \/>\n<meta property=\"og:url\" content=\"https:\/\/blog.wifimap.io\/es\/countries\/\" \/>\n<meta property=\"og:site_name\" content=\"WiFi Map Blog\" \/>\n<meta property=\"article:publisher\" content=\"https:\/\/www.facebook.com\/wifimap.io\/\" \/>\n<meta property=\"article:modified_time\" content=\"2020-10-12T12:45:59+00:00\" \/>\n<meta name=\"twitter:card\" content=\"summary_large_image\" \/>\n<script type=\"application\/ld+json\" class=\"yoast-schema-graph\">{\"@context\":\"https:\\\/\\\/schema.org\",\"@graph\":[{\"@type\":\"WebPage\",\"@id\":\"https:\\\/\\\/blog.wifimap.io\\\/countries\\\/\",\"url\":\"https:\\\/\\\/blog.wifimap.io\\\/countries\\\/\",\"name\":\"Countries (Online map)\",\"isPartOf\":{\"@id\":\"https:\\\/\\\/172.31.172.52:8080\\\/#website\"},\"datePublished\":\"2020-03-26T15:04:14+00:00\",\"dateModified\":\"2020-10-12T12:45:59+00:00\",\"breadcrumb\":{\"@id\":\"https:\\\/\\\/blog.wifimap.io\\\/countries\\\/#breadcrumb\"},\"inLanguage\":\"es-ES\",\"potentialAction\":[{\"@type\":\"ReadAction\",\"target\":[\"https:\\\/\\\/blog.wifimap.io\\\/countries\\\/\"]}]},{\"@type\":\"BreadcrumbList\",\"@id\":\"https:\\\/\\\/blog.wifimap.io\\\/countries\\\/#breadcrumb\",\"itemListElement\":[{\"@type\":\"ListItem\",\"position\":1,\"name\":\"Home\",\"item\":\"https:\\\/\\\/172.31.172.52:8080\\\/\"},{\"@type\":\"ListItem\",\"position\":2,\"name\":\"Countries (Online map)\"}]},{\"@type\":\"WebSite\",\"@id\":\"https:\\\/\\\/172.31.172.52:8080\\\/#website\",\"url\":\"https:\\\/\\\/172.31.172.52:8080\\\/\",\"name\":\"WiFiMap Blog\",\"description\":\"WiFi Map Blog\",\"publisher\":{\"@id\":\"https:\\\/\\\/172.31.172.52:8080\\\/#organization\"},\"potentialAction\":[{\"@type\":\"SearchAction\",\"target\":{\"@type\":\"EntryPoint\",\"urlTemplate\":\"https:\\\/\\\/172.31.172.52:8080\\\/?s={search_term_string}\"},\"query-input\":{\"@type\":\"PropertyValueSpecification\",\"valueRequired\":true,\"valueName\":\"search_term_string\"}}],\"inLanguage\":\"es-ES\"},{\"@type\":\"Organization\",\"@id\":\"https:\\\/\\\/172.31.172.52:8080\\\/#organization\",\"name\":\"WiFiMap\",\"url\":\"https:\\\/\\\/172.31.172.52:8080\\\/\",\"logo\":{\"@type\":\"ImageObject\",\"inLanguage\":\"es-ES\",\"@id\":\"https:\\\/\\\/172.31.172.52:8080\\\/#\\\/schema\\\/logo\\\/image\\\/\",\"url\":\"https:\\\/\\\/blog.wifimap.io\\\/wp-content\\\/uploads\\\/2018\\\/12\\\/logo@2x.png\",\"contentUrl\":\"https:\\\/\\\/blog.wifimap.io\\\/wp-content\\\/uploads\\\/2018\\\/12\\\/logo@2x.png\",\"width\":320,\"height\":70,\"caption\":\"WiFiMap\"},\"image\":{\"@id\":\"https:\\\/\\\/172.31.172.52:8080\\\/#\\\/schema\\\/logo\\\/image\\\/\"},\"sameAs\":[\"https:\\\/\\\/www.facebook.com\\\/wifimap.io\\\/\"]}]}<\/script>\n<!-- \/ Yoast SEO plugin. -->","yoast_head_json":{"title":"Countries (Online map)","robots":{"index":"noindex","follow":"nofollow"},"og_locale":"es_ES","og_type":"article","og_title":"[:en]Countries (Online map)[:ru]Countries (Online map)[:de]Countries (Online map)[:fr]Countries (Online map)[:pt]Countries (Online map)[:es]Countries (Online map)[:id]Countries (Online map)[:] - WiFi Map Blog","og_url":"https:\/\/blog.wifimap.io\/es\/countries\/","og_site_name":"WiFi Map Blog","article_publisher":"https:\/\/www.facebook.com\/wifimap.io\/","article_modified_time":"2020-10-12T12:45:59+00:00","twitter_card":"summary_large_image","schema":{"@context":"https:\/\/schema.org","@graph":[{"@type":"WebPage","@id":"https:\/\/blog.wifimap.io\/countries\/","url":"https:\/\/blog.wifimap.io\/countries\/","name":"Countries (Online map)","isPartOf":{"@id":"https:\/\/172.31.172.52:8080\/#website"},"datePublished":"2020-03-26T15:04:14+00:00","dateModified":"2020-10-12T12:45:59+00:00","breadcrumb":{"@id":"https:\/\/blog.wifimap.io\/countries\/#breadcrumb"},"inLanguage":"es-ES","potentialAction":[{"@type":"ReadAction","target":["https:\/\/blog.wifimap.io\/countries\/"]}]},{"@type":"BreadcrumbList","@id":"https:\/\/blog.wifimap.io\/countries\/#breadcrumb","itemListElement":[{"@type":"ListItem","position":1,"name":"Home","item":"https:\/\/172.31.172.52:8080\/"},{"@type":"ListItem","position":2,"name":"Countries (Online map)"}]},{"@type":"WebSite","@id":"https:\/\/172.31.172.52:8080\/#website","url":"https:\/\/172.31.172.52:8080\/","name":"WiFiMap Blog","description":"WiFi Map Blog","publisher":{"@id":"https:\/\/172.31.172.52:8080\/#organization"},"potentialAction":[{"@type":"SearchAction","target":{"@type":"EntryPoint","urlTemplate":"https:\/\/172.31.172.52:8080\/?s={search_term_string}"},"query-input":{"@type":"PropertyValueSpecification","valueRequired":true,"valueName":"search_term_string"}}],"inLanguage":"es-ES"},{"@type":"Organization","@id":"https:\/\/172.31.172.52:8080\/#organization","name":"WiFiMap","url":"https:\/\/172.31.172.52:8080\/","logo":{"@type":"ImageObject","inLanguage":"es-ES","@id":"https:\/\/172.31.172.52:8080\/#\/schema\/logo\/image\/","url":"https:\/\/blog.wifimap.io\/wp-content\/uploads\/2018\/12\/logo@2x.png","contentUrl":"https:\/\/blog.wifimap.io\/wp-content\/uploads\/2018\/12\/logo@2x.png","width":320,"height":70,"caption":"WiFiMap"},"image":{"@id":"https:\/\/172.31.172.52:8080\/#\/schema\/logo\/image\/"},"sameAs":["https:\/\/www.facebook.com\/wifimap.io\/"]}]}},"_links":{"self":[{"href":"https:\/\/blog.wifimap.io\/es\/wp-json\/wp\/v2\/pages\/490","targetHints":{"allow":["GET"]}}],"collection":[{"href":"https:\/\/blog.wifimap.io\/es\/wp-json\/wp\/v2\/pages"}],"about":[{"href":"https:\/\/blog.wifimap.io\/es\/wp-json\/wp\/v2\/types\/page"}],"author":[{"embeddable":true,"href":"https:\/\/blog.wifimap.io\/es\/wp-json\/wp\/v2\/users\/1"}],"replies":[{"embeddable":true,"href":"https:\/\/blog.wifimap.io\/es\/wp-json\/wp\/v2\/comments?post=490"}],"version-history":[{"count":39,"href":"https:\/\/blog.wifimap.io\/es\/wp-json\/wp\/v2\/pages\/490\/revisions"}],"predecessor-version":[{"id":3164,"href":"https:\/\/blog.wifimap.io\/es\/wp-json\/wp\/v2\/pages\/490\/revisions\/3164"}],"wp:attachment":[{"href":"https:\/\/blog.wifimap.io\/es\/wp-json\/wp\/v2\/media?parent=490"}],"curies":[{"name":"wp","href":"https:\/\/api.w.org\/{rel}","templated":true}]}}