{"id":420,"date":"2020-03-26T12:23:40","date_gmt":"2020-03-26T12:23:40","guid":{"rendered":"https:\/\/blog.wifimap.io\/?page_id=420"},"modified":"2021-04-19T10:46:48","modified_gmt":"2021-04-19T10:46:48","slug":"main-page","status":"publish","type":"page","link":"https:\/\/blog.wifimap.io\/es\/main-page\/","title":{"rendered":"Main page"},"content":{"rendered":""},"excerpt":{"rendered":"","protected":false},"author":1,"featured_media":0,"parent":0,"menu_order":0,"comment_status":"closed","ping_status":"closed","template":"","meta":{"_acf_changed":false,"footnotes":""},"class_list":["post-420","page","type-page","status-publish","hentry"],"acf":{"main_title":"#1 WiFi Finder","main_description":"Nuestros usuarios ahorran tiempo y dinero","main_subtitle":"Herramiento de conexi\u00f3n a Internet gratuita","largest_comm_title":"La mayor comunidad WiFi","largest_comm_item_1":"Actualizaciones<br>en tiempo real","largest_comm_item_2":"Actualizada<br>por gente real","largest_comm_item_3":"Comparte<br>econom\u00eda","largest_comm_item_4":"Conectando<br>millones","open_on_map_-_panel_title":"WiFi Map en tu ciudad","open_on_map_-_panel_description":"Descubrir nuestras mayores ciudades","about_wifi_title":"Sobre WiFi Map","about_wifi_descr":"Dando poder a gente de todo el mundo con acceso gratuito a Internet","about_wifi_item_1_title":"100 000 000+","about_wifi_item_1_descr":"Usuarios de todo el mundo","about_wifi_item_2_title":"100 MILLONES","about_wifi_item_2_descr":"Red de Puntos de Acceso Gratis","about_wifi_item_3_title":"1 BILL\u00d3N","about_wifi_item_3_descr":"Conexiones","about_wifi_item_4_title":"200+","about_wifi_item_4_descr":"Pa\u00edses disponibles","download_wifi_title":"\u00a1Descarga WiFi Map!","download_wifi_item_1_title":"Siempre<br>conectado","download_wifi_item_1_descr":"\u00a1con WiFi Map!","download_wifi_item_2_title":"Ahorrar<br>dinero","download_wifi_item_2_descr":"\u00a1con WiFi gratis!","download_wifi_item_3_title":"Conectividad<br>segura","download_wifi_item_3_descr":"\u00a1En todo el mundo!","download_wifi_item_4_title":"Cambiar<br>el mundo","download_wifi_item_4_descr":"\u00a1con WiFi Map!","og_title":"Wifi Map - #1 WiFi Finder","og_descr":"\u00a1Con\u00e9ctate a todos los puntos de acceso WiFi gratuitos usando la aplicaci\u00f3n de WiFi Map en todo el mundo!","meta_keywords":"wifi gratis, mapa wifi, contrase\u00f1a wifi, red de wifi gratis, puntos de acceso con wifi gratis","title":"WiFi Map - #1 WiFi Finder","description":"\u00a1Con\u00e9ctate a todos los puntos de acceso WiFi gratuitos usando la aplicaci\u00f3n de WiFi Map en todo el mundo!","features_item_title_1":"WiFi Finder","features_item_descr_1":"Encuentra y con\u00e9ctate a redes WiFi gratis","features_item_title_2":"VPN","features_item_descr_2":"Mant\u00e9n tu dispositivo seguro al navegar por WiFi p\u00fablico","features_item_title_3":"Cellular Data Saver","features_item_descr_3":"Al usar m\u00e1s WiFi Map, menos datos m\u00f3viles gastar\u00e1s","features_item_title_4":"Mapas sin conexi\u00f3n","features_item_descr_4":"Navegaci\u00f3n sin conexi\u00f3n con WiFi gratis por todo el mundo","trusted_by_millions":"Confianza por parte de millones de personas","ios_app":"IOS","android_app":"ANDROID","get_pro":"ADQUIRIR PRO","free_wifi_search":"Busca WiFi gratis","over_100m_hotspots":"M\u00e1s de 100M de puntos de venta entre los que elegir","sorry_we":"Perd\u00f3n, no podemos mostrar ese lugar","we_found_%number%_hotspots":"Hemos encontrado %number% de puntos de acceso","open_wifi_map":"ABRIR WIFI MAP","looking_for_free_wifi_in":"Buscando WiFi gratis en","addedNewWifi":"Usuario a\u00f1adi\u00f3 nuevo WiFi","addedFreeWifi":"Usuario a\u00f1adi\u00f3 WiFi gratis","connectedToWifi":"Usuario conectado a WiFi","see_all_countries":"Ver todos los pa\u00edses","free_wifi":"WiFi gratis","look_at":"Mirar","hotspots_we_know":"puntos de acceso que conocemos","enter_your_city":"Busca tu ciudad","features_item_title_5":"eSIM","features_item_descr_5":"Connect to the Internet when there is no WiFi nearby","get_esim":"GET eSIM","destination_card_title_1":"World","destination_card_title_2":"Europe","destination_card_title_3":"Europe+","destination_card_title_4":"USA, Mexico & Canada","destination_card_title_5":"Latin America","destination_card_title_6":"Africa","destination_card_title_7":"Asia","destination_card_title_8":"Australia & New Zealand","select_esim_plan":"Select eSIM Region:","try_esim":"Try eSIM from WiFi Map","connect_to_the_internet":"Connect to the Internet when there is no WiFi nearby"},"yoast_head":"<!-- This site is optimized with the Yoast SEO plugin v27.3 - https:\/\/yoast.com\/product\/yoast-seo-wordpress\/ -->\n<title>Main page<\/title>\n<meta name=\"robots\" content=\"noindex, nofollow\" \/>\n<meta property=\"og:locale\" content=\"es_ES\" \/>\n<meta property=\"og:locale:alternate\" content=\"en_US\" \/>\n<meta property=\"og:locale:alternate\" content=\"ru_RU\" \/>\n<meta property=\"og:locale:alternate\" content=\"de_DE\" \/>\n<meta property=\"og:locale:alternate\" content=\"fr_FR\" \/>\n<meta property=\"og:locale:alternate\" content=\"pt_PT\" \/>\n<meta property=\"og:locale:alternate\" content=\"in_ID\" \/>\n<meta property=\"og:type\" content=\"article\" \/>\n<meta property=\"og:title\" content=\"Main page\" \/>\n<meta property=\"og:url\" content=\"https:\/\/blog.wifimap.io\/es\/main-page\/\" \/>\n<meta property=\"og:site_name\" content=\"WiFi Map Blog\" \/>\n<meta property=\"article:publisher\" content=\"https:\/\/www.facebook.com\/wifimap.io\/\" \/>\n<meta property=\"article:modified_time\" content=\"2021-04-19T10:46:48+00:00\" \/>\n<meta name=\"twitter:card\" content=\"summary_large_image\" \/>\n<script type=\"application\/ld+json\" class=\"yoast-schema-graph\">{\"@context\":\"https:\\\/\\\/schema.org\",\"@graph\":[{\"@type\":\"WebPage\",\"@id\":\"https:\\\/\\\/blog.wifimap.io\\\/fr\\\/main-page\\\/\",\"url\":\"https:\\\/\\\/blog.wifimap.io\\\/fr\\\/main-page\\\/\",\"name\":\"Main page\",\"isPartOf\":{\"@id\":\"https:\\\/\\\/172.31.160.186:8080\\\/#website\"},\"datePublished\":\"2020-03-26T12:23:40+00:00\",\"dateModified\":\"2021-04-19T10:46:48+00:00\",\"breadcrumb\":{\"@id\":\"https:\\\/\\\/blog.wifimap.io\\\/fr\\\/main-page\\\/#breadcrumb\"},\"inLanguage\":\"es-ES\",\"potentialAction\":[{\"@type\":\"ReadAction\",\"target\":[\"https:\\\/\\\/blog.wifimap.io\\\/fr\\\/main-page\\\/\"]}]},{\"@type\":\"BreadcrumbList\",\"@id\":\"https:\\\/\\\/blog.wifimap.io\\\/fr\\\/main-page\\\/#breadcrumb\",\"itemListElement\":[{\"@type\":\"ListItem\",\"position\":1,\"name\":\"Home\",\"item\":\"https:\\\/\\\/172.31.160.186:8080\\\/\"},{\"@type\":\"ListItem\",\"position\":2,\"name\":\"Main page\"}]},{\"@type\":\"WebSite\",\"@id\":\"https:\\\/\\\/172.31.160.186:8080\\\/#website\",\"url\":\"https:\\\/\\\/172.31.160.186:8080\\\/\",\"name\":\"WiFiMap Blog\",\"description\":\"WiFi Map Blog\",\"publisher\":{\"@id\":\"https:\\\/\\\/172.31.160.186:8080\\\/#organization\"},\"potentialAction\":[{\"@type\":\"SearchAction\",\"target\":{\"@type\":\"EntryPoint\",\"urlTemplate\":\"https:\\\/\\\/172.31.160.186:8080\\\/?s={search_term_string}\"},\"query-input\":{\"@type\":\"PropertyValueSpecification\",\"valueRequired\":true,\"valueName\":\"search_term_string\"}}],\"inLanguage\":\"es-ES\"},{\"@type\":\"Organization\",\"@id\":\"https:\\\/\\\/172.31.160.186:8080\\\/#organization\",\"name\":\"WiFiMap\",\"url\":\"https:\\\/\\\/172.31.160.186:8080\\\/\",\"logo\":{\"@type\":\"ImageObject\",\"inLanguage\":\"es-ES\",\"@id\":\"https:\\\/\\\/172.31.160.186:8080\\\/#\\\/schema\\\/logo\\\/image\\\/\",\"url\":\"https:\\\/\\\/blog.wifimap.io\\\/wp-content\\\/uploads\\\/2018\\\/12\\\/logo@2x.png\",\"contentUrl\":\"https:\\\/\\\/blog.wifimap.io\\\/wp-content\\\/uploads\\\/2018\\\/12\\\/logo@2x.png\",\"width\":320,\"height\":70,\"caption\":\"WiFiMap\"},\"image\":{\"@id\":\"https:\\\/\\\/172.31.160.186:8080\\\/#\\\/schema\\\/logo\\\/image\\\/\"},\"sameAs\":[\"https:\\\/\\\/www.facebook.com\\\/wifimap.io\\\/\"]}]}<\/script>\n<!-- \/ Yoast SEO plugin. -->","yoast_head_json":{"title":"Main page","robots":{"index":"noindex","follow":"nofollow"},"og_locale":"es_ES","og_type":"article","og_title":"[:en]Main page[:ru]Main page[:de]Main page[:fr]Main page[:pt]Main page[:es]Main page[:id]Main page[:] - WiFi Map Blog","og_url":"https:\/\/blog.wifimap.io\/es\/main-page\/","og_site_name":"WiFi Map Blog","article_publisher":"https:\/\/www.facebook.com\/wifimap.io\/","article_modified_time":"2021-04-19T10:46:48+00:00","twitter_card":"summary_large_image","schema":{"@context":"https:\/\/schema.org","@graph":[{"@type":"WebPage","@id":"https:\/\/blog.wifimap.io\/fr\/main-page\/","url":"https:\/\/blog.wifimap.io\/fr\/main-page\/","name":"Main page","isPartOf":{"@id":"https:\/\/172.31.160.186:8080\/#website"},"datePublished":"2020-03-26T12:23:40+00:00","dateModified":"2021-04-19T10:46:48+00:00","breadcrumb":{"@id":"https:\/\/blog.wifimap.io\/fr\/main-page\/#breadcrumb"},"inLanguage":"es-ES","potentialAction":[{"@type":"ReadAction","target":["https:\/\/blog.wifimap.io\/fr\/main-page\/"]}]},{"@type":"BreadcrumbList","@id":"https:\/\/blog.wifimap.io\/fr\/main-page\/#breadcrumb","itemListElement":[{"@type":"ListItem","position":1,"name":"Home","item":"https:\/\/172.31.160.186:8080\/"},{"@type":"ListItem","position":2,"name":"Main page"}]},{"@type":"WebSite","@id":"https:\/\/172.31.160.186:8080\/#website","url":"https:\/\/172.31.160.186:8080\/","name":"WiFiMap Blog","description":"WiFi Map Blog","publisher":{"@id":"https:\/\/172.31.160.186:8080\/#organization"},"potentialAction":[{"@type":"SearchAction","target":{"@type":"EntryPoint","urlTemplate":"https:\/\/172.31.160.186:8080\/?s={search_term_string}"},"query-input":{"@type":"PropertyValueSpecification","valueRequired":true,"valueName":"search_term_string"}}],"inLanguage":"es-ES"},{"@type":"Organization","@id":"https:\/\/172.31.160.186:8080\/#organization","name":"WiFiMap","url":"https:\/\/172.31.160.186:8080\/","logo":{"@type":"ImageObject","inLanguage":"es-ES","@id":"https:\/\/172.31.160.186:8080\/#\/schema\/logo\/image\/","url":"https:\/\/blog.wifimap.io\/wp-content\/uploads\/2018\/12\/logo@2x.png","contentUrl":"https:\/\/blog.wifimap.io\/wp-content\/uploads\/2018\/12\/logo@2x.png","width":320,"height":70,"caption":"WiFiMap"},"image":{"@id":"https:\/\/172.31.160.186:8080\/#\/schema\/logo\/image\/"},"sameAs":["https:\/\/www.facebook.com\/wifimap.io\/"]}]}},"_links":{"self":[{"href":"https:\/\/blog.wifimap.io\/es\/wp-json\/wp\/v2\/pages\/420","targetHints":{"allow":["GET"]}}],"collection":[{"href":"https:\/\/blog.wifimap.io\/es\/wp-json\/wp\/v2\/pages"}],"about":[{"href":"https:\/\/blog.wifimap.io\/es\/wp-json\/wp\/v2\/types\/page"}],"author":[{"embeddable":true,"href":"https:\/\/blog.wifimap.io\/es\/wp-json\/wp\/v2\/users\/1"}],"replies":[{"embeddable":true,"href":"https:\/\/blog.wifimap.io\/es\/wp-json\/wp\/v2\/comments?post=420"}],"version-history":[{"count":90,"href":"https:\/\/blog.wifimap.io\/es\/wp-json\/wp\/v2\/pages\/420\/revisions"}],"predecessor-version":[{"id":3800,"href":"https:\/\/blog.wifimap.io\/es\/wp-json\/wp\/v2\/pages\/420\/revisions\/3800"}],"wp:attachment":[{"href":"https:\/\/blog.wifimap.io\/es\/wp-json\/wp\/v2\/media?parent=420"}],"curies":[{"name":"wp","href":"https:\/\/api.w.org\/{rel}","templated":true}]}}