{"id":1210,"date":"2020-04-13T13:04:32","date_gmt":"2020-04-13T13:04:32","guid":{"rendered":"https:\/\/blog.wifimap.io\/?page_id=1210"},"modified":"2020-09-29T16:19:03","modified_gmt":"2020-09-29T16:19:03","slug":"city","status":"publish","type":"page","link":"https:\/\/blog.wifimap.io\/es\/city\/","title":{"rendered":"City"},"content":{"rendered":""},"excerpt":{"rendered":"","protected":false},"author":1,"featured_media":0,"parent":0,"menu_order":0,"comment_status":"closed","ping_status":"closed","template":"","meta":{"_acf_changed":false,"footnotes":""},"class_list":["post-1210","page","type-page","status-publish","hentry"],"acf":{"og_title":"WiFi Map - #1 WiFi Finder","og_descr":"\u00a1Con\u00e9ctate a todos los puntos de acceso WiFi gratuitos usando la aplicaci\u00f3n de WiFi Map en todo el mundo!","meta_keywords":"wifi gratis, mapa wifi, contrase\u00f1a wifi, red de wifi gratis, puntos de acceso con wifi gratis","title":"WiFi Map - #1 WiFi Finder","description":"\u00a1Con\u00e9ctate a todos los puntos de acceso WiFi gratuitos usando la aplicaci\u00f3n de WiFi Map en todo el mundo!","usu":"\u00a1Usa! \u00a1Comparte! \u00a1Actualiza!","love_free_wifi":"Si te gusta el WiFi gratis tanto como a nosotros y quieres ayudar a otros a encontrar WiFi gratis y fiable, entonces est\u00e1s en el lugar correcto. \u00a1La gente a\u00f1ade millones de nuevos WiFis y t\u00fa tambi\u00e9n puedes!","learn_more":"Aprende m\u00e1s sobre WiFi Map","can_get_open":"D\u00f3nde puedes conseguir Internet gratis en","cities_near":"Ciudades con WiFi gratis cerca","free_wifis":"WiFis gratis","free_wifis_in":"Hay WiFis gratis","connect_with":"Con\u00e9ctate a los mejores puntos de acceso WiFi en","expand":"Expandir","features":"Opciones de WiFi Map","finder":"WiFi Finder","our_wifi_finder":"Nuestra aplicaci\u00f3n WiFi finder facilita la localizaci\u00f3n y la conexi\u00f3n a las redes WiFi gratuitas para que puedas obtener Internet r\u00e1pido y fiable sobre la marcha en los lugares donde compras, cenas y viajas.","offline_maps":"Mapas sin conexi\u00f3n","download_areas":"Descarga mapas y navega sin conexi\u00f3n. Si vas donde Internet es lento, los datos m\u00f3viles son caros o no puedes conectarte, puedes guardar un \u00e1rea de WiFi Map en tu tel\u00e9fono y usarla cuando est\u00e9s desconectado.","data_saver":"Data Saver","use_less_data":"Usa menos datos m\u00f3viles con WiFi Map's Data Saver. Puedes reducir tu factura de tel\u00e9fono o cargar las p\u00e1ginas web m\u00e1s r\u00e1pido en conexiones lentas reduciendo la cantidad de datos que utiliza tu dispositivo.","vpn":"VPN","offers":"WiFi Map ofrece acceso privado a Internet para tu seguridad y privacidad. Una VPN es una red privada virtual que te permite tener una conexi\u00f3n segura entre tu dispositivo y un servidor de Internet que nadie puede supervisar o acceder a los datos que est\u00e1s facilitando.","more":"Obt\u00e9n m\u00e1s con la aplicaci\u00f3n de WiFi Map","loading":"Cargando","cities_near_in":"Ciudades en las que hay WiFis gratis","show_all_cities":"Mostrar todas las ciudades","where_open_internet":"D\u00f3nde puedes conseguir Internet gratis en"},"yoast_head":"<!-- This site is optimized with the Yoast SEO plugin v27.3 - https:\/\/yoast.com\/product\/yoast-seo-wordpress\/ -->\n<title>City<\/title>\n<meta name=\"robots\" content=\"noindex, nofollow\" \/>\n<meta property=\"og:locale\" content=\"es_ES\" \/>\n<meta property=\"og:locale:alternate\" content=\"en_US\" \/>\n<meta property=\"og:locale:alternate\" content=\"ru_RU\" \/>\n<meta property=\"og:locale:alternate\" content=\"de_DE\" \/>\n<meta property=\"og:locale:alternate\" content=\"fr_FR\" \/>\n<meta property=\"og:locale:alternate\" content=\"pt_PT\" \/>\n<meta property=\"og:locale:alternate\" content=\"in_ID\" \/>\n<meta property=\"og:type\" content=\"article\" \/>\n<meta property=\"og:title\" content=\"City\" \/>\n<meta property=\"og:url\" content=\"https:\/\/blog.wifimap.io\/es\/city\/\" \/>\n<meta property=\"og:site_name\" content=\"WiFi Map Blog\" \/>\n<meta property=\"article:publisher\" content=\"https:\/\/www.facebook.com\/wifimap.io\/\" \/>\n<meta property=\"article:modified_time\" content=\"2020-09-29T16:19:03+00:00\" \/>\n<meta name=\"twitter:card\" content=\"summary_large_image\" \/>\n<script type=\"application\/ld+json\" class=\"yoast-schema-graph\">{\"@context\":\"https:\\\/\\\/schema.org\",\"@graph\":[{\"@type\":\"WebPage\",\"@id\":\"https:\\\/\\\/blog.wifimap.io\\\/city\\\/\",\"url\":\"https:\\\/\\\/blog.wifimap.io\\\/city\\\/\",\"name\":\"City\",\"isPartOf\":{\"@id\":\"https:\\\/\\\/blog.wifimap.io\\\/#website\"},\"datePublished\":\"2020-04-13T13:04:32+00:00\",\"dateModified\":\"2020-09-29T16:19:03+00:00\",\"breadcrumb\":{\"@id\":\"https:\\\/\\\/blog.wifimap.io\\\/city\\\/#breadcrumb\"},\"inLanguage\":\"es-ES\",\"potentialAction\":[{\"@type\":\"ReadAction\",\"target\":[\"https:\\\/\\\/blog.wifimap.io\\\/city\\\/\"]}]},{\"@type\":\"BreadcrumbList\",\"@id\":\"https:\\\/\\\/blog.wifimap.io\\\/city\\\/#breadcrumb\",\"itemListElement\":[{\"@type\":\"ListItem\",\"position\":1,\"name\":\"Home\",\"item\":\"https:\\\/\\\/blog.wifimap.io\\\/\"},{\"@type\":\"ListItem\",\"position\":2,\"name\":\"City\"}]},{\"@type\":\"WebSite\",\"@id\":\"https:\\\/\\\/blog.wifimap.io\\\/#website\",\"url\":\"https:\\\/\\\/blog.wifimap.io\\\/\",\"name\":\"WiFiMap Blog\",\"description\":\"WiFi Map Blog\",\"publisher\":{\"@id\":\"https:\\\/\\\/blog.wifimap.io\\\/#organization\"},\"potentialAction\":[{\"@type\":\"SearchAction\",\"target\":{\"@type\":\"EntryPoint\",\"urlTemplate\":\"https:\\\/\\\/blog.wifimap.io\\\/?s={search_term_string}\"},\"query-input\":{\"@type\":\"PropertyValueSpecification\",\"valueRequired\":true,\"valueName\":\"search_term_string\"}}],\"inLanguage\":\"es-ES\"},{\"@type\":\"Organization\",\"@id\":\"https:\\\/\\\/blog.wifimap.io\\\/#organization\",\"name\":\"WiFiMap\",\"url\":\"https:\\\/\\\/blog.wifimap.io\\\/\",\"logo\":{\"@type\":\"ImageObject\",\"inLanguage\":\"es-ES\",\"@id\":\"https:\\\/\\\/blog.wifimap.io\\\/#\\\/schema\\\/logo\\\/image\\\/\",\"url\":\"https:\\\/\\\/blog.wifimap.io\\\/wp-content\\\/uploads\\\/2018\\\/12\\\/logo@2x.png\",\"contentUrl\":\"https:\\\/\\\/blog.wifimap.io\\\/wp-content\\\/uploads\\\/2018\\\/12\\\/logo@2x.png\",\"width\":320,\"height\":70,\"caption\":\"WiFiMap\"},\"image\":{\"@id\":\"https:\\\/\\\/blog.wifimap.io\\\/#\\\/schema\\\/logo\\\/image\\\/\"},\"sameAs\":[\"https:\\\/\\\/www.facebook.com\\\/wifimap.io\\\/\"]}]}<\/script>\n<!-- \/ Yoast SEO plugin. -->","yoast_head_json":{"title":"City","robots":{"index":"noindex","follow":"nofollow"},"og_locale":"es_ES","og_type":"article","og_title":"[:en]City[:ru]City[:de]City[:fr]City[:pt]City[:es]City[:id]City[:] - WiFi Map Blog","og_url":"https:\/\/blog.wifimap.io\/es\/city\/","og_site_name":"WiFi Map Blog","article_publisher":"https:\/\/www.facebook.com\/wifimap.io\/","article_modified_time":"2020-09-29T16:19:03+00:00","twitter_card":"summary_large_image","schema":{"@context":"https:\/\/schema.org","@graph":[{"@type":"WebPage","@id":"https:\/\/blog.wifimap.io\/city\/","url":"https:\/\/blog.wifimap.io\/city\/","name":"City","isPartOf":{"@id":"https:\/\/blog.wifimap.io\/#website"},"datePublished":"2020-04-13T13:04:32+00:00","dateModified":"2020-09-29T16:19:03+00:00","breadcrumb":{"@id":"https:\/\/blog.wifimap.io\/city\/#breadcrumb"},"inLanguage":"es-ES","potentialAction":[{"@type":"ReadAction","target":["https:\/\/blog.wifimap.io\/city\/"]}]},{"@type":"BreadcrumbList","@id":"https:\/\/blog.wifimap.io\/city\/#breadcrumb","itemListElement":[{"@type":"ListItem","position":1,"name":"Home","item":"https:\/\/blog.wifimap.io\/"},{"@type":"ListItem","position":2,"name":"City"}]},{"@type":"WebSite","@id":"https:\/\/blog.wifimap.io\/#website","url":"https:\/\/blog.wifimap.io\/","name":"WiFiMap Blog","description":"WiFi Map Blog","publisher":{"@id":"https:\/\/blog.wifimap.io\/#organization"},"potentialAction":[{"@type":"SearchAction","target":{"@type":"EntryPoint","urlTemplate":"https:\/\/blog.wifimap.io\/?s={search_term_string}"},"query-input":{"@type":"PropertyValueSpecification","valueRequired":true,"valueName":"search_term_string"}}],"inLanguage":"es-ES"},{"@type":"Organization","@id":"https:\/\/blog.wifimap.io\/#organization","name":"WiFiMap","url":"https:\/\/blog.wifimap.io\/","logo":{"@type":"ImageObject","inLanguage":"es-ES","@id":"https:\/\/blog.wifimap.io\/#\/schema\/logo\/image\/","url":"https:\/\/blog.wifimap.io\/wp-content\/uploads\/2018\/12\/logo@2x.png","contentUrl":"https:\/\/blog.wifimap.io\/wp-content\/uploads\/2018\/12\/logo@2x.png","width":320,"height":70,"caption":"WiFiMap"},"image":{"@id":"https:\/\/blog.wifimap.io\/#\/schema\/logo\/image\/"},"sameAs":["https:\/\/www.facebook.com\/wifimap.io\/"]}]}},"_links":{"self":[{"href":"https:\/\/blog.wifimap.io\/es\/wp-json\/wp\/v2\/pages\/1210","targetHints":{"allow":["GET"]}}],"collection":[{"href":"https:\/\/blog.wifimap.io\/es\/wp-json\/wp\/v2\/pages"}],"about":[{"href":"https:\/\/blog.wifimap.io\/es\/wp-json\/wp\/v2\/types\/page"}],"author":[{"embeddable":true,"href":"https:\/\/blog.wifimap.io\/es\/wp-json\/wp\/v2\/users\/1"}],"replies":[{"embeddable":true,"href":"https:\/\/blog.wifimap.io\/es\/wp-json\/wp\/v2\/comments?post=1210"}],"version-history":[{"count":31,"href":"https:\/\/blog.wifimap.io\/es\/wp-json\/wp\/v2\/pages\/1210\/revisions"}],"predecessor-version":[{"id":2660,"href":"https:\/\/blog.wifimap.io\/es\/wp-json\/wp\/v2\/pages\/1210\/revisions\/2660"}],"wp:attachment":[{"href":"https:\/\/blog.wifimap.io\/es\/wp-json\/wp\/v2\/media?parent=1210"}],"curies":[{"name":"wp","href":"https:\/\/api.w.org\/{rel}","templated":true}]}}