{"id":1158,"date":"2020-04-10T14:06:44","date_gmt":"2020-04-10T14:06:44","guid":{"rendered":"https:\/\/blog.wifimap.io\/?page_id=1158"},"modified":"2021-04-20T10:16:30","modified_gmt":"2021-04-20T10:16:30","slug":"account","status":"publish","type":"page","link":"https:\/\/blog.wifimap.io\/es\/account\/","title":{"rendered":"Account"},"content":{"rendered":""},"excerpt":{"rendered":"","protected":false},"author":1,"featured_media":0,"parent":0,"menu_order":0,"comment_status":"closed","ping_status":"closed","template":"","meta":{"_acf_changed":false,"footnotes":""},"class_list":["post-1158","page","type-page","status-publish","hentry"],"acf":{"og_title":"WiFi Map - #1 WiFi Finder","og_descr":"\u00a1Con\u00e9ctate a todos los puntos de acceso WiFi gratuitos usando la aplicaci\u00f3n de WiFi Map en todo el mundo!","meta_keywords":"wifi gratis, mapa wifi, contrase\u00f1a wifi, red de wifi gratis, puntos de acceso con wifi gratis","title":"WiFi Map - #1 WiFi Finder","description":"\u00a1Con\u00e9ctate a todos los puntos de acceso WiFi gratuitos usando la aplicaci\u00f3n de WiFi Map en todo el mundo!","block_title":"Mi perfil","block_title_part_1":"Cuenta","block_title_part_2":"Detalles de pago","block_title_part_3":"Contrase\u00f1a","block_title_part_4":"Cerrar sesi\u00f3n","item_1_title":"Informaci\u00f3n personal","item_2_title":"Estad\u00edsticas","item_3_title":"Suscripci\u00f3n","item_4_title":"Editar informaci\u00f3n de la cuenta","block_item_1_descr":"CANCELAR SUSCRIPCI\u00d3N","block_item_2_descr":"EDITAR","block_item_3_descr":"Guardar cambios","item_1_descr":"Nueva contrase\u00f1a","item_2_descr":"Confirmar nueva contrase\u00f1a","item_3_descr":"\u00a1Contrase\u00f1a actualizada!","block_title_part_6":"eSIM","select_esim_region":"Select eSIM region:","check_our_faq":"Check our FAQ on ESIM","add_esim_plan":"Add eSIM plan","always_stay_connected":"Always stay connected","1_gb_esim_plan":"1 GB","data_esim_plan":"Data","30_days_esim_plan":"30 days","validity_esim_plan":"Validity","activate_esim":"Activate ESIM","data_expired":"Data expired","update_esim_plan_btn":"Update","esim_card_countries":"countries","days_validity_esim_plan":""},"yoast_head":"<!-- This site is optimized with the Yoast SEO plugin v27.6 - https:\/\/yoast.com\/product\/yoast-seo-wordpress\/ -->\n<title>Account<\/title>\n<meta name=\"robots\" content=\"noindex, nofollow\" \/>\n<meta property=\"og:locale\" content=\"es_ES\" \/>\n<meta property=\"og:locale:alternate\" content=\"en_US\" \/>\n<meta property=\"og:locale:alternate\" content=\"ru_RU\" \/>\n<meta property=\"og:locale:alternate\" content=\"de_DE\" \/>\n<meta property=\"og:locale:alternate\" content=\"fr_FR\" \/>\n<meta property=\"og:locale:alternate\" content=\"pt_PT\" \/>\n<meta property=\"og:locale:alternate\" content=\"in_ID\" \/>\n<meta property=\"og:type\" content=\"article\" \/>\n<meta property=\"og:title\" content=\"Account\" \/>\n<meta property=\"og:url\" content=\"https:\/\/blog.wifimap.io\/es\/account\/\" \/>\n<meta property=\"og:site_name\" content=\"WiFi Map Blog\" \/>\n<meta property=\"article:publisher\" content=\"https:\/\/www.facebook.com\/wifimap.io\/\" \/>\n<meta property=\"article:modified_time\" content=\"2021-04-20T10:16:30+00:00\" \/>\n<meta name=\"twitter:card\" content=\"summary_large_image\" \/>\n<script type=\"application\/ld+json\" class=\"yoast-schema-graph\">{\"@context\":\"https:\\\/\\\/schema.org\",\"@graph\":[{\"@type\":\"WebPage\",\"@id\":\"https:\\\/\\\/blog.wifimap.io\\\/fr\\\/account\\\/\",\"url\":\"https:\\\/\\\/blog.wifimap.io\\\/fr\\\/account\\\/\",\"name\":\"Account\",\"isPartOf\":{\"@id\":\"https:\\\/\\\/blog.wifimap.io\\\/#website\"},\"datePublished\":\"2020-04-10T14:06:44+00:00\",\"dateModified\":\"2021-04-20T10:16:30+00:00\",\"breadcrumb\":{\"@id\":\"https:\\\/\\\/blog.wifimap.io\\\/fr\\\/account\\\/#breadcrumb\"},\"inLanguage\":\"es-ES\",\"potentialAction\":[{\"@type\":\"ReadAction\",\"target\":[\"https:\\\/\\\/blog.wifimap.io\\\/fr\\\/account\\\/\"]}]},{\"@type\":\"BreadcrumbList\",\"@id\":\"https:\\\/\\\/blog.wifimap.io\\\/fr\\\/account\\\/#breadcrumb\",\"itemListElement\":[{\"@type\":\"ListItem\",\"position\":1,\"name\":\"Home\",\"item\":\"https:\\\/\\\/blog.wifimap.io\\\/\"},{\"@type\":\"ListItem\",\"position\":2,\"name\":\"Account\"}]},{\"@type\":\"WebSite\",\"@id\":\"https:\\\/\\\/blog.wifimap.io\\\/#website\",\"url\":\"https:\\\/\\\/blog.wifimap.io\\\/\",\"name\":\"WiFiMap Blog\",\"description\":\"WiFi Map Blog\",\"publisher\":{\"@id\":\"https:\\\/\\\/blog.wifimap.io\\\/#organization\"},\"potentialAction\":[{\"@type\":\"SearchAction\",\"target\":{\"@type\":\"EntryPoint\",\"urlTemplate\":\"https:\\\/\\\/blog.wifimap.io\\\/?s={search_term_string}\"},\"query-input\":{\"@type\":\"PropertyValueSpecification\",\"valueRequired\":true,\"valueName\":\"search_term_string\"}}],\"inLanguage\":\"es-ES\"},{\"@type\":\"Organization\",\"@id\":\"https:\\\/\\\/blog.wifimap.io\\\/#organization\",\"name\":\"WiFiMap\",\"url\":\"https:\\\/\\\/blog.wifimap.io\\\/\",\"logo\":{\"@type\":\"ImageObject\",\"inLanguage\":\"es-ES\",\"@id\":\"https:\\\/\\\/blog.wifimap.io\\\/#\\\/schema\\\/logo\\\/image\\\/\",\"url\":\"https:\\\/\\\/blog.wifimap.io\\\/wp-content\\\/uploads\\\/2018\\\/12\\\/logo@2x.png\",\"contentUrl\":\"https:\\\/\\\/blog.wifimap.io\\\/wp-content\\\/uploads\\\/2018\\\/12\\\/logo@2x.png\",\"width\":320,\"height\":70,\"caption\":\"WiFiMap\"},\"image\":{\"@id\":\"https:\\\/\\\/blog.wifimap.io\\\/#\\\/schema\\\/logo\\\/image\\\/\"},\"sameAs\":[\"https:\\\/\\\/www.facebook.com\\\/wifimap.io\\\/\"]}]}<\/script>\n<!-- \/ Yoast SEO plugin. -->","yoast_head_json":{"title":"Account","robots":{"index":"noindex","follow":"nofollow"},"og_locale":"es_ES","og_type":"article","og_title":"[:en]Account[:ru]Account[:de]Account[:fr]Account[:pt]Account[:es]Account[:id]Account[:] - WiFi Map Blog","og_url":"https:\/\/blog.wifimap.io\/es\/account\/","og_site_name":"WiFi Map Blog","article_publisher":"https:\/\/www.facebook.com\/wifimap.io\/","article_modified_time":"2021-04-20T10:16:30+00:00","twitter_card":"summary_large_image","schema":{"@context":"https:\/\/schema.org","@graph":[{"@type":"WebPage","@id":"https:\/\/blog.wifimap.io\/fr\/account\/","url":"https:\/\/blog.wifimap.io\/fr\/account\/","name":"Account","isPartOf":{"@id":"https:\/\/blog.wifimap.io\/#website"},"datePublished":"2020-04-10T14:06:44+00:00","dateModified":"2021-04-20T10:16:30+00:00","breadcrumb":{"@id":"https:\/\/blog.wifimap.io\/fr\/account\/#breadcrumb"},"inLanguage":"es-ES","potentialAction":[{"@type":"ReadAction","target":["https:\/\/blog.wifimap.io\/fr\/account\/"]}]},{"@type":"BreadcrumbList","@id":"https:\/\/blog.wifimap.io\/fr\/account\/#breadcrumb","itemListElement":[{"@type":"ListItem","position":1,"name":"Home","item":"https:\/\/blog.wifimap.io\/"},{"@type":"ListItem","position":2,"name":"Account"}]},{"@type":"WebSite","@id":"https:\/\/blog.wifimap.io\/#website","url":"https:\/\/blog.wifimap.io\/","name":"WiFiMap Blog","description":"WiFi Map Blog","publisher":{"@id":"https:\/\/blog.wifimap.io\/#organization"},"potentialAction":[{"@type":"SearchAction","target":{"@type":"EntryPoint","urlTemplate":"https:\/\/blog.wifimap.io\/?s={search_term_string}"},"query-input":{"@type":"PropertyValueSpecification","valueRequired":true,"valueName":"search_term_string"}}],"inLanguage":"es-ES"},{"@type":"Organization","@id":"https:\/\/blog.wifimap.io\/#organization","name":"WiFiMap","url":"https:\/\/blog.wifimap.io\/","logo":{"@type":"ImageObject","inLanguage":"es-ES","@id":"https:\/\/blog.wifimap.io\/#\/schema\/logo\/image\/","url":"https:\/\/blog.wifimap.io\/wp-content\/uploads\/2018\/12\/logo@2x.png","contentUrl":"https:\/\/blog.wifimap.io\/wp-content\/uploads\/2018\/12\/logo@2x.png","width":320,"height":70,"caption":"WiFiMap"},"image":{"@id":"https:\/\/blog.wifimap.io\/#\/schema\/logo\/image\/"},"sameAs":["https:\/\/www.facebook.com\/wifimap.io\/"]}]}},"_links":{"self":[{"href":"https:\/\/blog.wifimap.io\/es\/wp-json\/wp\/v2\/pages\/1158","targetHints":{"allow":["GET"]}}],"collection":[{"href":"https:\/\/blog.wifimap.io\/es\/wp-json\/wp\/v2\/pages"}],"about":[{"href":"https:\/\/blog.wifimap.io\/es\/wp-json\/wp\/v2\/types\/page"}],"author":[{"embeddable":true,"href":"https:\/\/blog.wifimap.io\/es\/wp-json\/wp\/v2\/users\/1"}],"replies":[{"embeddable":true,"href":"https:\/\/blog.wifimap.io\/es\/wp-json\/wp\/v2\/comments?post=1158"}],"version-history":[{"count":40,"href":"https:\/\/blog.wifimap.io\/es\/wp-json\/wp\/v2\/pages\/1158\/revisions"}],"predecessor-version":[{"id":4008,"href":"https:\/\/blog.wifimap.io\/es\/wp-json\/wp\/v2\/pages\/1158\/revisions\/4008"}],"wp:attachment":[{"href":"https:\/\/blog.wifimap.io\/es\/wp-json\/wp\/v2\/media?parent=1158"}],"curies":[{"name":"wp","href":"https:\/\/api.w.org\/{rel}","templated":true}]}}