{"id":490,"date":"2020-03-26T15:04:14","date_gmt":"2020-03-26T15:04:14","guid":{"rendered":"https:\/\/blog.wifimap.io\/?page_id=490"},"modified":"2020-10-12T12:45:59","modified_gmt":"2020-10-12T12:45:59","slug":"countries","status":"publish","type":"page","link":"https:\/\/blog.wifimap.io\/de\/countries\/","title":{"rendered":"Countries (Online map)"},"content":{"rendered":""},"excerpt":{"rendered":"","protected":false},"author":1,"featured_media":0,"parent":0,"menu_order":0,"comment_status":"closed","ping_status":"closed","template":"","meta":{"_acf_changed":false,"footnotes":""},"class_list":["post-490","page","type-page","status-publish","hentry"],"acf":{"title":"WiFi Map - #1 kostenfreie WiFi Finder","description":"Unsere Mission - Die Welt verbinden; ein WLAN-Netzwerk nach dem anderen. Wir haben in 2014 begonnen und nun sind wir das #1 Internet Connectivity Tool.","item_1_title":"WiFi Finder","item_1_descr":"Unsere WiFi Finder App erleichtert das Auffinden von und den Anschluss an kostenlose WLAN-Netzwerke, sodass Sie auch unterwegs schnell und zuverl\u00e4ssig im Internet surfen k\u00f6nnen, sei es beim Einkaufen, Essen oder auf Reisen.","item_2_title":"Offline Karten","item_2_descr":"Umgebungen herunterladen und offline navigieren. Wenn Sie dorthin reisen, wo das Internet langsam ist, mobile Daten teuer sind oder Sie nicht online gehen k\u00f6nnen, k\u00f6nnen Sie eine Umgebung von WiFi Map auf Ihrem Handy oder Tablet speichern und ihn nutzen, wenn Sie offline sind.","item_3_title":"Daten-Schoner","item_3_descr":"Nutzen Sie weniger Daten mit Wifi Map's Daten-Schoner. Sie k\u00f6nnen Ihre Handyrechnung reduzieren oder Webseiten bei langsamer Verbindung schneller laden und dabei die von Ihrem Handy verbrauchte Datenmenge reduzieren.","item_4_title":"VPN","item_4_descr":"WiFi Map bietet privaten Internetzugang f\u00fcr Ihre Sicherheit und Privatsph\u00e4re. VPN ist ein virtuelles privates Netzwerk, das Ihnen eine sichere Verbindung zwischen Ihrem Ger\u00e4t und einem Internet-Server erm\u00f6glicht, so dass niemand die Daten, die Sie austauschen, \u00fcberwachen oder darauf zugreifen kann.","meta_keywords":"kostenfreies WLAN, WiFi Map, WiFi Passwort, kostenfreie WLAN-Netzwerke, kostenfreie WLAN-Hotspots","og_title":"WiFi Map - #1 kostenfreie WiFi Finder","og_descr":"Unsere Mission - Die Welt verbinden; ein WLAN-Netzwerk nach dem anderen. Wir haben in 2014 begonnen und nun sind wir das #1 Internet Connectivity Tool.","free_wifi":"Kostenfreies WLAN","select_your_location":"Ihren Standort ausw\u00e4hlen","north_america":"Nordamerika","south_america":"S\u00fcdamerika","europe":"Europa","asia_pacific":"Asien Pazifik","middle_east":"Mittlerer Osten","africa":"Afrika","content_title":"WiFi Map - #1 WLAN-Finder","content_description":"Unsere Mission - Die Welt verbinden; ein WLAN-Netzwerk nach dem anderen. Wir haben in 2014 begonnen und nun sind wir das #1 Internet Connectivity Tool."},"yoast_head":"<!-- This site is optimized with the Yoast SEO plugin v27.6 - https:\/\/yoast.com\/product\/yoast-seo-wordpress\/ -->\n<title>Countries (Online map)<\/title>\n<meta name=\"robots\" content=\"noindex, nofollow\" \/>\n<meta property=\"og:locale\" content=\"de_DE\" \/>\n<meta property=\"og:locale:alternate\" content=\"en_US\" \/>\n<meta property=\"og:locale:alternate\" content=\"ru_RU\" \/>\n<meta property=\"og:locale:alternate\" content=\"fr_FR\" \/>\n<meta property=\"og:locale:alternate\" content=\"pt_PT\" \/>\n<meta property=\"og:locale:alternate\" content=\"es-ES\" \/>\n<meta property=\"og:locale:alternate\" content=\"in_ID\" \/>\n<meta property=\"og:type\" content=\"article\" \/>\n<meta property=\"og:title\" content=\"Countries (Online map)\" \/>\n<meta property=\"og:url\" content=\"https:\/\/blog.wifimap.io\/de\/countries\/\" \/>\n<meta property=\"og:site_name\" content=\"WiFi Map Blog\" \/>\n<meta property=\"article:publisher\" content=\"https:\/\/www.facebook.com\/wifimap.io\/\" \/>\n<meta property=\"article:modified_time\" content=\"2020-10-12T12:45:59+00:00\" \/>\n<meta name=\"twitter:card\" content=\"summary_large_image\" \/>\n<script type=\"application\/ld+json\" class=\"yoast-schema-graph\">{\"@context\":\"https:\\\/\\\/schema.org\",\"@graph\":[{\"@type\":\"WebPage\",\"@id\":\"https:\\\/\\\/blog.wifimap.io\\\/countries\\\/\",\"url\":\"https:\\\/\\\/blog.wifimap.io\\\/countries\\\/\",\"name\":\"Countries (Online map)\",\"isPartOf\":{\"@id\":\"https:\\\/\\\/172.31.172.52:8080\\\/#website\"},\"datePublished\":\"2020-03-26T15:04:14+00:00\",\"dateModified\":\"2020-10-12T12:45:59+00:00\",\"breadcrumb\":{\"@id\":\"https:\\\/\\\/blog.wifimap.io\\\/countries\\\/#breadcrumb\"},\"inLanguage\":\"de-DE\",\"potentialAction\":[{\"@type\":\"ReadAction\",\"target\":[\"https:\\\/\\\/blog.wifimap.io\\\/countries\\\/\"]}]},{\"@type\":\"BreadcrumbList\",\"@id\":\"https:\\\/\\\/blog.wifimap.io\\\/countries\\\/#breadcrumb\",\"itemListElement\":[{\"@type\":\"ListItem\",\"position\":1,\"name\":\"Home\",\"item\":\"https:\\\/\\\/172.31.172.52:8080\\\/\"},{\"@type\":\"ListItem\",\"position\":2,\"name\":\"Countries (Online map)\"}]},{\"@type\":\"WebSite\",\"@id\":\"https:\\\/\\\/172.31.172.52:8080\\\/#website\",\"url\":\"https:\\\/\\\/172.31.172.52:8080\\\/\",\"name\":\"WiFiMap Blog\",\"description\":\"WiFi Map Blog\",\"publisher\":{\"@id\":\"https:\\\/\\\/172.31.172.52:8080\\\/#organization\"},\"potentialAction\":[{\"@type\":\"SearchAction\",\"target\":{\"@type\":\"EntryPoint\",\"urlTemplate\":\"https:\\\/\\\/172.31.172.52:8080\\\/?s={search_term_string}\"},\"query-input\":{\"@type\":\"PropertyValueSpecification\",\"valueRequired\":true,\"valueName\":\"search_term_string\"}}],\"inLanguage\":\"de-DE\"},{\"@type\":\"Organization\",\"@id\":\"https:\\\/\\\/172.31.172.52:8080\\\/#organization\",\"name\":\"WiFiMap\",\"url\":\"https:\\\/\\\/172.31.172.52:8080\\\/\",\"logo\":{\"@type\":\"ImageObject\",\"inLanguage\":\"de-DE\",\"@id\":\"https:\\\/\\\/172.31.172.52:8080\\\/#\\\/schema\\\/logo\\\/image\\\/\",\"url\":\"https:\\\/\\\/blog.wifimap.io\\\/wp-content\\\/uploads\\\/2018\\\/12\\\/logo@2x.png\",\"contentUrl\":\"https:\\\/\\\/blog.wifimap.io\\\/wp-content\\\/uploads\\\/2018\\\/12\\\/logo@2x.png\",\"width\":320,\"height\":70,\"caption\":\"WiFiMap\"},\"image\":{\"@id\":\"https:\\\/\\\/172.31.172.52:8080\\\/#\\\/schema\\\/logo\\\/image\\\/\"},\"sameAs\":[\"https:\\\/\\\/www.facebook.com\\\/wifimap.io\\\/\"]}]}<\/script>\n<!-- \/ Yoast SEO plugin. -->","yoast_head_json":{"title":"Countries (Online map)","robots":{"index":"noindex","follow":"nofollow"},"og_locale":"de_DE","og_type":"article","og_title":"[:en]Countries (Online map)[:ru]Countries (Online map)[:de]Countries (Online map)[:fr]Countries (Online map)[:pt]Countries (Online map)[:es]Countries (Online map)[:id]Countries (Online map)[:] - WiFi Map Blog","og_url":"https:\/\/blog.wifimap.io\/de\/countries\/","og_site_name":"WiFi Map Blog","article_publisher":"https:\/\/www.facebook.com\/wifimap.io\/","article_modified_time":"2020-10-12T12:45:59+00:00","twitter_card":"summary_large_image","schema":{"@context":"https:\/\/schema.org","@graph":[{"@type":"WebPage","@id":"https:\/\/blog.wifimap.io\/countries\/","url":"https:\/\/blog.wifimap.io\/countries\/","name":"Countries (Online map)","isPartOf":{"@id":"https:\/\/172.31.172.52:8080\/#website"},"datePublished":"2020-03-26T15:04:14+00:00","dateModified":"2020-10-12T12:45:59+00:00","breadcrumb":{"@id":"https:\/\/blog.wifimap.io\/countries\/#breadcrumb"},"inLanguage":"de-DE","potentialAction":[{"@type":"ReadAction","target":["https:\/\/blog.wifimap.io\/countries\/"]}]},{"@type":"BreadcrumbList","@id":"https:\/\/blog.wifimap.io\/countries\/#breadcrumb","itemListElement":[{"@type":"ListItem","position":1,"name":"Home","item":"https:\/\/172.31.172.52:8080\/"},{"@type":"ListItem","position":2,"name":"Countries (Online map)"}]},{"@type":"WebSite","@id":"https:\/\/172.31.172.52:8080\/#website","url":"https:\/\/172.31.172.52:8080\/","name":"WiFiMap Blog","description":"WiFi Map Blog","publisher":{"@id":"https:\/\/172.31.172.52:8080\/#organization"},"potentialAction":[{"@type":"SearchAction","target":{"@type":"EntryPoint","urlTemplate":"https:\/\/172.31.172.52:8080\/?s={search_term_string}"},"query-input":{"@type":"PropertyValueSpecification","valueRequired":true,"valueName":"search_term_string"}}],"inLanguage":"de-DE"},{"@type":"Organization","@id":"https:\/\/172.31.172.52:8080\/#organization","name":"WiFiMap","url":"https:\/\/172.31.172.52:8080\/","logo":{"@type":"ImageObject","inLanguage":"de-DE","@id":"https:\/\/172.31.172.52:8080\/#\/schema\/logo\/image\/","url":"https:\/\/blog.wifimap.io\/wp-content\/uploads\/2018\/12\/logo@2x.png","contentUrl":"https:\/\/blog.wifimap.io\/wp-content\/uploads\/2018\/12\/logo@2x.png","width":320,"height":70,"caption":"WiFiMap"},"image":{"@id":"https:\/\/172.31.172.52:8080\/#\/schema\/logo\/image\/"},"sameAs":["https:\/\/www.facebook.com\/wifimap.io\/"]}]}},"_links":{"self":[{"href":"https:\/\/blog.wifimap.io\/de\/wp-json\/wp\/v2\/pages\/490","targetHints":{"allow":["GET"]}}],"collection":[{"href":"https:\/\/blog.wifimap.io\/de\/wp-json\/wp\/v2\/pages"}],"about":[{"href":"https:\/\/blog.wifimap.io\/de\/wp-json\/wp\/v2\/types\/page"}],"author":[{"embeddable":true,"href":"https:\/\/blog.wifimap.io\/de\/wp-json\/wp\/v2\/users\/1"}],"replies":[{"embeddable":true,"href":"https:\/\/blog.wifimap.io\/de\/wp-json\/wp\/v2\/comments?post=490"}],"version-history":[{"count":39,"href":"https:\/\/blog.wifimap.io\/de\/wp-json\/wp\/v2\/pages\/490\/revisions"}],"predecessor-version":[{"id":3164,"href":"https:\/\/blog.wifimap.io\/de\/wp-json\/wp\/v2\/pages\/490\/revisions\/3164"}],"wp:attachment":[{"href":"https:\/\/blog.wifimap.io\/de\/wp-json\/wp\/v2\/media?parent=490"}],"curies":[{"name":"wp","href":"https:\/\/api.w.org\/{rel}","templated":true}]}}