{"id":476,"date":"2020-03-26T14:54:47","date_gmt":"2020-03-26T14:54:47","guid":{"rendered":"https:\/\/blog.wifimap.io\/ru\/?page_id=476"},"modified":"2020-10-12T14:31:14","modified_gmt":"2020-10-12T14:31:14","slug":"developer","status":"publish","type":"page","link":"https:\/\/blog.wifimap.io\/de\/developer\/","title":{"rendered":"Developer"},"content":{"rendered":""},"excerpt":{"rendered":"","protected":false},"author":1,"featured_media":0,"parent":0,"menu_order":0,"comment_status":"closed","ping_status":"closed","template":"","meta":{"_acf_changed":false,"footnotes":""},"class_list":["post-476","page","type-page","status-publish","hentry"],"acf":{"main_title":"Erhalten SDK\/API","main_subtitle":"#1 Quelle f\u00fcr vertrauensw\u00fcrdige WLAN-Daten","main_description":"Wir verbinden unsere Nutzer zu kostenfreiem WLAN - du erh\u00e4ltst all die Vorteile!","block_title":"Bringen Sie die Funktionalit\u00e4t von WiFi Map zu Ihren Benutzern","meta_keywords":"kostenfreies WLAN, WiFi Map, WiFi Passwort, kostenfreie WLAN-Netzwerke, kostenfreie WLAN-Hotspots","og_title":"WiFi Map - Holen SDK\/API","og_descr":"Wir verbinden unsere Nutzer zu kostenfreiem WLAN - du erh\u00e4ltst all die Vorteile!","title":"WiFi Map - Holen SDK\/API","description":"Wir verbinden unsere Nutzer zu kostenfreiem WLAN - du erh\u00e4ltst all die Vorteile!","get_our_sdk":"Holen Sie sich unser SDK","get_sdkapi":"Erhalten SDK\/API","features_title":"Merkmale","features_point_1":"Alle nahgelegenen WLANs anzeigen","features_point_2":"Standorte Echtzeits-WLAN-Updates","features_point_3":"Nur verifiziertes WLAN","benefits_title":"Vorteile","benefits_point_1":"Wir senken Ihre Internetkosten","benefits_point_2":"Anstieg des Nutzerengagements garantiert","integration_title":"Einfache Integrierung","integration_point_1":"Verf\u00fcgbar f\u00fcr iOS, Android, Web","integration_point_2":"Nur 30 Minuten, um unser SDK zu integrieren","cloud_phrase":"Von Entwicklern f\u00fcr Entwickler"},"yoast_head":"<!-- This site is optimized with the Yoast SEO plugin v27.6 - https:\/\/yoast.com\/product\/yoast-seo-wordpress\/ -->\n<title>Developer<\/title>\n<meta name=\"robots\" content=\"noindex, nofollow\" \/>\n<meta property=\"og:locale\" content=\"de_DE\" \/>\n<meta property=\"og:locale:alternate\" content=\"en_US\" \/>\n<meta property=\"og:locale:alternate\" content=\"ru_RU\" \/>\n<meta property=\"og:locale:alternate\" content=\"fr_FR\" \/>\n<meta property=\"og:locale:alternate\" content=\"pt_PT\" \/>\n<meta property=\"og:locale:alternate\" content=\"es-ES\" \/>\n<meta property=\"og:locale:alternate\" content=\"in_ID\" \/>\n<meta property=\"og:type\" content=\"article\" \/>\n<meta property=\"og:title\" content=\"Developer\" \/>\n<meta property=\"og:url\" content=\"https:\/\/blog.wifimap.io\/de\/developer\/\" \/>\n<meta property=\"og:site_name\" content=\"WiFi Map Blog\" \/>\n<meta property=\"article:publisher\" content=\"https:\/\/www.facebook.com\/wifimap.io\/\" \/>\n<meta property=\"article:modified_time\" content=\"2020-10-12T14:31:14+00:00\" \/>\n<meta name=\"twitter:card\" content=\"summary_large_image\" \/>\n<script type=\"application\/ld+json\" class=\"yoast-schema-graph\">{\"@context\":\"https:\\\/\\\/schema.org\",\"@graph\":[{\"@type\":\"WebPage\",\"@id\":\"https:\\\/\\\/blog.wifimap.io\\\/de\\\/developer\\\/\",\"url\":\"https:\\\/\\\/blog.wifimap.io\\\/de\\\/developer\\\/\",\"name\":\"Developer\",\"isPartOf\":{\"@id\":\"https:\\\/\\\/blog.wifimap.io\\\/#website\"},\"datePublished\":\"2020-03-26T14:54:47+00:00\",\"dateModified\":\"2020-10-12T14:31:14+00:00\",\"breadcrumb\":{\"@id\":\"https:\\\/\\\/blog.wifimap.io\\\/de\\\/developer\\\/#breadcrumb\"},\"inLanguage\":\"de-DE\",\"potentialAction\":[{\"@type\":\"ReadAction\",\"target\":[\"https:\\\/\\\/blog.wifimap.io\\\/de\\\/developer\\\/\"]}]},{\"@type\":\"BreadcrumbList\",\"@id\":\"https:\\\/\\\/blog.wifimap.io\\\/de\\\/developer\\\/#breadcrumb\",\"itemListElement\":[{\"@type\":\"ListItem\",\"position\":1,\"name\":\"Home\",\"item\":\"https:\\\/\\\/blog.wifimap.io\\\/\"},{\"@type\":\"ListItem\",\"position\":2,\"name\":\"Developer\"}]},{\"@type\":\"WebSite\",\"@id\":\"https:\\\/\\\/blog.wifimap.io\\\/#website\",\"url\":\"https:\\\/\\\/blog.wifimap.io\\\/\",\"name\":\"WiFiMap Blog\",\"description\":\"WiFi Map Blog\",\"publisher\":{\"@id\":\"https:\\\/\\\/blog.wifimap.io\\\/#organization\"},\"potentialAction\":[{\"@type\":\"SearchAction\",\"target\":{\"@type\":\"EntryPoint\",\"urlTemplate\":\"https:\\\/\\\/blog.wifimap.io\\\/?s={search_term_string}\"},\"query-input\":{\"@type\":\"PropertyValueSpecification\",\"valueRequired\":true,\"valueName\":\"search_term_string\"}}],\"inLanguage\":\"de-DE\"},{\"@type\":\"Organization\",\"@id\":\"https:\\\/\\\/blog.wifimap.io\\\/#organization\",\"name\":\"WiFiMap\",\"url\":\"https:\\\/\\\/blog.wifimap.io\\\/\",\"logo\":{\"@type\":\"ImageObject\",\"inLanguage\":\"de-DE\",\"@id\":\"https:\\\/\\\/blog.wifimap.io\\\/#\\\/schema\\\/logo\\\/image\\\/\",\"url\":\"https:\\\/\\\/blog.wifimap.io\\\/wp-content\\\/uploads\\\/2018\\\/12\\\/logo@2x.png\",\"contentUrl\":\"https:\\\/\\\/blog.wifimap.io\\\/wp-content\\\/uploads\\\/2018\\\/12\\\/logo@2x.png\",\"width\":320,\"height\":70,\"caption\":\"WiFiMap\"},\"image\":{\"@id\":\"https:\\\/\\\/blog.wifimap.io\\\/#\\\/schema\\\/logo\\\/image\\\/\"},\"sameAs\":[\"https:\\\/\\\/www.facebook.com\\\/wifimap.io\\\/\"]}]}<\/script>\n<!-- \/ Yoast SEO plugin. -->","yoast_head_json":{"title":"Developer","robots":{"index":"noindex","follow":"nofollow"},"og_locale":"de_DE","og_type":"article","og_title":"[:en]Developer[:ru]Developer[:de]Developer[:fr]Developer[:pt]Developer[:es]Developer[:id]Developer[:] - WiFi Map Blog","og_url":"https:\/\/blog.wifimap.io\/de\/developer\/","og_site_name":"WiFi Map Blog","article_publisher":"https:\/\/www.facebook.com\/wifimap.io\/","article_modified_time":"2020-10-12T14:31:14+00:00","twitter_card":"summary_large_image","schema":{"@context":"https:\/\/schema.org","@graph":[{"@type":"WebPage","@id":"https:\/\/blog.wifimap.io\/de\/developer\/","url":"https:\/\/blog.wifimap.io\/de\/developer\/","name":"Developer","isPartOf":{"@id":"https:\/\/blog.wifimap.io\/#website"},"datePublished":"2020-03-26T14:54:47+00:00","dateModified":"2020-10-12T14:31:14+00:00","breadcrumb":{"@id":"https:\/\/blog.wifimap.io\/de\/developer\/#breadcrumb"},"inLanguage":"de-DE","potentialAction":[{"@type":"ReadAction","target":["https:\/\/blog.wifimap.io\/de\/developer\/"]}]},{"@type":"BreadcrumbList","@id":"https:\/\/blog.wifimap.io\/de\/developer\/#breadcrumb","itemListElement":[{"@type":"ListItem","position":1,"name":"Home","item":"https:\/\/blog.wifimap.io\/"},{"@type":"ListItem","position":2,"name":"Developer"}]},{"@type":"WebSite","@id":"https:\/\/blog.wifimap.io\/#website","url":"https:\/\/blog.wifimap.io\/","name":"WiFiMap Blog","description":"WiFi Map Blog","publisher":{"@id":"https:\/\/blog.wifimap.io\/#organization"},"potentialAction":[{"@type":"SearchAction","target":{"@type":"EntryPoint","urlTemplate":"https:\/\/blog.wifimap.io\/?s={search_term_string}"},"query-input":{"@type":"PropertyValueSpecification","valueRequired":true,"valueName":"search_term_string"}}],"inLanguage":"de-DE"},{"@type":"Organization","@id":"https:\/\/blog.wifimap.io\/#organization","name":"WiFiMap","url":"https:\/\/blog.wifimap.io\/","logo":{"@type":"ImageObject","inLanguage":"de-DE","@id":"https:\/\/blog.wifimap.io\/#\/schema\/logo\/image\/","url":"https:\/\/blog.wifimap.io\/wp-content\/uploads\/2018\/12\/logo@2x.png","contentUrl":"https:\/\/blog.wifimap.io\/wp-content\/uploads\/2018\/12\/logo@2x.png","width":320,"height":70,"caption":"WiFiMap"},"image":{"@id":"https:\/\/blog.wifimap.io\/#\/schema\/logo\/image\/"},"sameAs":["https:\/\/www.facebook.com\/wifimap.io\/"]}]}},"_links":{"self":[{"href":"https:\/\/blog.wifimap.io\/de\/wp-json\/wp\/v2\/pages\/476","targetHints":{"allow":["GET"]}}],"collection":[{"href":"https:\/\/blog.wifimap.io\/de\/wp-json\/wp\/v2\/pages"}],"about":[{"href":"https:\/\/blog.wifimap.io\/de\/wp-json\/wp\/v2\/types\/page"}],"author":[{"embeddable":true,"href":"https:\/\/blog.wifimap.io\/de\/wp-json\/wp\/v2\/users\/1"}],"replies":[{"embeddable":true,"href":"https:\/\/blog.wifimap.io\/de\/wp-json\/wp\/v2\/comments?post=476"}],"version-history":[{"count":29,"href":"https:\/\/blog.wifimap.io\/de\/wp-json\/wp\/v2\/pages\/476\/revisions"}],"predecessor-version":[{"id":3170,"href":"https:\/\/blog.wifimap.io\/de\/wp-json\/wp\/v2\/pages\/476\/revisions\/3170"}],"wp:attachment":[{"href":"https:\/\/blog.wifimap.io\/de\/wp-json\/wp\/v2\/media?parent=476"}],"curies":[{"name":"wp","href":"https:\/\/api.w.org\/{rel}","templated":true}]}}