{"id":1210,"date":"2020-04-13T13:04:32","date_gmt":"2020-04-13T13:04:32","guid":{"rendered":"https:\/\/blog.wifimap.io\/?page_id=1210"},"modified":"2020-09-29T16:19:03","modified_gmt":"2020-09-29T16:19:03","slug":"city","status":"publish","type":"page","link":"https:\/\/blog.wifimap.io\/de\/city\/","title":{"rendered":"City"},"content":{"rendered":""},"excerpt":{"rendered":"","protected":false},"author":1,"featured_media":0,"parent":0,"menu_order":0,"comment_status":"closed","ping_status":"closed","template":"","meta":{"_acf_changed":false,"footnotes":""},"class_list":["post-1210","page","type-page","status-publish","hentry"],"acf":{"og_title":"WiFi Map - #1 WiFi Finder","og_descr":"Verbinden Sie sich zu allen kostenfreien WLAN-Hotspots auf der Welt mithilfe der WiFi Map App!","meta_keywords":"kostenfreies WLAN, WiFi Map, WiFi Passwort, kostenfreie WLAN-Netzwerke, kostenfreie WLAN-Hotspots","title":"WiFi Map - #1 WiFi Finder","description":"Verbinden Sie sich zu allen kostenfreien WLAN-Hotspots auf der Welt mithilfe der WiFi Map App!","usu":"Nutzen! Teilen! Updaten!","love_free_wifi":"Wenn Sie kostenfreies WLAN genauso lieben wie wir und anderen bei der Suche nach kostenfreiem und zuverl\u00e4ssigem WLAN helfen wollen, dann sind Sie hier genau richtig. Richtige Menschen f\u00fcgen Millionen neuer WLANs hinzu, und das k\u00f6nnen Sie auch!","learn_more":"Mehr \u00fcber WiFi Map erfahren","can_get_open":"Wo Sie \u00f6ffentlich zug\u00e4ngliches Internet bekommen k\u00f6nnen","cities_near":"St\u00e4dte mit kostenfreiem WLAN in der N\u00e4he","free_wifis":"Kostenfreie WLANs","free_wifis_in":"Kostenfreie WLANs in","connect_with":"Mit den besten WLAN-Hotspots verbinden in","expand":"Erweitern","features":"WiFi Map Features","finder":"WiFi Finder","our_wifi_finder":"Unsere WiFi Finder App erleichtert das Auffinden von und den Anschluss an kostenlose WLAN-Netzwerke, sodass Sie auch unterwegs schnell und zuverl\u00e4ssig im Internet surfen k\u00f6nnen, sei es beim Einkaufen, Essen oder auf Reisen.","offline_maps":"Offline Karten","download_areas":"Umgebungen herunterladen und offline navigieren. Wenn Sie dorthin reisen, wo das Internet langsam ist, mobile Daten teuer sind oder Sie nicht online gehen k\u00f6nnen, k\u00f6nnen Sie eine Umgebung von WiFi Map auf Ihrem Handy oder Tablet speichern und ihn nutzen, wenn Sie offline sind.","data_saver":"Daten-Schoner","use_less_data":"Nutzen Sie weniger Daten mit Wifi Map's Daten-Schoner. Sie k\u00f6nnen Ihre Handyrechnung reduzieren oder Webseiten bei langsamer Verbindung schneller laden und dabei die von Ihrem Handy verbrauchte Datenmenge reduzieren.","vpn":"VPN","offers":"WiFi Map bietet privaten Internetzugang f\u00fcr Ihre Sicherheit und Privatsph\u00e4re. VPN ist ein virtuelles privates Netzwerk, das Ihnen eine sichere Verbindung zwischen Ihrem Ger\u00e4t und einem Internet-Server erm\u00f6glicht, so dass niemand die Daten, die Sie austauschen, \u00fcberwachen oder darauf zugreifen kann.","more":"Mehr mit der WiFi Map App erhalten","loading":"Laden","cities_near_in":"St\u00e4dte mit kostenfreiem WLAN in","show_all_cities":"Alle St\u00e4dte anzeigen","where_open_internet":"Wo Sie \u00f6ffentlich zug\u00e4ngliches Internet bekommen k\u00f6nnen"},"yoast_head":"<!-- This site is optimized with the Yoast SEO plugin v27.3 - https:\/\/yoast.com\/product\/yoast-seo-wordpress\/ -->\n<title>City<\/title>\n<meta name=\"robots\" content=\"noindex, nofollow\" \/>\n<meta property=\"og:locale\" content=\"de_DE\" \/>\n<meta property=\"og:locale:alternate\" content=\"en_US\" \/>\n<meta property=\"og:locale:alternate\" content=\"ru_RU\" \/>\n<meta property=\"og:locale:alternate\" content=\"fr_FR\" \/>\n<meta property=\"og:locale:alternate\" content=\"pt_PT\" \/>\n<meta property=\"og:locale:alternate\" content=\"es-ES\" \/>\n<meta property=\"og:locale:alternate\" content=\"in_ID\" \/>\n<meta property=\"og:type\" content=\"article\" \/>\n<meta property=\"og:title\" content=\"City\" \/>\n<meta property=\"og:url\" content=\"https:\/\/blog.wifimap.io\/de\/city\/\" \/>\n<meta property=\"og:site_name\" content=\"WiFi Map Blog\" \/>\n<meta property=\"article:publisher\" content=\"https:\/\/www.facebook.com\/wifimap.io\/\" \/>\n<meta property=\"article:modified_time\" content=\"2020-09-29T16:19:03+00:00\" \/>\n<meta name=\"twitter:card\" content=\"summary_large_image\" \/>\n<script type=\"application\/ld+json\" class=\"yoast-schema-graph\">{\"@context\":\"https:\\\/\\\/schema.org\",\"@graph\":[{\"@type\":\"WebPage\",\"@id\":\"https:\\\/\\\/blog.wifimap.io\\\/city\\\/\",\"url\":\"https:\\\/\\\/blog.wifimap.io\\\/city\\\/\",\"name\":\"City\",\"isPartOf\":{\"@id\":\"https:\\\/\\\/blog.wifimap.io\\\/#website\"},\"datePublished\":\"2020-04-13T13:04:32+00:00\",\"dateModified\":\"2020-09-29T16:19:03+00:00\",\"breadcrumb\":{\"@id\":\"https:\\\/\\\/blog.wifimap.io\\\/city\\\/#breadcrumb\"},\"inLanguage\":\"de-DE\",\"potentialAction\":[{\"@type\":\"ReadAction\",\"target\":[\"https:\\\/\\\/blog.wifimap.io\\\/city\\\/\"]}]},{\"@type\":\"BreadcrumbList\",\"@id\":\"https:\\\/\\\/blog.wifimap.io\\\/city\\\/#breadcrumb\",\"itemListElement\":[{\"@type\":\"ListItem\",\"position\":1,\"name\":\"Home\",\"item\":\"https:\\\/\\\/blog.wifimap.io\\\/\"},{\"@type\":\"ListItem\",\"position\":2,\"name\":\"City\"}]},{\"@type\":\"WebSite\",\"@id\":\"https:\\\/\\\/blog.wifimap.io\\\/#website\",\"url\":\"https:\\\/\\\/blog.wifimap.io\\\/\",\"name\":\"WiFiMap Blog\",\"description\":\"WiFi Map Blog\",\"publisher\":{\"@id\":\"https:\\\/\\\/blog.wifimap.io\\\/#organization\"},\"potentialAction\":[{\"@type\":\"SearchAction\",\"target\":{\"@type\":\"EntryPoint\",\"urlTemplate\":\"https:\\\/\\\/blog.wifimap.io\\\/?s={search_term_string}\"},\"query-input\":{\"@type\":\"PropertyValueSpecification\",\"valueRequired\":true,\"valueName\":\"search_term_string\"}}],\"inLanguage\":\"de-DE\"},{\"@type\":\"Organization\",\"@id\":\"https:\\\/\\\/blog.wifimap.io\\\/#organization\",\"name\":\"WiFiMap\",\"url\":\"https:\\\/\\\/blog.wifimap.io\\\/\",\"logo\":{\"@type\":\"ImageObject\",\"inLanguage\":\"de-DE\",\"@id\":\"https:\\\/\\\/blog.wifimap.io\\\/#\\\/schema\\\/logo\\\/image\\\/\",\"url\":\"https:\\\/\\\/blog.wifimap.io\\\/wp-content\\\/uploads\\\/2018\\\/12\\\/logo@2x.png\",\"contentUrl\":\"https:\\\/\\\/blog.wifimap.io\\\/wp-content\\\/uploads\\\/2018\\\/12\\\/logo@2x.png\",\"width\":320,\"height\":70,\"caption\":\"WiFiMap\"},\"image\":{\"@id\":\"https:\\\/\\\/blog.wifimap.io\\\/#\\\/schema\\\/logo\\\/image\\\/\"},\"sameAs\":[\"https:\\\/\\\/www.facebook.com\\\/wifimap.io\\\/\"]}]}<\/script>\n<!-- \/ Yoast SEO plugin. -->","yoast_head_json":{"title":"City","robots":{"index":"noindex","follow":"nofollow"},"og_locale":"de_DE","og_type":"article","og_title":"[:en]City[:ru]City[:de]City[:fr]City[:pt]City[:es]City[:id]City[:] - WiFi Map Blog","og_url":"https:\/\/blog.wifimap.io\/de\/city\/","og_site_name":"WiFi Map Blog","article_publisher":"https:\/\/www.facebook.com\/wifimap.io\/","article_modified_time":"2020-09-29T16:19:03+00:00","twitter_card":"summary_large_image","schema":{"@context":"https:\/\/schema.org","@graph":[{"@type":"WebPage","@id":"https:\/\/blog.wifimap.io\/city\/","url":"https:\/\/blog.wifimap.io\/city\/","name":"City","isPartOf":{"@id":"https:\/\/blog.wifimap.io\/#website"},"datePublished":"2020-04-13T13:04:32+00:00","dateModified":"2020-09-29T16:19:03+00:00","breadcrumb":{"@id":"https:\/\/blog.wifimap.io\/city\/#breadcrumb"},"inLanguage":"de-DE","potentialAction":[{"@type":"ReadAction","target":["https:\/\/blog.wifimap.io\/city\/"]}]},{"@type":"BreadcrumbList","@id":"https:\/\/blog.wifimap.io\/city\/#breadcrumb","itemListElement":[{"@type":"ListItem","position":1,"name":"Home","item":"https:\/\/blog.wifimap.io\/"},{"@type":"ListItem","position":2,"name":"City"}]},{"@type":"WebSite","@id":"https:\/\/blog.wifimap.io\/#website","url":"https:\/\/blog.wifimap.io\/","name":"WiFiMap Blog","description":"WiFi Map Blog","publisher":{"@id":"https:\/\/blog.wifimap.io\/#organization"},"potentialAction":[{"@type":"SearchAction","target":{"@type":"EntryPoint","urlTemplate":"https:\/\/blog.wifimap.io\/?s={search_term_string}"},"query-input":{"@type":"PropertyValueSpecification","valueRequired":true,"valueName":"search_term_string"}}],"inLanguage":"de-DE"},{"@type":"Organization","@id":"https:\/\/blog.wifimap.io\/#organization","name":"WiFiMap","url":"https:\/\/blog.wifimap.io\/","logo":{"@type":"ImageObject","inLanguage":"de-DE","@id":"https:\/\/blog.wifimap.io\/#\/schema\/logo\/image\/","url":"https:\/\/blog.wifimap.io\/wp-content\/uploads\/2018\/12\/logo@2x.png","contentUrl":"https:\/\/blog.wifimap.io\/wp-content\/uploads\/2018\/12\/logo@2x.png","width":320,"height":70,"caption":"WiFiMap"},"image":{"@id":"https:\/\/blog.wifimap.io\/#\/schema\/logo\/image\/"},"sameAs":["https:\/\/www.facebook.com\/wifimap.io\/"]}]}},"_links":{"self":[{"href":"https:\/\/blog.wifimap.io\/de\/wp-json\/wp\/v2\/pages\/1210","targetHints":{"allow":["GET"]}}],"collection":[{"href":"https:\/\/blog.wifimap.io\/de\/wp-json\/wp\/v2\/pages"}],"about":[{"href":"https:\/\/blog.wifimap.io\/de\/wp-json\/wp\/v2\/types\/page"}],"author":[{"embeddable":true,"href":"https:\/\/blog.wifimap.io\/de\/wp-json\/wp\/v2\/users\/1"}],"replies":[{"embeddable":true,"href":"https:\/\/blog.wifimap.io\/de\/wp-json\/wp\/v2\/comments?post=1210"}],"version-history":[{"count":31,"href":"https:\/\/blog.wifimap.io\/de\/wp-json\/wp\/v2\/pages\/1210\/revisions"}],"predecessor-version":[{"id":2660,"href":"https:\/\/blog.wifimap.io\/de\/wp-json\/wp\/v2\/pages\/1210\/revisions\/2660"}],"wp:attachment":[{"href":"https:\/\/blog.wifimap.io\/de\/wp-json\/wp\/v2\/media?parent=1210"}],"curies":[{"name":"wp","href":"https:\/\/api.w.org\/{rel}","templated":true}]}}