{"id":1156,"date":"2020-04-10T14:05:30","date_gmt":"2020-04-10T14:05:30","guid":{"rendered":"https:\/\/blog.wifimap.io\/?page_id=1156"},"modified":"2021-01-27T11:27:40","modified_gmt":"2021-01-27T11:27:40","slug":"payment","status":"publish","type":"page","link":"https:\/\/blog.wifimap.io\/de\/payment\/","title":{"rendered":"Payment"},"content":{"rendered":""},"excerpt":{"rendered":"","protected":false},"author":1,"featured_media":0,"parent":0,"menu_order":0,"comment_status":"closed","ping_status":"closed","template":"","meta":{"_acf_changed":false,"footnotes":""},"class_list":["post-1156","page","type-page","status-publish","hentry"],"acf":{"og_title":"WiFi Map - #1 WiFi Finder","og_descr":"Verbinden Sie sich zu allen kostenfreien WLAN-Hotspots auf der Welt mithilfe der WiFi Map App!","meta_keywords":"kostenfreies WLAN, WiFi Map, WiFi Passwort, kostenfreie WLAN-Netzwerke, kostenfreie WLAN-Hotspots","title":"WiFi Map - #1 WiFi Finder","description":"Verbinden Sie sich zu allen kostenfreien WLAN-Hotspots auf der Welt mithilfe der WiFi Map App!","register":"Registrieren","register_new_account":"Neues Konto anlegen","register_an_account":"Einen Account registrieren","sign_in_with_email":"Einloggen mit E-Mail","name_or_nickname":"Name oder Spitzname","your_email":"Ihre E-Mail","password":"Passwort","sign_in":"Einloggen","or_with_email":"oder mit der E-Mail","payment_details":"Zahlungsdetails","cardholders_name":"Name des Karteninhabers","expired_date":"Ablaufdatum","payment_is_success":"Gl\u00fcckwunsch! Die Zahlung war erfolgreich!","cvv_code_located":"Kartenpr\u00fcfnummer auf Kartenr\u00fcckseite","please_wait":"Bitte waren","upgrade_to_pro":"Upgrade auf Pro","with_pro_you_get":"Mit PRO erhalten Sie","account_details":"Account Details","sign_in_or_sign_up_to_get_pro":"Melden Sie sich an oder registrieren Sie sich um PRO zu erhalten","use_social_network_account":"Account aus dem sozialen Netzwerk verwenden","by_creating_an_account":"Durch das Erstellen eines Accounts akzeptieren Sie unsere","terms_of_service":"Nutzungsbedingungen","and":"und","privacy_policy":"Datenschutzerkl\u00e4rung","or":"oder","discount_title":"30 % Rabatt","crossed_price":"$29.99","price_big_text":"$19.99\/Jahr","price_small_text":"oder $1.66\/Monat! Das beste Angebot!","with_pro_point_1":"Kostenfreies Internet","with_pro_point_2":"Schnelle Verbindung","with_pro_point_3":"Offline Karten","with_pro_point_4":"Keine Werbung","log_out":"Ausloggen","small_text":"","per_year":"","pro_version_text":"Get PRO version with 20% OFF"},"yoast_head":"<!-- This site is optimized with the Yoast SEO plugin v27.3 - https:\/\/yoast.com\/product\/yoast-seo-wordpress\/ -->\n<title>Payment<\/title>\n<meta name=\"robots\" content=\"noindex, nofollow\" \/>\n<meta property=\"og:locale\" content=\"de_DE\" \/>\n<meta property=\"og:locale:alternate\" content=\"en_US\" \/>\n<meta property=\"og:locale:alternate\" content=\"ru_RU\" \/>\n<meta property=\"og:locale:alternate\" content=\"fr_FR\" \/>\n<meta property=\"og:locale:alternate\" content=\"pt_PT\" \/>\n<meta property=\"og:locale:alternate\" content=\"es-ES\" \/>\n<meta property=\"og:locale:alternate\" content=\"in_ID\" \/>\n<meta property=\"og:type\" content=\"article\" \/>\n<meta property=\"og:title\" content=\"Payment\" \/>\n<meta property=\"og:url\" content=\"https:\/\/blog.wifimap.io\/de\/payment\/\" \/>\n<meta property=\"og:site_name\" content=\"WiFi Map Blog\" \/>\n<meta property=\"article:publisher\" content=\"https:\/\/www.facebook.com\/wifimap.io\/\" \/>\n<meta property=\"article:modified_time\" content=\"2021-01-27T11:27:40+00:00\" \/>\n<meta name=\"twitter:card\" content=\"summary_large_image\" \/>\n<script type=\"application\/ld+json\" class=\"yoast-schema-graph\">{\"@context\":\"https:\\\/\\\/schema.org\",\"@graph\":[{\"@type\":\"WebPage\",\"@id\":\"https:\\\/\\\/blog.wifimap.io\\\/fr\\\/payment\\\/\",\"url\":\"https:\\\/\\\/blog.wifimap.io\\\/fr\\\/payment\\\/\",\"name\":\"Payment\",\"isPartOf\":{\"@id\":\"https:\\\/\\\/172.31.160.186:8080\\\/#website\"},\"datePublished\":\"2020-04-10T14:05:30+00:00\",\"dateModified\":\"2021-01-27T11:27:40+00:00\",\"breadcrumb\":{\"@id\":\"https:\\\/\\\/blog.wifimap.io\\\/fr\\\/payment\\\/#breadcrumb\"},\"inLanguage\":\"de-DE\",\"potentialAction\":[{\"@type\":\"ReadAction\",\"target\":[\"https:\\\/\\\/blog.wifimap.io\\\/fr\\\/payment\\\/\"]}]},{\"@type\":\"BreadcrumbList\",\"@id\":\"https:\\\/\\\/blog.wifimap.io\\\/fr\\\/payment\\\/#breadcrumb\",\"itemListElement\":[{\"@type\":\"ListItem\",\"position\":1,\"name\":\"Home\",\"item\":\"https:\\\/\\\/172.31.160.186:8080\\\/\"},{\"@type\":\"ListItem\",\"position\":2,\"name\":\"Payment\"}]},{\"@type\":\"WebSite\",\"@id\":\"https:\\\/\\\/172.31.160.186:8080\\\/#website\",\"url\":\"https:\\\/\\\/172.31.160.186:8080\\\/\",\"name\":\"WiFiMap Blog\",\"description\":\"WiFi Map Blog\",\"publisher\":{\"@id\":\"https:\\\/\\\/172.31.160.186:8080\\\/#organization\"},\"potentialAction\":[{\"@type\":\"SearchAction\",\"target\":{\"@type\":\"EntryPoint\",\"urlTemplate\":\"https:\\\/\\\/172.31.160.186:8080\\\/?s={search_term_string}\"},\"query-input\":{\"@type\":\"PropertyValueSpecification\",\"valueRequired\":true,\"valueName\":\"search_term_string\"}}],\"inLanguage\":\"de-DE\"},{\"@type\":\"Organization\",\"@id\":\"https:\\\/\\\/172.31.160.186:8080\\\/#organization\",\"name\":\"WiFiMap\",\"url\":\"https:\\\/\\\/172.31.160.186:8080\\\/\",\"logo\":{\"@type\":\"ImageObject\",\"inLanguage\":\"de-DE\",\"@id\":\"https:\\\/\\\/172.31.160.186:8080\\\/#\\\/schema\\\/logo\\\/image\\\/\",\"url\":\"https:\\\/\\\/blog.wifimap.io\\\/wp-content\\\/uploads\\\/2018\\\/12\\\/logo@2x.png\",\"contentUrl\":\"https:\\\/\\\/blog.wifimap.io\\\/wp-content\\\/uploads\\\/2018\\\/12\\\/logo@2x.png\",\"width\":320,\"height\":70,\"caption\":\"WiFiMap\"},\"image\":{\"@id\":\"https:\\\/\\\/172.31.160.186:8080\\\/#\\\/schema\\\/logo\\\/image\\\/\"},\"sameAs\":[\"https:\\\/\\\/www.facebook.com\\\/wifimap.io\\\/\"]}]}<\/script>\n<!-- \/ Yoast SEO plugin. -->","yoast_head_json":{"title":"Payment","robots":{"index":"noindex","follow":"nofollow"},"og_locale":"de_DE","og_type":"article","og_title":"[:en]Payment[:ru]Payment[:de]Payment[:fr]Payment[:pt]Payment[:es]Payment[:id]Payment[:] - WiFi Map Blog","og_url":"https:\/\/blog.wifimap.io\/de\/payment\/","og_site_name":"WiFi Map Blog","article_publisher":"https:\/\/www.facebook.com\/wifimap.io\/","article_modified_time":"2021-01-27T11:27:40+00:00","twitter_card":"summary_large_image","schema":{"@context":"https:\/\/schema.org","@graph":[{"@type":"WebPage","@id":"https:\/\/blog.wifimap.io\/fr\/payment\/","url":"https:\/\/blog.wifimap.io\/fr\/payment\/","name":"Payment","isPartOf":{"@id":"https:\/\/172.31.160.186:8080\/#website"},"datePublished":"2020-04-10T14:05:30+00:00","dateModified":"2021-01-27T11:27:40+00:00","breadcrumb":{"@id":"https:\/\/blog.wifimap.io\/fr\/payment\/#breadcrumb"},"inLanguage":"de-DE","potentialAction":[{"@type":"ReadAction","target":["https:\/\/blog.wifimap.io\/fr\/payment\/"]}]},{"@type":"BreadcrumbList","@id":"https:\/\/blog.wifimap.io\/fr\/payment\/#breadcrumb","itemListElement":[{"@type":"ListItem","position":1,"name":"Home","item":"https:\/\/172.31.160.186:8080\/"},{"@type":"ListItem","position":2,"name":"Payment"}]},{"@type":"WebSite","@id":"https:\/\/172.31.160.186:8080\/#website","url":"https:\/\/172.31.160.186:8080\/","name":"WiFiMap Blog","description":"WiFi Map Blog","publisher":{"@id":"https:\/\/172.31.160.186:8080\/#organization"},"potentialAction":[{"@type":"SearchAction","target":{"@type":"EntryPoint","urlTemplate":"https:\/\/172.31.160.186:8080\/?s={search_term_string}"},"query-input":{"@type":"PropertyValueSpecification","valueRequired":true,"valueName":"search_term_string"}}],"inLanguage":"de-DE"},{"@type":"Organization","@id":"https:\/\/172.31.160.186:8080\/#organization","name":"WiFiMap","url":"https:\/\/172.31.160.186:8080\/","logo":{"@type":"ImageObject","inLanguage":"de-DE","@id":"https:\/\/172.31.160.186:8080\/#\/schema\/logo\/image\/","url":"https:\/\/blog.wifimap.io\/wp-content\/uploads\/2018\/12\/logo@2x.png","contentUrl":"https:\/\/blog.wifimap.io\/wp-content\/uploads\/2018\/12\/logo@2x.png","width":320,"height":70,"caption":"WiFiMap"},"image":{"@id":"https:\/\/172.31.160.186:8080\/#\/schema\/logo\/image\/"},"sameAs":["https:\/\/www.facebook.com\/wifimap.io\/"]}]}},"_links":{"self":[{"href":"https:\/\/blog.wifimap.io\/de\/wp-json\/wp\/v2\/pages\/1156","targetHints":{"allow":["GET"]}}],"collection":[{"href":"https:\/\/blog.wifimap.io\/de\/wp-json\/wp\/v2\/pages"}],"about":[{"href":"https:\/\/blog.wifimap.io\/de\/wp-json\/wp\/v2\/types\/page"}],"author":[{"embeddable":true,"href":"https:\/\/blog.wifimap.io\/de\/wp-json\/wp\/v2\/users\/1"}],"replies":[{"embeddable":true,"href":"https:\/\/blog.wifimap.io\/de\/wp-json\/wp\/v2\/comments?post=1156"}],"version-history":[{"count":42,"href":"https:\/\/blog.wifimap.io\/de\/wp-json\/wp\/v2\/pages\/1156\/revisions"}],"predecessor-version":[{"id":3742,"href":"https:\/\/blog.wifimap.io\/de\/wp-json\/wp\/v2\/pages\/1156\/revisions\/3742"}],"wp:attachment":[{"href":"https:\/\/blog.wifimap.io\/de\/wp-json\/wp\/v2\/media?parent=1156"}],"curies":[{"name":"wp","href":"https:\/\/api.w.org\/{rel}","templated":true}]}}